{"id":29122,"date":"2017-11-16T10:55:33","date_gmt":"2017-11-16T10:55:33","guid":{"rendered":"http:\/\/estructurasarque.com\/politica-de-proteccion-de-datos\/"},"modified":"2019-02-21T14:31:29","modified_gmt":"2019-02-21T14:31:29","slug":"avertissement-legal-et-protection-des-donnees","status":"publish","type":"page","link":"https:\/\/estructurasarque.com\/fr\/avertissement-legal-et-protection-des-donnees\/","title":{"rendered":"Avertissement l\u00e9gal et protection des donn\u00e9es"},"content":{"rendered":"<p>[vc_row css=&#8221;.vc_custom_1481251098287{padding-top: 60px !important;}&#8221;][vc_column][vc_custom_heading text=&#8221;AVERTISSEMENT L\u00c9GAL ET PROTECTION DES DONN\u00c9ES&#8221; font_container=&#8221;tag:h1|text_align:center&#8221; google_fonts=&#8221;font_family:Open%20Sans%3A300%2C300italic%2Cregular%2Citalic%2C600%2C600italic%2C700%2C700italic%2C800%2C800italic|font_style:700%20bold%20regular%3A700%3Anormal&#8221; css=&#8221;.vc_custom_1517506359909{padding-top: 20px !important;border-radius: 2px !important;}&#8221;]<div data-id=\"mpc_divider-6369e39e9859e28\" class=\"mpc-divider-wrap\"><div class=\"mpc-divider mpc-init mpc-align--center \" ><div class=\"mpc-divider__line mpc-side--left\"><span><\/span><\/div><div class=\"mpc-divider__separator\"><div class=\"mpc-divider__content etl etl-search\"><\/div><\/div><div class=\"mpc-divider__line mpc-side--right\"><span><\/span><\/div><\/div><\/div>[vc_empty_space height=&#8221;20px&#8221;]<div id=\"mpc_textblock-5869e39e9859e7b\" class=\"mpc-textblock mpc-init \"><p><strong>RESPONSABLE DEL TRATAMIENTO DE LOS DATOS<\/strong><\/p>\n<p>El presente aviso e informaci\u00f3n legal regula el uso del servicio del portal de Internet bajo del dominio: https:\/\/estructurasarque.com<\/p>\n<p>&nbsp;<\/p>\n<p>En cumplimiento del deber de informaci\u00f3n que establece la Ley La 34\/2002, de 11 de julio, de Servicios de la Sociedad de la Informaci\u00f3n y del Comercio Electr\u00f3nico, le comunicamos que la presente web es titularidad de:<\/p>\n<p>&nbsp;<\/p>\n<p>ESTRUCTURAS ARQU\u00c9, S.L. (Responsable del Tratamiento), con CIF B62750021, y domicilio social en CARRETERA NACIONAL IIA, KM 448 &#8211; 25181 &#8211; SOSES &#8211; LLEIDA. Inscrito en el Registro Mercantil de BARCELONA, Tomo 34281, Folio 0098, Hoja B-241624, Inscripci\u00f3n 1\u00aa, Fecha 22-02-2002<\/p>\n<p><strong>\u00a0<\/strong><\/p>\n<p><u>Datos de Contacto: <\/u><\/p>\n<p>Tel\u00e9fono: 973790200<\/p>\n<p>e-Mail: info@estructurasarque.com<\/p>\n<p>&nbsp;<\/p>\n<p><strong>OBJETO<\/strong><\/p>\n<p>El Responsable pone a disposici\u00f3n de los usuarios el presente documento con el que pretende dar cumplimiento de lo dispuesto por la normativa vigente en materia de Protecci\u00f3n de Datos, y en el contexto del nuevo marco normativo establecido en virtud de lo dispuesto en el Reglamento (UE) 2016\/679 del Parlamento Europeo y del Consejo, de 27 de abril de 2016, relativo a la protecci\u00f3n de las personas f\u00edsicas en lo que respecta al tratamiento de datos personales y a la libre circulaci\u00f3n de estos datos (en adelante, el \u201cRGPD\u201d), y la normativa nacional Ley Org\u00e1nica 3\/2018, de 5 de diciembre, de Protecci\u00f3n de Datos Personales y Garant\u00eda de los Derechos Digitales (en adelante, el \u201cLOPDGDD\u201d), as\u00ed como informar a todos los usuarios del sitio web respecto a cu\u00e1les son las condiciones de uso del mismo.<\/p>\n<p>&nbsp;<\/p>\n<p>Toda persona que acceda a este sitio web asume el papel de usuario, comprometi\u00e9ndose a la observancia y cumplimiento riguroso de las disposiciones aqu\u00ed dispuestas, as\u00ed como a cualquier otra disposici\u00f3n legal que fuera de aplicaci\u00f3n.<\/p>\n<p>&nbsp;<\/p>\n<p>El Responsable se reserva el derecho a modificar cualquier tipo de informaci\u00f3n que pudiera aparecer en el sitio web, sin que exista obligaci\u00f3n de preavisar o poner en conocimiento de los usuarios dichas obligaciones, entendi\u00e9ndose como suficiente con la publicaci\u00f3n en el sitio web del Responsable.<\/p>\n<p><strong>\u00a0<\/strong><\/p>\n<p><strong>RESPONSABILIDAD<\/strong><\/p>\n<p>El Responsable se exime de cualquier tipo de responsabilidad derivada de la informaci\u00f3n publicada en su sitio web, siempre que esta informaci\u00f3n haya sido manipulada o introducida por un tercero ajeno al mismo.<\/p>\n<p><strong>\u00a0<\/strong><\/p>\n<p><strong>DIRECCIONES IP<\/strong><\/p>\n<p>Los servidores del sitio web podr\u00e1n detectar de manera autom\u00e1tica la direcci\u00f3n IP y el nombre de dominio utilizados por el usuario.<\/p>\n<p>&nbsp;<\/p>\n<p>Una direcci\u00f3n IP es un n\u00famero asignado autom\u00e1ticamente a un ordenador cuando \u00e9ste se conecta a Internet. Toda esta informaci\u00f3n es registrada en un fichero de actividad del servidor, debidamente inscrito, que permite el posterior procesamiento de los datos con el fin de obtener mediciones \u00fanicamente estad\u00edsticas que permitan conocer el n\u00famero de impresiones de p\u00e1ginas, el n\u00famero de visitas realizadas a los servidores web, el orden de visitas, el punto de acceso, etc.<\/p>\n<p><strong>\u00a0<\/strong><\/p>\n<p><strong>POLITICA DE ENLACES<\/strong><\/p>\n<p>Desde el presente sitio web es posible que se redirija a contenidos de terceros sitios web. Dado que El Responsable no puede controlar siempre los contenidos introducidos por los terceros en sus sitios web, \u00e9ste no asume ning\u00fan tipo de responsabilidad respecto a dichos contenidos. En todo caso, El Responsable manifiesta que proceder\u00e1 a la retirada inmediata de cualquier contenido que pudiera contravenir la legislaci\u00f3n nacional o internacional, la moral o el orden p\u00fablico, procediendo a la retirada inmediata de la redirecci\u00f3n a dicho sitio web, poniendo en conocimiento de las autoridades competentes el contenido en cuesti\u00f3n.<\/p>\n<p>&nbsp;<\/p>\n<p>El Responsable no se hace responsable de la informaci\u00f3n y contenidos almacenados, a t\u00edtulo enunciativo pero no limitativo, en foros, chat\u00b4s, generadores de blogs, comentarios, redes sociales o cualquier otro medio que permita a terceros publicar contenidos de forma independiente en la p\u00e1gina web del Responsable. No obstante y en cumplimiento de lo dispuesto en el art. 11 y 16 de la LSSICE, El Responsable se pone a disposici\u00f3n de todos los usuarios, autoridades y fuerzas de seguridad, colaborando de forma activa en la retirada o en su caso bloqueo de todos aquellos contenidos que pudieran afectar o contravenir la legislaci\u00f3n nacional, o internacional, derechos de terceros o la moral y el orden p\u00fablico. En caso de que el usuario considere que existe en el sitio web alg\u00fan contenido que pudiera ser susceptible de esta clasificaci\u00f3n, se ruega lo notifique de forma inmediata al administrador del sitio web.<\/p>\n<p>&nbsp;<\/p>\n<p>Este sitio web ha sido revisado y probado para que funcione correctamente. En principio, puede garantizarse el correcto funcionamiento los 365 d\u00edas del a\u00f1o, 24 horas al d\u00eda. No obstante, El Responsable no descarta la posibilidad de que existan ciertos errores de programaci\u00f3n, o que acontezcan causas de fuerza mayor, cat\u00e1strofes naturales, huelgas, o circunstancias semejantes que hagan imposible el acceso a la p\u00e1gina web.<\/p>\n<p><strong>\u00a0<\/strong><\/p>\n<p><strong>PROTECCI\u00d3N DE DATOS<\/strong><\/p>\n<p>El Responsable se encuentra profundamente comprometido en el cumplimiento de lo dispuesto por la normativa vigente en materia de protecci\u00f3n de datos, y en el contexto del nuevo marco normativo establecido en virtud de lo dispuesto en el Reglamento (UE) 2016\/679 del Parlamento Europeo y del Consejo, de 27 de abril de 2016, relativo a la protecci\u00f3n de las personas f\u00edsicas en lo que respecta al tratamiento de datos personales y a la libre circulaci\u00f3n de estos datos (en adelante, el \u201cRGPD\u201d), y la normativa Ley Org\u00e1nica 3\/2018, de 5 de diciembre, de Protecci\u00f3n de Datos Personales y garant\u00eda de los derechos digitales (en adelante, el \u201cLOPDGDD\u201d).<\/p>\n<p>&nbsp;<\/p>\n<p>Asimismo, El Responsable informa que da cumplimiento a la Ley 34\/2002 de 11 de julio, de Servicios de la Sociedad de la Informaci\u00f3n y el Comercio Electr\u00f3nico y le solicitar\u00e1 su consentimiento al tratamiento de sus datos con fines comerciales en cada momento.<\/p>\n<p><strong>\u00a0<\/strong><\/p>\n<p><strong>PROPIEDAD INTELECTUAL E INDUSTRIAL<\/strong><\/p>\n<p>El sitio web, incluyendo a t\u00edtulo enunciativo pero no limitativo su programaci\u00f3n, edici\u00f3n, compilaci\u00f3n y dem\u00e1s elementos necesarios para su funcionamiento, los dise\u00f1os, logotipos, texto y\/o gr\u00e1ficos son propiedad del Responsable o en su caso dispone de licencia o autorizaci\u00f3n expresa por parte de los autores.<\/p>\n<p>&nbsp;<\/p>\n<p>Todos los contenidos del sitio web se encuentran debidamente protegidos por la normativa de propiedad intelectual e industrial.<\/p>\n<p>&nbsp;<\/p>\n<p>Independientemente de la finalidad para la que fueran destinados, la reproducci\u00f3n total o parcial, uso, explotaci\u00f3n, distribuci\u00f3n y comercializaci\u00f3n, requiere en todo caso de la autorizaci\u00f3n escrita previa por parte del Responsable. Cualquier uso no autorizado previamente por parte del Responsable ser\u00e1 considerado un incumplimiento grave de los derechos de propiedad intelectual o industrial del autor.<\/p>\n<p>&nbsp;<\/p>\n<p>Los dise\u00f1os, logotipos, texto y\/o gr\u00e1ficos ajenos al prestador y que pudieran aparecer en el sitio web, pertenecen a sus respectivos propietarios, siendo ellos mismos responsables de cualquier posible controversia que pudiera suscitarse respecto a los mismos. En todo caso, El Responsable cuenta con la autorizaci\u00f3n expresa y previa por parte de los mismos.<\/p>\n<p>&nbsp;<\/p>\n<p>El Responsable autoriza expresamente a que terceros puedan redirigir directamente a los contenidos concretos del sitio web, debiendo en todo caso redirigir a la p\u00e1gina principal del sitio web del Responsable.<\/p>\n<p>&nbsp;<\/p>\n<p>El Responsable reconoce a favor de sus titulares los correspondientes derechos de propiedad intelectual e industrial, no implicando su sola menci\u00f3n o aparici\u00f3n en el sitio web la existencia de derechos o responsabilidad alguna del Responsable sobre los mismos, como tampoco respaldo, patrocinio o recomendaci\u00f3n por su parte.<\/p>\n<p>&nbsp;<\/p>\n<p>Para todas aquellas im\u00e1genes en las que el software de dise\u00f1o lo permite, se han incluido las referencias correspondientes a la autor\u00eda y licencia correspondiente.<\/p>\n<p>&nbsp;<\/p>\n<p>Para realizar cualquier tipo de observaci\u00f3n respecto a posibles incumplimientos de los derechos de propiedad intelectual o industrial, as\u00ed como sobre cualquiera de los contenidos del sitio web, puede hacerlo por escrito o correo electr\u00f3nico indicado en el encabezamiento.<\/p>\n<p><strong>\u00a0<\/strong><\/p>\n<p><strong>\u00a0<\/strong><\/p>\n<p><strong><u>\u00a0<\/u><\/strong><\/p>\n<p><strong><u>POL\u00cdTICA DE PRIVACIDAD<\/u><\/strong><\/p>\n<p>&nbsp;<\/p>\n<p>ESTRUCTURAS ARQU\u00c9, S.L. informa a los usuarios del sitio web sobre su pol\u00edtica respecto del tratamiento y protecci\u00f3n de los datos de car\u00e1cter personal de los usuarios y clientes que puedan ser recabados por la navegaci\u00f3n a trav\u00e9s de su sitio web.<\/p>\n<p><strong>\u00a0<\/strong><\/p>\n<p><strong>1.- Informaci\u00f3n al Usuario<\/strong><\/p>\n<p><strong>Responsable del Tratamiento: <\/strong><\/p>\n<p>ESTRUCTURAS ARQU\u00c9, S.L.<\/p>\n<p>CIF: B62750021<\/p>\n<p>Domicilio Social: CARRETERA NACIONAL IIA, KM 448 &#8211; 25181 &#8211; SOSES \u2013 LLEIDA.<\/p>\n<p>Datos registrales: Registro Mercantil de BARCELONA, Tomo 34281, Folio 0098, Hoja B-241624, Inscripci\u00f3n 1\u00aa, Fecha 22-02-2002<\/p>\n<blockquote class=\"wp-embedded-content\" data-secret=\"uyLpXaXWLW\"><p>\n<a href=\"https:\/\/estructurasarque.com\/fr\/\">Accueil<\/a>\n<\/p><\/blockquote>\n<p><iframe class=\"wp-embedded-content\" sandbox=\"allow-scripts\" security=\"restricted\" style=\"position: absolute; clip: rect(1px, 1px, 1px, 1px);\" src=\"https:\/\/estructurasarque.com\/fr\/embed\/#?secret=uyLpXaXWLW\" data-secret=\"uyLpXaXWLW\" width=\"600\" height=\"338\" title=\"\u00ab\u00a0Accueil\u00a0\u00bb &#8212; Estructuras Arqu\u00e9\" frameborder=\"0\" marginwidth=\"0\" marginheight=\"0\" scrolling=\"no\"><\/iframe><\/p>\n<p><strong>\u00a0<\/strong><\/p>\n<p><u>Datos de Contacto: <\/u><\/p>\n<p>Tel\u00e9fonos: 973790200<\/p>\n<p>e-Mail: info@estructurasarque.com<\/p>\n<p>&nbsp;<\/p>\n<p><strong>Finalidad del tratamiento de sus datos:<\/strong> Los datos ser\u00e1n utilizados para mantener una relaci\u00f3n comercial con el Usuario. Las operaciones previstas para realizar el tratamiento son:<\/p>\n<p>&#8211; Remisi\u00f3n de comunicaciones comerciales publicitarias por email, fax, SMS, MMS, redes sociales o cualquier otro medio electr\u00f3nico o f\u00edsico, presente o futuro, que posibilite realizar comunicaciones comerciales. Estas comunicaciones ser\u00e1n realizadas por El Responsable y relacionadas con sus productos y servicios, o con los de sus colaboradores o proveedores con los que \u00e9ste haya alcanzado alg\u00fan acuerdo de promoci\u00f3n. En este caso, los terceros nunca tendr\u00e1n acceso a los datos personales.<\/p>\n<p>&#8211; Tramitar encargos, solicitudes o cualquier tipo de petici\u00f3n que sea realizada por el usuario a trav\u00e9s de cualquiera de las formas de contacto que se ponen a su disposici\u00f3n.<\/p>\n<p>&#8211; Remitir el bolet\u00edn de noticias de la p\u00e1gina web.<\/p>\n<p><strong>\u00a0<\/strong><\/p>\n<p><strong>Criterios de conservaci\u00f3n de los datos: <\/strong>Los datos personales proporcionados se conservar\u00e1n hasta que no se solicite su suspensi\u00f3n por parte del interesado, ejerciendo sus derechos sobre los datos, y en cualquier caso en cumplimiento de plazos legales de prescripci\u00f3n que le resulten de aplicaci\u00f3n.<\/p>\n<p>&nbsp;<\/p>\n<p><strong>Legitimaci\u00f3n: <\/strong>La base legal para el tratamiento de los datos personales est\u00e1 basada en el consentimiento expreso del propio interesado o en su caso en la ejecuci\u00f3n de un contrato y\/o servicio. En cualquier momento se podr\u00e1 ejercer el derecho a retirar el consentimiento sin que ello afecte a la licitud del tratamiento basado en el consentimiento previo a su retirada.<\/p>\n<p><strong>\u00a0<\/strong><\/p>\n<p><strong>Destinatarios: <\/strong>Los datos ser\u00e1n utilizados por El Responsable Tambi\u00e9n podr\u00e1 comunicar leg\u00edtimamente los datos personales con los encargados de tratamiento para la ejecuci\u00f3n de un contrato o prestaci\u00f3n de un servicio a El Responsable, siguiendo por ello sus instrucciones en todo momento y asegurando los mismos niveles de seguridad.<\/p>\n<p>&nbsp;<\/p>\n<p><strong>Derechos: <\/strong>El usuario tiene derecho a:<\/p>\n<ul>\n<li>Solicitar el acceso a sus datos personales que se est\u00e1n tratando y recibir dicha informaci\u00f3n por escrito por el medio solicitado.<\/li>\n<li>Solicitar la rectificaci\u00f3n de los datos personales inexactos o, en su caso, solicitar su supresi\u00f3n cuando, entre otros motivos, los datos ya no sean necesarios para la finalidad por los que fueron recogidos.<\/li>\n<li>Solicitar la limitaci\u00f3n del tratamiento de sus datos.<\/li>\n<li>Oponerse al tratamiento de sus datos personales cuando proceda, en cuyo caso se dejar\u00e1n de tratar sus datos salvo por motivos leg\u00edtimos.<\/li>\n<li>Derecho a la portabilidad de sus datos personales cuando el tratamiento est\u00e9 basado en un consentimiento y se efect\u00fae por medios automatizados. los datos se entregaran de forma estructurada, uso com\u00fan y lectura mec\u00e1nica.<\/li>\n<li>Derecho a retirar el consentimiento prestado.<\/li>\n<li>Derecho a reclamar ante la agencia espa\u00f1ola de protecci\u00f3n de datos.<\/li>\n<\/ul>\n<p>&nbsp;<\/p>\n<p>El usuario puede ejercitar los derechos anteriormente indicados a trav\u00e9s de la siguiente direcci\u00f3n de correo postal o electr\u00f3nica, debiendo identificarse debidamente y solicita claramente el derecho a ejercer:<\/p>\n<p>ESTRUCTURAS ARQU\u00c9, S.L.<\/p>\n<p>Direcci\u00f3n postal: CARRETERA NACIONAL IIA, KM 448 &#8211; 25181 &#8211; SOSES &#8211; LLEIDA &#8211; (ESPA\u00d1A)<\/p>\n<p>Direcci\u00f3n electr\u00f3nica: info@estructurasarque.com<\/p>\n<p><strong>\u00a0<\/strong><\/p>\n<p><strong>Procedencia de los datos:<\/strong> Los datos personales ser\u00e1n facilitados por el propio interesado de forma absolutamente voluntaria.\u00a0 La carencia de facilitar determinados datos o preguntas que pudieran formularse en los procesos de registro o en los distintos formularios electr\u00f3nicos que se le presenten al Usuario, puede provocar la imposibilidad de acceso a determinados servicios para cuya prestaci\u00f3n es imprescindible disponer de los datos de car\u00e1cter personal, en tal caso El Responsable informar\u00e1 del car\u00e1cter obligatorio y\/o necesario de facilitar los datos personales para el funcionamiento del servicio.<\/p>\n<p>&nbsp;<\/p>\n<p>El Responsable le asegura la confidencialidad de sus datos personales y le garantiza la seguridad de los mismos, adoptando las medidas necesarias para evitar su alteraci\u00f3n, p\u00e9rdida, tratamiento o acceso no autorizado.<\/p>\n<h4><\/h4>\n<p><strong>2.- Informaci\u00f3n facilitada por el usuario<\/strong><\/p>\n<p>Si eres menor de 18 a\u00f1os no est\u00e1 permitido el uso de formularios en nuestra web.<\/p>\n<p>&nbsp;<\/p>\n<p>Los Usuarios, introduciendo sus datos en los formularios de contacto o presentados en formularios de descarga, aceptan expresamente y de forma libre e inequ\u00edvoca, que sus datos son necesarios para atender su petici\u00f3n, por parte del Responsable, siendo voluntaria la inclusi\u00f3n de datos en los campos restantes.<\/p>\n<p>&nbsp;<\/p>\n<p>El Usuario garantiza que los datos personales facilitados son veraces y se hace responsable de comunicar cualquier modificaci\u00f3n de los mismos.<\/p>\n<p>&nbsp;<\/p>\n<p>Todos los datos solicitados a trav\u00e9s del sitio web son necesarios para la prestaci\u00f3n de un servicio \u00f3ptimo al Usuario. En caso de que no sean facilitados todos los datos, no se garantiza que la informaci\u00f3n y servicios que El Responsable le facilite, sean completamente ajustados a sus necesidades.<\/p>\n<p><strong>\u00a0<\/strong><\/p>\n<ol start=\"3\">\n<li><strong> Medidas de seguridad <\/strong><\/li>\n<\/ol>\n<p>Que de conformidad con lo dispuesto en las normativas vigentes en materia de protecci\u00f3n de datos personales, El Responsable est\u00e1 cumpliendo con todas las disposiciones de las normativas RGPD y LOPDGDD para el tratamiento de los datos personales de su responsabilidad, los cuales son tratados de manera l\u00edcita, leal y transparente en relaci\u00f3n con el interesado y adecuados, pertinentes y limitados a lo necesario en relaci\u00f3n con los fines para los que son tratados.<\/p>\n<p>&nbsp;<\/p>\n<p>El Responsable garantiza que ha implementado pol\u00edticas t\u00e9cnicas y organizativas apropiadas para aplicar las medidas de seguridad que establecen el RGPD y la LOPDGDD con el fin de proteger los derechos y libertades de los Usuarios y les ha comunicado la informaci\u00f3n adecuada para que puedan ejercerlos.<\/p>\n<p><strong>\u00a0<\/strong><\/p>\n<ol start=\"4\">\n<li><strong>Brechas de Seguridad<\/strong><\/li>\n<\/ol>\n<p>El Responsable\u00a0informar\u00e1 sobre cualquier brecha de seguridad que afecte a la base de datos que utiliza este sitio web, o que afecte a cualquiera de nuestros servicios de terceros, a todas y cada una de las personas, datos de los cuales puedan haber sido afectadas, y autoridades, dentro de las 72 horas siguientes a la detecci\u00f3n de la brecha.<\/p>\n<p><strong>\u00a0<\/strong><\/p>\n<p><strong>LEGISLACI\u00d3N APLICABLE Y JURISDICCI\u00d3N<\/strong><\/p>\n<p>Para la resoluci\u00f3n de todas las controversias o cuestiones relacionadas con el presente sitio web o de las actividades en \u00e9l desarrolladas, ser\u00e1 de aplicaci\u00f3n la legislaci\u00f3n espa\u00f1ola, a la que se someten expresamente las partes, siendo competentes para la resoluci\u00f3n de todos los conflictos derivados o relacionados con su uso los Juzgados y Tribunales de Lleida.<\/p>\n<\/div>[\/vc_column][\/vc_row][vc_row][vc_column][vc_empty_space height=&#8221;30px&#8221;][\/vc_column][\/vc_row][vc_row bg_type=&#8221;bg_color&#8221; bg_override=&#8221;full&#8221; animation_type=&#8221;h&#8221; horizontal_animation=&#8221;left-animation&#8221; vertical_animation=&#8221;top-animation&#8221; padding_top=&#8221;60px&#8221; css=&#8221;.vc_custom_1510220009498{padding-top: 20px !important;padding-bottom: 20px !important;}&#8221;][vc_column width=&#8221;1\/6&#8243;][vc_single_image image=&#8221;27907&#8243; img_size=&#8221;full&#8221; alignment=&#8221;center&#8221; onclick=&#8221;custom_link&#8221; img_link_target=&#8221;_blank&#8221; link=&#8221;http:\/\/www.ascem.org\/&#8221;][\/vc_column][vc_column width=&#8221;1\/6&#8243;][vc_single_image image=&#8221;27770&#8243; img_size=&#8221;full&#8221; alignment=&#8221;center&#8221; onclick=&#8221;custom_link&#8221; img_link_target=&#8221;_blank&#8221; link=&#8221;http:\/\/www.cecot.org\/&#8221;][\/vc_column][vc_column width=&#8221;1\/6&#8243;][vc_single_image image=&#8221;27769&#8243; img_size=&#8221;full&#8221; alignment=&#8221;center&#8221; onclick=&#8221;custom_link&#8221; img_link_target=&#8221;_blank&#8221; link=&#8221;https:\/\/confemetal.es\/&#8221;][\/vc_column][vc_column width=&#8221;1\/6&#8243;][vc_single_image image=&#8221;27772&#8243; img_size=&#8221;full&#8221; alignment=&#8221;center&#8221; onclick=&#8221;custom_link&#8221; img_link_target=&#8221;_blank&#8221; link=&#8221;https:\/\/www.steelconstruct.com\/site\/&#8221;][\/vc_column][vc_column width=&#8221;1\/6&#8243;][vc_single_image image=&#8221;27768&#8243; img_size=&#8221;100&#215;105&#8243; alignment=&#8221;center&#8221; onclick=&#8221;custom_link&#8221; img_link_target=&#8221;_blank&#8221; link=&#8221;http:\/\/www.lr.org\/en\/&#8221;][\/vc_column][vc_column width=&#8221;1\/6&#8243;][vc_single_image image=&#8221;27911&#8243; img_size=&#8221;full&#8221; alignment=&#8221;center&#8221; onclick=&#8221;custom_link&#8221; img_link_target=&#8221;_blank&#8221; link=&#8221;http:\/\/www.construmat.com\/ca\/home&#8221;][\/vc_column][\/vc_row]<\/p>\n","protected":false},"excerpt":{"rendered":"<p>[vc_row css=&#8221;.vc_custom_1481251098287{padding-top: 60px !important;}&#8221;][vc_column][vc_custom_heading text=&#8221;AVERTISSEMENT L\u00c9GAL ET PROTECTION DES DONN\u00c9ES&#8221; font_container=&#8221;tag:h1|text_align:center&#8221; google_fonts=&#8221;font_family:Open%20Sans%3A300%2C300italic%2Cregular%2Citalic%2C600%2C600italic%2C700%2C700italic%2C800%2C800italic|font_style:700%20bold%20regular%3A700%3Anormal&#8221; css=&#8221;.vc_custom_1517506359909{padding-top: 20px !important;border-radius: 2px !important;}&#8221;][vc_empty_space height=&#8221;20px&#8221;][\/vc_column][\/vc_row][vc_row][vc_column][vc_empty_space height=&#8221;30px&#8221;][\/vc_column][\/vc_row][vc_row bg_type=&#8221;bg_color&#8221; bg_override=&#8221;full&#8221; animation_type=&#8221;h&#8221; horizontal_animation=&#8221;left-animation&#8221; vertical_animation=&#8221;top-animation&#8221; padding_top=&#8221;60px&#8221; css=&#8221;.vc_custom_1510220009498{padding-top: 20px !important;padding-bottom: 20px !important;}&#8221;][vc_column width=&#8221;1\/6&#8243;][vc_single_image image=&#8221;27907&#8243; img_size=&#8221;full&#8221; alignment=&#8221;center&#8221; onclick=&#8221;custom_link&#8221; img_link_target=&#8221;_blank&#8221; link=&#8221;http:\/\/www.ascem.org\/&#8221;][\/vc_column][vc_column width=&#8221;1\/6&#8243;][vc_single_image image=&#8221;27770&#8243; img_size=&#8221;full&#8221; alignment=&#8221;center&#8221; onclick=&#8221;custom_link&#8221; img_link_target=&#8221;_blank&#8221; link=&#8221;http:\/\/www.cecot.org\/&#8221;][\/vc_column][vc_column width=&#8221;1\/6&#8243;][vc_single_image image=&#8221;27769&#8243; img_size=&#8221;full&#8221; alignment=&#8221;center&#8221; onclick=&#8221;custom_link&#8221; img_link_target=&#8221;_blank&#8221; link=&#8221;https:\/\/confemetal.es\/&#8221;][\/vc_column][vc_column width=&#8221;1\/6&#8243;][vc_single_image image=&#8221;27772&#8243; img_size=&#8221;full&#8221; alignment=&#8221;center&#8221;<\/p>\n","protected":false},"author":1,"featured_media":0,"parent":0,"menu_order":0,"comment_status":"closed","ping_status":"closed","template":"","meta":[],"_links":{"self":[{"href":"https:\/\/estructurasarque.com\/fr\/wp-json\/wp\/v2\/pages\/29122"}],"collection":[{"href":"https:\/\/estructurasarque.com\/fr\/wp-json\/wp\/v2\/pages"}],"about":[{"href":"https:\/\/estructurasarque.com\/fr\/wp-json\/wp\/v2\/types\/page"}],"author":[{"embeddable":true,"href":"https:\/\/estructurasarque.com\/fr\/wp-json\/wp\/v2\/users\/1"}],"replies":[{"embeddable":true,"href":"https:\/\/estructurasarque.com\/fr\/wp-json\/wp\/v2\/comments?post=29122"}],"version-history":[{"count":4,"href":"https:\/\/estructurasarque.com\/fr\/wp-json\/wp\/v2\/pages\/29122\/revisions"}],"predecessor-version":[{"id":29492,"href":"https:\/\/estructurasarque.com\/fr\/wp-json\/wp\/v2\/pages\/29122\/revisions\/29492"}],"wp:attachment":[{"href":"https:\/\/estructurasarque.com\/fr\/wp-json\/wp\/v2\/media?parent=29122"}],"curies":[{"name":"wp","href":"https:\/\/api.w.org\/{rel}","templated":true}]}}