{"id":29514,"date":"2019-05-30T07:38:43","date_gmt":"2019-05-30T07:38:43","guid":{"rendered":"http:\/\/estructurasarque.com\/?page_id=29514"},"modified":"2019-07-04T08:34:12","modified_gmt":"2019-07-04T08:34:12","slug":"politica-de-qualitat","status":"publish","type":"page","link":"https:\/\/estructurasarque.com\/en\/politica-de-qualitat\/","title":{"rendered":"INTEGRATED POLICY"},"content":{"rendered":"<p>[vc_row css=&#8221;.vc_custom_1481251098287{padding-top: 60px !important;}&#8221;][vc_column][vc_custom_heading text=&#8221;INTEGRATED POLICY&#8221; font_container=&#8221;tag:h1|text_align:center&#8221; google_fonts=&#8221;font_family:Open%20Sans%3A300%2C300italic%2Cregular%2Citalic%2C600%2C600italic%2C700%2C700italic%2C800%2C800italic|font_style:700%20bold%20regular%3A700%3Anormal&#8221; css=&#8221;.vc_custom_1562228243588{padding-top: 20px !important;border-radius: 2px !important;}&#8221;]<div data-id=\"mpc_divider-3169d555f5275f9\" class=\"mpc-divider-wrap\"><div class=\"mpc-divider mpc-init mpc-align--center \" ><div class=\"mpc-divider__line mpc-side--left\"><span><\/span><\/div><div class=\"mpc-divider__separator\"><div class=\"mpc-divider__content etl etl-search\"><\/div><\/div><div class=\"mpc-divider__line mpc-side--right\"><span><\/span><\/div><\/div><\/div>[vc_empty_space height=&#8221;20px&#8221;]<div id=\"mpc_textblock-6869d555f527678\" class=\"mpc-textblock mpc-init \"><p>ESTRUCTURAS ARQU\u00c9 \u00e9s una empresa familiar dedicada a la construcci\u00f3 d&#8217;estructures met\u00e0l\u00b7liques. Tenim una traject\u00f2ria de m\u00e9s de 50 anys i hem fet m\u00e9s de 6.000 projectes en els mercats nacionals i internacionals.<\/p>\n<p>En el nostre desig d&#8217;aconseguir una major qualitat en els nostres serveis, aix\u00ed com per evitar els riscos als quals nostres treballadors estan sotmeses, assegurem l&#8217;assoliment dels nostres objectius de qualitat i de prevenci\u00f3, hem establert les m\u00e0ximes seg\u00fcents per complir dins de la nostra empresa:<\/p>\n<p>\u00bb\u00a0Garantir la satisfacci\u00f3 dels nostres clients i altres parts interessades basades en un tractament correcte sempre i un esfor\u00e7 extra en el lliurament dels nostres serveis.<br \/>\n\u00bb\u00a0Complir tots els requeriments que imposin als nostres clients, aix\u00ed com tots els de tipus legal i d&#8217;altres que l&#8217;organitzaci\u00f3 s&#8217;adhereix en el camp de la qualitat i la seguretat i salut que eren necessaris.<br \/>\n\u00bb\u00a0A ens comprometem a la millora cont\u00ednua, eliminar els perills i reduir els riscos laborals.<br \/>\n\u00bb\u00a0Creure en un futur millor de la nostra empresa en la qual el client sempre se sent satisfet amb els nostres productes i el nostre comportament a la feina feta.<br \/>\n\u00bb\u00a0Per aconseguir una alta competitivitat en el nostre mercat basada en la confian\u00e7a i fidelitat dels nostres clients.<br \/>\n\u00bb\u00a0Proporcionar formaci\u00f3 i mitjans per als nostres empleats col\u00b7laborar activament en aquesta causa fomentant la consulta i participaci\u00f3 dels treballadors en mat\u00e8ria preventiva.<br \/>\n\u00bb\u00a0Eliminar i si no \u00e9s possible prevenir riscos laborals posant el necessari i formar i informar els treballadors.<br \/>\n\u00bb\u00a0Ens comprometem a treballar per evitar possibles danys, aix\u00ed com el deteriorament de la salut dels treballadors per posar els mitjans necessaris.<br \/>\n\u00bb\u00a0Prioritzar la comunicaci\u00f3, informaci\u00f3 i formaci\u00f3 per tal que la responsabilitat de la gesti\u00f3 de la qualitat i titular de prevenci\u00f3 de tots els membres de l&#8217;organitzaci\u00f3.<br \/>\n\u00bb\u00a0Aquesta pol\u00edtica proporciona un mar de referencia per l\u2019establiment d\u2019objectius en mat\u00e8ria de qualitat i salut laboral.<br \/>\n\u00bb\u00a0Ens comprometen a proporcionar condicions de treball segures i saludables per a la prevenci\u00f3 de lesions i deteriorament de la salut relacionats amb el treball.<\/p>\n<p style=\"text-align: right;\">Data d\u2019aprovaci\u00f3: 28-11-2018<\/p>\n<\/div>[\/vc_column][\/vc_row][vc_row][vc_column][vc_empty_space height=&#8221;30px&#8221;][\/vc_column][\/vc_row][vc_row bg_type=&#8221;bg_color&#8221; bg_override=&#8221;full&#8221; animation_type=&#8221;h&#8221; horizontal_animation=&#8221;left-animation&#8221; vertical_animation=&#8221;top-animation&#8221; padding_top=&#8221;60px&#8221; css=&#8221;.vc_custom_1510220009498{padding-top: 20px !important;padding-bottom: 20px !important;}&#8221;][vc_column width=&#8221;1\/6&#8243;][vc_single_image image=&#8221;27907&#8243; img_size=&#8221;full&#8221; alignment=&#8221;center&#8221; onclick=&#8221;custom_link&#8221; img_link_target=&#8221;_blank&#8221; link=&#8221;http:\/\/www.ascem.org\/&#8221;][\/vc_column][vc_column width=&#8221;1\/6&#8243;][vc_single_image image=&#8221;27770&#8243; img_size=&#8221;full&#8221; alignment=&#8221;center&#8221; onclick=&#8221;custom_link&#8221; img_link_target=&#8221;_blank&#8221; link=&#8221;http:\/\/www.cecot.org\/&#8221;][\/vc_column][vc_column width=&#8221;1\/6&#8243;][vc_single_image image=&#8221;27769&#8243; img_size=&#8221;full&#8221; alignment=&#8221;center&#8221; onclick=&#8221;custom_link&#8221; img_link_target=&#8221;_blank&#8221; link=&#8221;https:\/\/confemetal.es\/&#8221;][\/vc_column][vc_column width=&#8221;1\/6&#8243;][vc_single_image image=&#8221;27772&#8243; img_size=&#8221;full&#8221; alignment=&#8221;center&#8221; onclick=&#8221;custom_link&#8221; img_link_target=&#8221;_blank&#8221; link=&#8221;https:\/\/www.steelconstruct.com\/site\/&#8221;][\/vc_column][vc_column width=&#8221;1\/6&#8243;][vc_single_image image=&#8221;27768&#8243; img_size=&#8221;100&#215;105&#8243; alignment=&#8221;center&#8221; onclick=&#8221;custom_link&#8221; img_link_target=&#8221;_blank&#8221; link=&#8221;http:\/\/www.lr.org\/en\/&#8221;][\/vc_column][vc_column width=&#8221;1\/6&#8243;][vc_single_image image=&#8221;27911&#8243; img_size=&#8221;full&#8221; alignment=&#8221;center&#8221; onclick=&#8221;custom_link&#8221; img_link_target=&#8221;_blank&#8221; link=&#8221;http:\/\/www.construmat.com\/ca\/home&#8221;][\/vc_column][\/vc_row]<\/p>\n","protected":false},"excerpt":{"rendered":"<p>[vc_row css=&#8221;.vc_custom_1481251098287{padding-top: 60px !important;}&#8221;][vc_column][vc_custom_heading text=&#8221;INTEGRATED POLICY&#8221; font_container=&#8221;tag:h1|text_align:center&#8221; google_fonts=&#8221;font_family:Open%20Sans%3A300%2C300italic%2Cregular%2Citalic%2C600%2C600italic%2C700%2C700italic%2C800%2C800italic|font_style:700%20bold%20regular%3A700%3Anormal&#8221; css=&#8221;.vc_custom_1562228243588{padding-top: 20px !important;border-radius: 2px !important;}&#8221;][vc_empty_space height=&#8221;20px&#8221;][\/vc_column][\/vc_row][vc_row][vc_column][vc_empty_space height=&#8221;30px&#8221;][\/vc_column][\/vc_row][vc_row bg_type=&#8221;bg_color&#8221; bg_override=&#8221;full&#8221; animation_type=&#8221;h&#8221; horizontal_animation=&#8221;left-animation&#8221; vertical_animation=&#8221;top-animation&#8221; padding_top=&#8221;60px&#8221; css=&#8221;.vc_custom_1510220009498{padding-top: 20px !important;padding-bottom: 20px !important;}&#8221;][vc_column width=&#8221;1\/6&#8243;][vc_single_image image=&#8221;27907&#8243; img_size=&#8221;full&#8221; alignment=&#8221;center&#8221; onclick=&#8221;custom_link&#8221; img_link_target=&#8221;_blank&#8221; link=&#8221;http:\/\/www.ascem.org\/&#8221;][\/vc_column][vc_column width=&#8221;1\/6&#8243;][vc_single_image image=&#8221;27770&#8243; img_size=&#8221;full&#8221; alignment=&#8221;center&#8221; onclick=&#8221;custom_link&#8221; img_link_target=&#8221;_blank&#8221; link=&#8221;http:\/\/www.cecot.org\/&#8221;][\/vc_column][vc_column width=&#8221;1\/6&#8243;][vc_single_image image=&#8221;27769&#8243; img_size=&#8221;full&#8221; alignment=&#8221;center&#8221; onclick=&#8221;custom_link&#8221; img_link_target=&#8221;_blank&#8221; link=&#8221;https:\/\/confemetal.es\/&#8221;][\/vc_column][vc_column width=&#8221;1\/6&#8243;][vc_single_image image=&#8221;27772&#8243; img_size=&#8221;full&#8221; alignment=&#8221;center&#8221; onclick=&#8221;custom_link&#8221; img_link_target=&#8221;_blank&#8221; link=&#8221;https:\/\/www.steelconstruct.com\/site\/&#8221;][\/vc_column][vc_column width=&#8221;1\/6&#8243;][vc_single_image<\/p>\n","protected":false},"author":1,"featured_media":0,"parent":0,"menu_order":0,"comment_status":"closed","ping_status":"closed","template":"","meta":[],"_links":{"self":[{"href":"https:\/\/estructurasarque.com\/en\/wp-json\/wp\/v2\/pages\/29514"}],"collection":[{"href":"https:\/\/estructurasarque.com\/en\/wp-json\/wp\/v2\/pages"}],"about":[{"href":"https:\/\/estructurasarque.com\/en\/wp-json\/wp\/v2\/types\/page"}],"author":[{"embeddable":true,"href":"https:\/\/estructurasarque.com\/en\/wp-json\/wp\/v2\/users\/1"}],"replies":[{"embeddable":true,"href":"https:\/\/estructurasarque.com\/en\/wp-json\/wp\/v2\/comments?post=29514"}],"version-history":[{"count":4,"href":"https:\/\/estructurasarque.com\/en\/wp-json\/wp\/v2\/pages\/29514\/revisions"}],"predecessor-version":[{"id":29538,"href":"https:\/\/estructurasarque.com\/en\/wp-json\/wp\/v2\/pages\/29514\/revisions\/29538"}],"wp:attachment":[{"href":"https:\/\/estructurasarque.com\/en\/wp-json\/wp\/v2\/media?parent=29514"}],"curies":[{"name":"wp","href":"https:\/\/api.w.org\/{rel}","templated":true}]}}