{"id":28590,"date":"2017-11-28T18:00:54","date_gmt":"2017-11-28T18:00:54","guid":{"rendered":"http:\/\/estructurasarque.com\/nosotros\/"},"modified":"2018-02-01T11:02:20","modified_gmt":"2018-02-01T11:02:20","slug":"why-us","status":"publish","type":"page","link":"https:\/\/estructurasarque.com\/en\/why-us\/","title":{"rendered":"Why us"},"content":{"rendered":"<p>[vc_row][vc_column css=&#8221;.vc_custom_1513939777043{padding-top: 40px !important;padding-right: 40px !important;padding-left: 40px !important;}&#8221;][vc_custom_heading text=&#8221;WHY US&#8221; font_container=&#8221;tag:h1|text_align:center&#8221; google_fonts=&#8221;font_family:Open%20Sans%3A300%2C300italic%2Cregular%2Citalic%2C600%2C600italic%2C700%2C700italic%2C800%2C800italic|font_style:700%20bold%20regular%3A700%3Anormal&#8221; css=&#8221;.vc_custom_1517482217630{padding-top: 20px !important;border-radius: 2px !important;}&#8221;]<div data-id=\"mpc_divider-7169d2f555ab3d5\" class=\"mpc-divider-wrap\"><div class=\"mpc-divider mpc-init mpc-align--center \" ><div class=\"mpc-divider__line mpc-side--left\"><span><\/span><\/div><div class=\"mpc-divider__separator\"><div class=\"mpc-divider__content etl etl-target\"><\/div><\/div><div class=\"mpc-divider__line mpc-side--right\"><span><\/span><\/div><\/div><\/div>[vc_empty_space height=&#8221;20px&#8221;]<div id=\"mpc_connected_icons-8069d2f555ab412\" class=\"mpc-connected-icons mpc-init mpc-transition \"  data-ci-cols=\"3\" data-target=\"icon\" data-layout=\"horizontal\"><div class=\"mpc-connected-icons__line\"><span><\/span><\/div><div data-id=\"mpc_icon_column-9769d2f555ad10c\" class=\"mpc-icon-column mpc-init mpc-parent-hover mpc-transition mpc-icon-column--style_1 mpc-align--center \" ><div data-id=\"mpc_icon-1469d2f555ad171\" class=\"mpc-icon mpc-init mpc-transition mpc-effect-none mpc-icon-hover \"><div class=\"mpc-icon-wrap\"><i class=\"mpc-icon-part mpc-regular mpc-transition  icnm icnm-uni31\"><\/i><i class=\"mpc-icon-part mpc-hover mpc-transition  icnm icnm-uni31\"><\/i><\/div><\/div><div class=\"mpc-icon-column__content-wrap\"><div class=\"mpc-icon-column__content\"><h3 class=\"mpc-icon-column__heading mpc-transition\">BIM TECHNOLOGY<\/h3><div class=\"mpc-icon-column__description mpc-transition\"><p>We provide <strong>information in real time\u00a0<\/strong>throughout the construction process.<\/p>\n<\/div><\/div><\/div><\/div><div data-id=\"mpc_icon_column-2569d2f555ad2a4\" class=\"mpc-icon-column mpc-init mpc-parent-hover mpc-transition mpc-icon-column--style_1 mpc-align--center \" ><div data-id=\"mpc_icon-4569d2f555ad2ea\" class=\"mpc-icon mpc-init mpc-transition mpc-effect-none mpc-icon-hover \"><div class=\"mpc-icon-wrap\"><i class=\"mpc-icon-part mpc-regular mpc-transition  icnm icnm-uni32\"><\/i><i class=\"mpc-icon-part mpc-hover mpc-transition  icnm icnm-uni32\"><\/i><\/div><\/div><div class=\"mpc-icon-column__content-wrap\"><div class=\"mpc-icon-column__content\"><h3 class=\"mpc-icon-column__heading mpc-transition\">DESIGN AND CALCULATION<\/h3><div class=\"mpc-icon-column__description mpc-transition\"><p>We have the latest tools for calculating <strong>the size of the structure<\/strong>.<\/p>\n<\/div><\/div><\/div><\/div><div data-id=\"mpc_icon_column-6669d2f555ad3b6\" class=\"mpc-icon-column mpc-init mpc-parent-hover mpc-transition mpc-icon-column--style_1 mpc-align--center \" ><div data-id=\"mpc_icon-5869d2f555ad423\" class=\"mpc-icon mpc-init mpc-transition mpc-effect-none mpc-icon-hover \"><div class=\"mpc-icon-wrap\"><i class=\"mpc-icon-part mpc-regular mpc-transition  icnm icnm-uni33\"><\/i><i class=\"mpc-icon-part mpc-hover mpc-transition  icnm icnm-uni33\"><\/i><\/div><\/div><div class=\"mpc-icon-column__content-wrap\"><div class=\"mpc-icon-column__content\"><h3 class=\"mpc-icon-column__heading mpc-transition\">3D MODELLING<\/h3><div class=\"mpc-icon-column__description mpc-transition\"><p>3D Modelling of the structure and joints, including <strong>all elements,<\/strong>\u00a0even bolts and welding<\/p>\n<\/div><\/div><\/div><\/div><\/div>[vc_empty_space height=&#8221;20px&#8221;]<div id=\"mpc_connected_icons-3369d2f555ad49b\" class=\"mpc-connected-icons mpc-init mpc-transition \"  data-ci-cols=\"3\" data-target=\"icon\" data-layout=\"horizontal\"><div class=\"mpc-connected-icons__line\"><span><\/span><\/div><div data-id=\"mpc_icon_column-2769d2f555ad52f\" class=\"mpc-icon-column mpc-init mpc-parent-hover mpc-transition mpc-icon-column--style_1 mpc-align--center \" ><div data-id=\"mpc_icon-769d2f555ad55b\" class=\"mpc-icon mpc-init mpc-transition mpc-effect-none mpc-icon-hover \"><div class=\"mpc-icon-wrap\"><i class=\"mpc-icon-part mpc-regular mpc-transition  icnm icnm-uni36\"><\/i><i class=\"mpc-icon-part mpc-hover mpc-transition  icnm icnm-uni36\"><\/i><\/div><\/div><div class=\"mpc-icon-column__content-wrap\"><div class=\"mpc-icon-column__content\"><h3 class=\"mpc-icon-column__heading mpc-transition\">ASSEMBLY<\/h3><div class=\"mpc-icon-column__description mpc-transition\"><p>We put together <strong>assembly plans<\/strong> for each project. The material supplied identifies individual elements, preventing errors and speeding up assembly.<\/p>\n<\/div><\/div><\/div><\/div><div data-id=\"mpc_icon_column-1969d2f555ad623\" class=\"mpc-icon-column mpc-init mpc-parent-hover mpc-transition mpc-icon-column--style_1 mpc-align--center \" ><div data-id=\"mpc_icon-1469d2f555ad650\" class=\"mpc-icon mpc-init mpc-transition mpc-effect-none mpc-icon-hover \"><div class=\"mpc-icon-wrap\"><i class=\"mpc-icon-part mpc-regular mpc-transition  icnm icnm-uni35\"><\/i><i class=\"mpc-icon-part mpc-hover mpc-transition  icnm icnm-uni35\"><\/i><\/div><\/div><div class=\"mpc-icon-column__content-wrap\"><div class=\"mpc-icon-column__content\"><h3 class=\"mpc-icon-column__heading mpc-transition\">TRACEABILITY<\/h3><div class=\"mpc-icon-column__description mpc-transition\"><p>For EXC3 and EXC4, we guarantee\u00a0<strong>complete traceability<\/strong>\u00a0from initial receipt to the execution of the construction.<\/p>\n<\/div><\/div><\/div><\/div><div data-id=\"mpc_icon_column-1669d2f555ad6e7\" class=\"mpc-icon-column mpc-init mpc-parent-hover mpc-transition mpc-icon-column--style_1 mpc-align--center \" ><div data-id=\"mpc_icon-969d2f555ad712\" class=\"mpc-icon mpc-init mpc-transition mpc-effect-none mpc-icon-hover \"><div class=\"mpc-icon-wrap\"><i class=\"mpc-icon-part mpc-regular mpc-transition  icnm icnm-uni34\"><\/i><i class=\"mpc-icon-part mpc-hover mpc-transition  icnm icnm-uni34\"><\/i><\/div><\/div><div class=\"mpc-icon-column__content-wrap\"><div class=\"mpc-icon-column__content\"><h3 class=\"mpc-icon-column__heading mpc-transition\">MANUFACTURING<\/h3><div class=\"mpc-icon-column__description mpc-transition\"><p>We are certified manufacturers with the <strong>CE marking<\/strong>,<strong>\u00a0<\/strong>since its implementation, with the top execution class, 4.<\/p>\n<\/div><\/div><\/div><\/div><\/div>[vc_empty_space height=&#8221;60px&#8221;][\/vc_column][\/vc_row][vc_row full_width=&#8221;stretch_row&#8221; disable_element=&#8221;yes&#8221; css=&#8221;.vc_custom_1513105066594{margin-top: 30px !important;padding-top: 20px !important;padding-bottom: 40px !important;}&#8221;][vc_column][vc_custom_heading text=&#8221;\u00bfPOR QU\u00c9 NOSOTROS?&#8221; font_container=&#8221;tag:h1|text_align:center&#8221; google_fonts=&#8221;font_family:Open%20Sans%3A300%2C300italic%2Cregular%2Citalic%2C600%2C600italic%2C700%2C700italic%2C800%2C800italic|font_style:700%20bold%20regular%3A700%3Anormal&#8221; css=&#8221;.vc_custom_1511897766809{padding-top: 20px !important;border-radius: 2px !important;}&#8221;]<div data-id=\"mpc_divider-3969d2f555ad78b\" class=\"mpc-divider-wrap\"><div class=\"mpc-divider mpc-init mpc-align--center \" ><div class=\"mpc-divider__line mpc-side--left\"><span><\/span><\/div><div class=\"mpc-divider__separator\"><div class=\"mpc-divider__content etl etl-target\"><\/div><\/div><div class=\"mpc-divider__line mpc-side--right\"><span><\/span><\/div><\/div><\/div>[vc_empty_space height=&#8221;20px&#8221;][vc_row_inner css=&#8221;.vc_custom_1513104192805{padding-top: 40px !important;padding-bottom: 20px !important;}&#8221;][vc_column_inner width=&#8221;1\/3&#8243;]<div data-id=\"mpc_callout-469d2f555ad82f\" class=\"mpc-callout mpc-init mpc-callout--style_3 \" ><div class=\"mpc-callout__icon-wrap\"><div class=\"mpc-callout__icon\"><i class=\"mpc-transition  icnm icnm-uni31\"><\/i><\/div><\/div><div class=\"mpc-callout__content\"><h3 class=\"mpc-callout__heading\">TECNOLOG\u00cdA BIM<\/h3><div class=\"mpc-callout__description\"><p>Proporcionamos informaci\u00f3n en tiempo real durante todo el proceso constructivo.<\/p>\n<\/div><\/div><\/div>[\/vc_column_inner][vc_column_inner width=&#8221;1\/3&#8243;]<div data-id=\"mpc_callout-4969d2f555ad93e\" class=\"mpc-callout mpc-init mpc-callout--style_3 \" ><div class=\"mpc-callout__icon-wrap\"><div class=\"mpc-callout__icon\"><i class=\"mpc-transition  icnm icnm-uni32\"><\/i><\/div><\/div><div class=\"mpc-callout__content\"><h3 class=\"mpc-callout__heading\">DISE\u00d1O Y C\u00c1LCULO<\/h3><div class=\"mpc-callout__description\"><p>Disponemos de las m\u00e1s avanzadas herramientas de c\u00e1lculo para verificar la estructura.<\/p>\n<\/div><\/div><\/div>[\/vc_column_inner][vc_column_inner width=&#8221;1\/3&#8243;]<div data-id=\"mpc_callout-6169d2f555ada21\" class=\"mpc-callout mpc-init mpc-callout--style_3 \" ><div class=\"mpc-callout__icon-wrap\"><div class=\"mpc-callout__icon\"><i class=\"mpc-transition  icnm icnm-uni33\"><\/i><\/div><\/div><div class=\"mpc-callout__content\"><h3 class=\"mpc-callout__heading\">MODELIZACI\u00d3N<\/h3><div class=\"mpc-callout__description\"><p>Modelizaci\u00f3n en 3D de la estructura y las uniones, incluyendo todos los detalles como torniller\u00eda o soldaduras.<\/p>\n<\/div><\/div><\/div>[\/vc_column_inner][\/vc_row_inner][vc_row_inner css=&#8221;.vc_custom_1511977676729{padding-top: 40px !important;}&#8221;][vc_column_inner width=&#8221;1\/3&#8243;]<div data-id=\"mpc_callout-4569d2f555adaec\" class=\"mpc-callout mpc-init mpc-callout--style_3 \" ><div class=\"mpc-callout__icon-wrap\"><div class=\"mpc-callout__icon\"><i class=\"mpc-transition  icnm icnm-uni34\"><\/i><\/div><\/div><div class=\"mpc-callout__content\"><h3 class=\"mpc-callout__heading\">FABRICACI\u00d3N<\/h3><div class=\"mpc-callout__description\"><p>Somos fabricantes certificados con el marcado CE desde el a\u00f1o 2012 para clase de ejecuci\u00f3n 4 &#8211; m\u00e1xima certificaci\u00f3n europea-.<\/p>\n<\/div><\/div><\/div>[\/vc_column_inner][vc_column_inner width=&#8221;1\/3&#8243;]<div data-id=\"mpc_callout-9269d2f555adbb3\" class=\"mpc-callout mpc-init mpc-callout--style_3 \" ><div class=\"mpc-callout__icon-wrap\"><div class=\"mpc-callout__icon\"><i class=\"mpc-transition  icnm icnm-uni35\"><\/i><\/div><\/div><div class=\"mpc-callout__content\"><h3 class=\"mpc-callout__heading\">TRAZABILIDAD<\/h3><div class=\"mpc-callout__description\"><p>Para EXC3 y EXC4, garantizamos una trazabilidad absoluta des de la recepci\u00f3n hasta la incorporaci\u00f3n en obra.<\/p>\n<\/div><\/div><\/div>[\/vc_column_inner][vc_column_inner width=&#8221;1\/3&#8243;]<div data-id=\"mpc_callout-5369d2f555adc70\" class=\"mpc-callout mpc-init mpc-callout--style_3 \" ><div class=\"mpc-callout__icon-wrap\"><div class=\"mpc-callout__icon\"><i class=\"mpc-transition  icnm icnm-uni36\"><\/i><\/div><\/div><div class=\"mpc-callout__content\"><h3 class=\"mpc-callout__heading\">MONTAJE<\/h3><div class=\"mpc-callout__description\"><p>Realizamos planos de montaje para cada proyecto. Se suministran con marcas de montaje que indican su posici\u00f3n.<\/p>\n<\/div><\/div><\/div>[\/vc_column_inner][\/vc_row_inner][\/vc_column][\/vc_row][vc_row full_width=&#8221;stretch_row&#8221; disable_element=&#8221;yes&#8221; css=&#8221;.vc_custom_1513105737671{margin-top: 30px !important;padding-top: 20px !important;padding-bottom: 40px !important;}&#8221;][vc_column][vc_custom_heading text=&#8221;SOFTWARE&#8221; font_container=&#8221;tag:h1|text_align:center&#8221; google_fonts=&#8221;font_family:Open%20Sans%3A300%2C300italic%2Cregular%2Citalic%2C600%2C600italic%2C700%2C700italic%2C800%2C800italic|font_style:700%20bold%20regular%3A700%3Anormal&#8221; css=&#8221;.vc_custom_1512376529536{padding-top: 20px !important;border-radius: 2px !important;}&#8221;]<div data-id=\"mpc_divider-6969d2f555adcd3\" class=\"mpc-divider-wrap\"><div class=\"mpc-divider mpc-init mpc-align--center \" ><div class=\"mpc-divider__line mpc-side--left\"><span><\/span><\/div><div class=\"mpc-divider__separator\"><div class=\"mpc-divider__content etl etl-desktop\"><\/div><\/div><div class=\"mpc-divider__line mpc-side--right\"><span><\/span><\/div><\/div><\/div>[vc_images_carousel images=&#8221;28103,28102,28101,28100,28099&#8243; img_size=&#8221;full&#8221; onclick=&#8221;link_no&#8221; slides_per_view=&#8221;5&#8243; hide_pagination_control=&#8221;yes&#8221; hide_prev_next_buttons=&#8221;yes&#8221;][\/vc_column][\/vc_row][vc_row full_width=&#8221;stretch_row_content_no_spaces&#8221; content_placement=&#8221;middle&#8221; first_background_type=&#8221;image&#8221; first_background_size=&#8221;cover&#8221; enable_parallax=&#8221;true&#8221; parallax_background=&#8221;27727&#8243; parallax_style=&#8221;classic-fast&#8221;][vc_column alignment=&#8221;center&#8221;][vc_empty_space height=&#8221;150px&#8221;]<div id=\"mpc_animated_text-5469d2f555add0a\" class=\"mpc-animated-text-wrap mpc-init mpc-transition mpc-style--typewrite \"  data-options=\"{&quot;style&quot;:&quot;typewrite&quot;,&quot;duration&quot;:&quot;1000&quot;,&quot;delay&quot;:&quot;2000&quot;,&quot;loop&quot;:true,&quot;dynamic&quot;:false}\"><div class=\"mpc-animated-text__side mpc-animated-text__before\">Choose steel for its<\/div><div class=\"mpc-animated-text\"><div class=\"mpc-animated-text__block\"><span class=\"mpc-animated-text__word\">sustainability.<\/span><\/div><div class=\"mpc-animated-text__block\"><span class=\"mpc-animated-text__word\">versatility.<\/span><\/div><div class=\"mpc-animated-text__block\"><span class=\"mpc-animated-text__word\">durability.<\/span><\/div><div class=\"mpc-animated-text__block\"><span class=\"mpc-animated-text__word\">ductility.<\/span><\/div><div class=\"mpc-animated-text__block\"><span class=\"mpc-animated-text__word\">affordability.<\/span><\/div><\/div><\/div>[vc_empty_space height=&#8221;150px&#8221;][\/vc_column][\/vc_row][vc_row css=&#8221;.vc_custom_1481251098287{padding-top: 60px !important;}&#8221;][vc_column width=&#8221;1\/2&#8243; alignment=&#8221;center&#8221; offset=&#8221;vc_hidden-sm vc_hidden-xs&#8221;][vc_empty_space height=&#8221;30px&#8221;][vc_images_carousel images=&#8221;28353,28354,28355&#8243; img_size=&#8221;full&#8221; onclick=&#8221;link_no&#8221; autoplay=&#8221;yes&#8221; hide_prev_next_buttons=&#8221;yes&#8221; wrap=&#8221;yes&#8221; css=&#8221;.vc_custom_1513246603981{border-radius: 2px !important;}&#8221;][\/vc_column][vc_column width=&#8221;1\/2&#8243; css=&#8221;.vc_custom_1513939829716{padding-right: 40px !important;padding-left: 40px !important;}&#8221;][vc_custom_heading text=&#8221;ADVANTAGES OF STEEL&#8221; font_container=&#8221;tag:h1|text_align:left&#8221; google_fonts=&#8221;font_family:Open%20Sans%3A300%2C300italic%2Cregular%2Citalic%2C600%2C600italic%2C700%2C700italic%2C800%2C800italic|font_style:700%20bold%20regular%3A700%3Anormal&#8221; css=&#8221;.vc_custom_1517482508057{padding-top: 20px !important;border-radius: 2px !important;}&#8221;]<div data-id=\"mpc_divider-3969d2f555add50\" class=\"mpc-divider-wrap\"><div class=\"mpc-divider mpc-init mpc-align--left mpc-disable--left \" ><div class=\"mpc-divider__line mpc-side--left\"><span><\/span><\/div><div class=\"mpc-divider__separator\"><div class=\"mpc-divider__content fa fa-circle-thin\"><\/div><\/div><div class=\"mpc-divider__line mpc-side--right\"><span><\/span><\/div><\/div><\/div>[vc_empty_space height=&#8221;20px&#8221;]<div id=\"mpc_accordion-9569d2f555addc8\" class=\"mpc-accordion mpc-init mpc-transition mpc-accordion--toggle \" ><ul class=\"mpc-accordion__content\"><li class=\"mpc-accordion__item \"><div class=\"mpc-accordion-item__heading mpc-transition mpc-active\"><div data-id=\"mpc_icon-3369d2f555addac\" class=\"mpc-icon mpc-init mpc-transition mpc-effect-fade mpc-icon-hover \"><div class=\"mpc-icon-wrap\"><i class=\"mpc-icon-part mpc-regular mpc-transition  eti eti_circle-empty\"><\/i><i class=\"mpc-icon-part mpc-hover mpc-transition  eti eti_circle-slelected\"><\/i><\/div><\/div><h3>Sustainability<\/h3><\/div><div class=\"mpc-accordion-item__content mpc-container\"  data-active=\"true\"><div class=\"mpc-accordion-item__wrapper\">[vc_column_text]A large part of steel is manufactured using recycled materials and can be recycled again at the end of its useful life. Each year over 300 tonnes of scrap are reused, making it the most recycled product in the world.[\/vc_column_text]<\/div><\/div><\/li><li class=\"mpc-accordion__item \"><div class=\"mpc-accordion-item__heading mpc-transition\"><div data-id=\"mpc_icon-3369d2f555addac\" class=\"mpc-icon mpc-init mpc-transition mpc-effect-fade mpc-icon-hover \"><div class=\"mpc-icon-wrap\"><i class=\"mpc-icon-part mpc-regular mpc-transition  eti eti_circle-empty\"><\/i><i class=\"mpc-icon-part mpc-hover mpc-transition  eti eti_circle-slelected\"><\/i><\/div><\/div><h3>Versatility<\/h3><\/div><div class=\"mpc-accordion-item__content mpc-container\" ><div class=\"mpc-accordion-item__wrapper\"><div id=\"mpc_textblock-269d2f555adfb4\" class=\"mpc-textblock mpc-init \"><p>Metal structures can be easily adapted to the needs of the client at every point. Their adaptability makes it possible to reposition or modify the structure easily to expand or create a new use for the interior space. This simplifies construction while increasing the useful life of the structure and allows for future extensions.<\/p>\n<\/div><\/div><\/div><\/li><li class=\"mpc-accordion__item \"><div class=\"mpc-accordion-item__heading mpc-transition\"><div data-id=\"mpc_icon-3369d2f555addac\" class=\"mpc-icon mpc-init mpc-transition mpc-effect-fade mpc-icon-hover \"><div class=\"mpc-icon-wrap\"><i class=\"mpc-icon-part mpc-regular mpc-transition  eti eti_circle-empty\"><\/i><i class=\"mpc-icon-part mpc-hover mpc-transition  eti eti_circle-slelected\"><\/i><\/div><\/div><h3>Affordability<\/h3><\/div><div class=\"mpc-accordion-item__content mpc-container\" ><div class=\"mpc-accordion-item__wrapper\"><div id=\"mpc_textblock-7369d2f555ae07f\" class=\"mpc-textblock mpc-init \"><ul>\n<li>Quick construction: due to the industrialized process the construction is executed in a very short time, thus reducing the total cost.<\/li>\n<li>Lightness: The great resistance of steel by weight unit ensures that the permanent loads of the structure are lower.<br \/>\nBy reducing its own loads, all support elements, from the foundations up, will be smaller, as will the structure itself.<\/li>\n<li>Reliability: The manufacturing process for metal structures in a workshop requires stringent quality controls (CE marking).<br \/>\nThis way, mistakes are kept to a minimum and we avoid the need to correct and modify the structure under construction.<\/li>\n<\/ul>\n<\/div><\/div><\/div><\/li><li class=\"mpc-accordion__item \"><div class=\"mpc-accordion-item__heading mpc-transition\"><div data-id=\"mpc_icon-3369d2f555addac\" class=\"mpc-icon mpc-init mpc-transition mpc-effect-fade mpc-icon-hover \"><div class=\"mpc-icon-wrap\"><i class=\"mpc-icon-part mpc-regular mpc-transition  eti eti_circle-empty\"><\/i><i class=\"mpc-icon-part mpc-hover mpc-transition  eti eti_circle-slelected\"><\/i><\/div><\/div><h3>Durability<\/h3><\/div><div class=\"mpc-accordion-item__content mpc-container\" ><div class=\"mpc-accordion-item__wrapper\"><div id=\"mpc_textblock-269d2f555ae119\" class=\"mpc-textblock mpc-init \"><p>Steel is a very homogeneous and uniform stable material.<br \/>\nIts properties vary very little over time and require minimum maintenance.<\/p>\n<\/div><\/div><\/div><\/li><li class=\"mpc-accordion__item \"><div class=\"mpc-accordion-item__heading mpc-transition\"><div data-id=\"mpc_icon-3369d2f555addac\" class=\"mpc-icon mpc-init mpc-transition mpc-effect-fade mpc-icon-hover \"><div class=\"mpc-icon-wrap\"><i class=\"mpc-icon-part mpc-regular mpc-transition  eti eti_circle-empty\"><\/i><i class=\"mpc-icon-part mpc-hover mpc-transition  eti eti_circle-slelected\"><\/i><\/div><\/div><h3>Ductility<\/h3><\/div><div class=\"mpc-accordion-item__content mpc-container\" ><div class=\"mpc-accordion-item__wrapper\">[vc_column_text]The ductility of steel allows major high stress deformation without causing collapse. This property gives warning through visible deformations or signs of possible collapse in the case of overloading, making it easier to correct the structure.[\/vc_column_text]<\/div><\/div><\/li><\/ul><\/div>[\/vc_column][\/vc_row][vc_row full_width=&#8221;stretch_row&#8221; css=&#8221;.vc_custom_1509967951857{margin-top: 30px !important;padding-top: 20px !important;padding-bottom: 40px !important;background-color: #ff9900 !important;}&#8221;][vc_column]<div data-id=\"mpc_callout-10069d2f555ae223\" class=\"mpc-callout mpc-init mpc-callout--style_1 \" ><div class=\"mpc-callout__icon-wrap mpc-align--left\"><div class=\"mpc-callout__icon\"><i class=\"mpc-transition  fa fa-envelope\"><\/i><\/div><\/div><div class=\"mpc-callout__content\"><h3 class=\"mpc-callout__heading\">Contact<\/h3><div class=\"mpc-callout__description\"><p>Contact us, we will be delighted to speak to you<\/p>\n<\/div><\/div><div class=\"mpc-callout__button\"><a href=\"http:\/\/estructurasarque.com\/web\/index.php\/contacto\/\" target=\"\" title=\"Link\"  data-id=\"mpc_button-269d2f555ae2ae\" class=\"mpc-button mpc-init mpc-transition \" ><div class=\"mpc-button__content mpc-effect-type--none mpc-effect-side--none\"><span class=\"mpc-button__title mpc-transition\">Contact<\/span><\/div><div class=\"mpc-button__background mpc-transition mpc-effect-type--slide mpc-effect-side--left\"><\/div><\/a><\/div><\/div>[\/vc_column][\/vc_row][vc_row bg_type=&#8221;bg_color&#8221; bg_override=&#8221;full&#8221; animation_type=&#8221;h&#8221; horizontal_animation=&#8221;left-animation&#8221; vertical_animation=&#8221;top-animation&#8221; padding_top=&#8221;60px&#8221; css=&#8221;.vc_custom_1510220009498{padding-top: 20px !important;padding-bottom: 20px !important;}&#8221;][vc_column width=&#8221;1\/6&#8243;][vc_single_image image=&#8221;27958&#8243; img_size=&#8221;full&#8221; alignment=&#8221;center&#8221; onclick=&#8221;custom_link&#8221; img_link_target=&#8221;_blank&#8221; link=&#8221;http:\/\/www.ascem.org\/&#8221;][\/vc_column][vc_column width=&#8221;1\/6&#8243;][vc_single_image image=&#8221;27770&#8243; img_size=&#8221;full&#8221; alignment=&#8221;center&#8221; onclick=&#8221;custom_link&#8221; img_link_target=&#8221;_blank&#8221; link=&#8221;http:\/\/www.cecot.org\/&#8221;][\/vc_column][vc_column width=&#8221;1\/6&#8243;][vc_single_image image=&#8221;27769&#8243; img_size=&#8221;full&#8221; alignment=&#8221;center&#8221; onclick=&#8221;custom_link&#8221; img_link_target=&#8221;_blank&#8221; link=&#8221;https:\/\/confemetal.es\/&#8221;][\/vc_column][vc_column width=&#8221;1\/6&#8243;][vc_single_image image=&#8221;27772&#8243; img_size=&#8221;full&#8221; alignment=&#8221;center&#8221; onclick=&#8221;custom_link&#8221; img_link_target=&#8221;_blank&#8221; link=&#8221;https:\/\/www.steelconstruct.com\/site\/&#8221;][\/vc_column][vc_column width=&#8221;1\/6&#8243;][vc_single_image image=&#8221;27768&#8243; img_size=&#8221;100&#215;105&#8243; alignment=&#8221;center&#8221; onclick=&#8221;custom_link&#8221; img_link_target=&#8221;_blank&#8221; link=&#8221;http:\/\/www.lr.org\/en\/&#8221;][\/vc_column][vc_column width=&#8221;1\/6&#8243;][vc_single_image image=&#8221;27911&#8243; img_size=&#8221;full&#8221; alignment=&#8221;center&#8221; onclick=&#8221;custom_link&#8221; img_link_target=&#8221;_blank&#8221; link=&#8221;http:\/\/www.construmat.com\/ca\/home&#8221;][\/vc_column][\/vc_row]<\/p>\n","protected":false},"excerpt":{"rendered":"<p>[vc_row][vc_column css=&#8221;.vc_custom_1513939777043{padding-top: 40px !important;padding-right: 40px !important;padding-left: 40px !important;}&#8221;][vc_custom_heading text=&#8221;WHY US&#8221; font_container=&#8221;tag:h1|text_align:center&#8221; google_fonts=&#8221;font_family:Open%20Sans%3A300%2C300italic%2Cregular%2Citalic%2C600%2C600italic%2C700%2C700italic%2C800%2C800italic|font_style:700%20bold%20regular%3A700%3Anormal&#8221; css=&#8221;.vc_custom_1517482217630{padding-top: 20px !important;border-radius: 2px !important;}&#8221;][vc_empty_space height=&#8221;20px&#8221;][vc_empty_space height=&#8221;20px&#8221;][vc_empty_space height=&#8221;60px&#8221;][\/vc_column][\/vc_row][vc_row full_width=&#8221;stretch_row&#8221; disable_element=&#8221;yes&#8221; css=&#8221;.vc_custom_1513105066594{margin-top: 30px !important;padding-top: 20px !important;padding-bottom: 40px !important;}&#8221;][vc_column][vc_custom_heading text=&#8221;\u00bfPOR QU\u00c9 NOSOTROS?&#8221; font_container=&#8221;tag:h1|text_align:center&#8221; google_fonts=&#8221;font_family:Open%20Sans%3A300%2C300italic%2Cregular%2Citalic%2C600%2C600italic%2C700%2C700italic%2C800%2C800italic|font_style:700%20bold%20regular%3A700%3Anormal&#8221; css=&#8221;.vc_custom_1511897766809{padding-top: 20px !important;border-radius: 2px !important;}&#8221;][vc_empty_space height=&#8221;20px&#8221;][vc_row_inner css=&#8221;.vc_custom_1513104192805{padding-top: 40px !important;padding-bottom: 20px !important;}&#8221;][vc_column_inner width=&#8221;1\/3&#8243;][\/vc_column_inner][vc_column_inner width=&#8221;1\/3&#8243;][\/vc_column_inner][vc_column_inner width=&#8221;1\/3&#8243;][\/vc_column_inner][\/vc_row_inner][vc_row_inner css=&#8221;.vc_custom_1511977676729{padding-top: 40px !important;}&#8221;][vc_column_inner width=&#8221;1\/3&#8243;][\/vc_column_inner][vc_column_inner width=&#8221;1\/3&#8243;][\/vc_column_inner][vc_column_inner width=&#8221;1\/3&#8243;][\/vc_column_inner][\/vc_row_inner][\/vc_column][\/vc_row][vc_row full_width=&#8221;stretch_row&#8221;<\/p>\n","protected":false},"author":1,"featured_media":0,"parent":0,"menu_order":0,"comment_status":"closed","ping_status":"closed","template":"","meta":[],"_links":{"self":[{"href":"https:\/\/estructurasarque.com\/en\/wp-json\/wp\/v2\/pages\/28590"}],"collection":[{"href":"https:\/\/estructurasarque.com\/en\/wp-json\/wp\/v2\/pages"}],"about":[{"href":"https:\/\/estructurasarque.com\/en\/wp-json\/wp\/v2\/types\/page"}],"author":[{"embeddable":true,"href":"https:\/\/estructurasarque.com\/en\/wp-json\/wp\/v2\/users\/1"}],"replies":[{"embeddable":true,"href":"https:\/\/estructurasarque.com\/en\/wp-json\/wp\/v2\/comments?post=28590"}],"version-history":[{"count":3,"href":"https:\/\/estructurasarque.com\/en\/wp-json\/wp\/v2\/pages\/28590\/revisions"}],"predecessor-version":[{"id":29164,"href":"https:\/\/estructurasarque.com\/en\/wp-json\/wp\/v2\/pages\/28590\/revisions\/29164"}],"wp:attachment":[{"href":"https:\/\/estructurasarque.com\/en\/wp-json\/wp\/v2\/media?parent=28590"}],"curies":[{"name":"wp","href":"https:\/\/api.w.org\/{rel}","templated":true}]}}