{"id":33195,"date":"2025-07-08T12:12:24","date_gmt":"2025-07-08T12:12:24","guid":{"rendered":"https:\/\/estructurasarque.com\/trabaja-con-nosotros\/"},"modified":"2025-08-01T08:40:18","modified_gmt":"2025-08-01T08:40:18","slug":"treballa-amb-nosaltres","status":"publish","type":"page","link":"https:\/\/estructurasarque.com\/ca\/treballa-amb-nosaltres\/","title":{"rendered":"Treballa amb nosaltres"},"content":{"rendered":"<p>[vc_row][vc_column css=&#8221;.vc_custom_1510225224023{padding-top: 72px !important;padding-right: 40px !important;padding-bottom: 72px !important;padding-left: 40px !important;background-position: 0 0 !important;background-repeat: no-repeat !important;border-radius: 10px !important;}&#8221;][vc_custom_heading text=&#8221;VACANTS D&#8217;OCUPACI\u00d3&#8221; font_container=&#8221;tag:h1|text_align:center&#8221; google_fonts=&#8221;font_family:Open%20Sans%3A300%2C300italic%2Cregular%2Citalic%2C600%2C600italic%2C700%2C700italic%2C800%2C800italic|font_style:700%20bold%20regular%3A700%3Anormal&#8221; css=&#8221;.vc_custom_1751987967886{padding-top: 20px !important;border-radius: 2px !important;}&#8221;][vc_empty_space height=&#8221;15px&#8221;][vc_column_text]<\/p>\n<h2 data-start=\"170\" data-end=\"235\"><\/h2>\n<h2 style=\"text-align: center;\" data-start=\"170\" data-end=\"235\"><strong data-start=\"173\" data-end=\"235\">\u00bfTagradaria formar part de l&#8217;equip d&#8217;Estructuras Arqu\u00e9?<\/strong><\/h2>\n<p>&nbsp;<\/p>\n<p>[\/vc_column_text][vc_column_text]<\/p>\n<p data-start=\"143\" data-end=\"313\">En aquests moments no tenim vacants actives, per\u00f2 pots fer-nos arribar la teva candidatura mitjan\u00e7ant el formulari que trobar\u00e0s a continuaci\u00f3.<\/p>\n<p>&nbsp;<\/p>\n<p>[\/vc_column_text][vc_empty_space height=&#8221;15px&#8221;]<a href=\"https:\/\/estructurasarque.com\/ca\/formulari-vacant-ocupacio\/\" target=\" _blank\" title=\"Inscriure&#039;m a la vacant\"  data-id=\"mpc_button-8969de61f5847a8\" class=\"mpc-button mpc-init mpc-transition \" ><div class=\"mpc-button__content mpc-effect-type--none mpc-effect-side--none\"><span class=\"mpc-button__title mpc-transition\">ENVIAR CV<\/span><\/div><div class=\"mpc-button__background mpc-transition mpc-effect-type--slide mpc-effect-side--top\"><\/div><\/a>[vc_empty_space height=&#8221;15px&#8221;][\/vc_column][\/vc_row][vc_row][vc_column offset=&#8221;vc_hidden-lg vc_hidden-md&#8221;]<div class=\"mpc-carousel__wrapper mpc-waypoint\"><div id=\"mpc_carousel_image-3269de61f584891\" class=\"mpc-carousel-image mpc-init mpc-layout--fluid mpc-effect--none mpc-force-height \"  data-mpcslick='{\"infinite\":true,\"autoplay\":true,\"slidesToShow\":3,\"slidesToScroll\":1,\"centerMode\":false,\"initialSlide\":0,\"rows\":1,\"autoplaySpeed\":1000,\"variableWidth\":true,\"speed\":500}' data-slick-cols=\"3\"><div class=\"mpc-carousel__item-wrapper\" data-height=\"99\"><div onclick=\"\" class=\"mpc-item mpc-transition\"><div class=\"mpc-border\"><\/div><img width=\"127\" height=\"99\" src=\"https:\/\/estructurasarque.com\/wp-content\/uploads\/2017\/04\/ASCEMok.png\" class=\"mpc-transition attachment-medium\" alt=\"\" loading=\"lazy\" \/><\/div><\/div><div class=\"mpc-carousel__item-wrapper\" data-height=\"179\"><div onclick=\"\" class=\"mpc-item mpc-transition\"><div class=\"mpc-border\"><\/div><img width=\"300\" height=\"84\" src=\"https:\/\/estructurasarque.com\/wp-content\/uploads\/2017\/04\/logo-cecot-new-300x84.jpg\" class=\"mpc-transition attachment-medium\" alt=\"\" loading=\"lazy\" srcset=\"https:\/\/estructurasarque.com\/wp-content\/uploads\/2017\/04\/logo-cecot-new-300x84.jpg 300w, https:\/\/estructurasarque.com\/wp-content\/uploads\/2017\/04\/logo-cecot-new-768x215.jpg 768w, https:\/\/estructurasarque.com\/wp-content\/uploads\/2017\/04\/logo-cecot-new-1024x287.jpg 1024w, https:\/\/estructurasarque.com\/wp-content\/uploads\/2017\/04\/logo-cecot-new-500x140.jpg 500w, https:\/\/estructurasarque.com\/wp-content\/uploads\/2017\/04\/logo-cecot-new-e1510220163842.jpg 150w\" sizes=\"(max-width: 300px) 100vw, 300px\" \/><\/div><\/div><div class=\"mpc-carousel__item-wrapper\" data-height=\"190\"><div onclick=\"\" class=\"mpc-item mpc-transition\"><div class=\"mpc-border\"><\/div><img width=\"300\" height=\"89\" src=\"https:\/\/estructurasarque.com\/wp-content\/uploads\/2017\/04\/logo-confemetal-300x89.jpg\" class=\"mpc-transition attachment-medium\" alt=\"\" loading=\"lazy\" srcset=\"https:\/\/estructurasarque.com\/wp-content\/uploads\/2017\/04\/logo-confemetal-300x89.jpg 300w, https:\/\/estructurasarque.com\/wp-content\/uploads\/2017\/04\/logo-confemetal-768x228.jpg 768w, https:\/\/estructurasarque.com\/wp-content\/uploads\/2017\/04\/logo-confemetal-1024x304.jpg 1024w, https:\/\/estructurasarque.com\/wp-content\/uploads\/2017\/04\/logo-confemetal-500x148.jpg 500w, https:\/\/estructurasarque.com\/wp-content\/uploads\/2017\/04\/logo-confemetal-e1510220174591.jpg 150w\" sizes=\"(max-width: 300px) 100vw, 300px\" \/><\/div><\/div><div class=\"mpc-carousel__item-wrapper\" data-height=\"674\"><div onclick=\"\" class=\"mpc-item mpc-transition\"><div class=\"mpc-border\"><\/div><img width=\"285\" height=\"300\" src=\"https:\/\/estructurasarque.com\/wp-content\/uploads\/2017\/04\/Logo-EN-1090-1-blue-285x300.png\" class=\"mpc-transition attachment-medium\" alt=\"\" loading=\"lazy\" srcset=\"https:\/\/estructurasarque.com\/wp-content\/uploads\/2017\/04\/Logo-EN-1090-1-blue-285x300.png 285w, https:\/\/estructurasarque.com\/wp-content\/uploads\/2017\/04\/Logo-EN-1090-1-blue-768x809.png 768w, https:\/\/estructurasarque.com\/wp-content\/uploads\/2017\/04\/Logo-EN-1090-1-blue-500x526.png 500w, https:\/\/estructurasarque.com\/wp-content\/uploads\/2017\/04\/Logo-EN-1090-1-blue.png 796w\" sizes=\"(max-width: 285px) 100vw, 285px\" \/><\/div><\/div><div class=\"mpc-carousel__item-wrapper\" data-height=\"99\"><div onclick=\"\" class=\"mpc-item mpc-transition\"><div class=\"mpc-border\"><\/div><img width=\"112\" height=\"99\" src=\"https:\/\/estructurasarque.com\/wp-content\/uploads\/2017\/04\/eccs-new.png\" class=\"mpc-transition attachment-medium\" alt=\"\" loading=\"lazy\" \/><\/div><\/div><div class=\"mpc-carousel__item-wrapper\" data-height=\"96\"><div onclick=\"\" class=\"mpc-item mpc-transition\"><div class=\"mpc-border\"><\/div><img width=\"300\" height=\"193\" src=\"https:\/\/estructurasarque.com\/wp-content\/uploads\/2017\/04\/31maig-portada-ok-300x193.jpg\" class=\"mpc-transition attachment-medium\" alt=\"\" loading=\"lazy\" srcset=\"https:\/\/estructurasarque.com\/wp-content\/uploads\/2017\/04\/31maig-portada-ok-300x193.jpg 300w, https:\/\/estructurasarque.com\/wp-content\/uploads\/2017\/04\/31maig-portada-ok-500x321.jpg 500w, https:\/\/estructurasarque.com\/wp-content\/uploads\/2017\/04\/31maig-portada-ok-e1510821774679.jpg 150w\" sizes=\"(max-width: 300px) 100vw, 300px\" \/><\/div><\/div><\/div><div class=\"mpc-navigation mpc-init mpc-align--left mpc-navigation--style_1  mpc-nav-preset--\" data-mpcslider=\"mpc_carousel_image-3269de61f584891\"><div class=\"mpc-nav__arrow mpcslick-prev\"><div class=\"mpc-nav__icon mpc-transition\"><i class=\"\"><div class=\"mpc-nav__background mpc-transition mpc-effect-type--fade mpc-effect-side--in\"><\/div><\/i><\/div><\/div><div class=\"mpc-nav__arrow mpcslick-next\"><div class=\"mpc-nav__icon mpc-transition\"><i class=\"\"><div class=\"mpc-nav__background mpc-transition mpc-effect-type--fade mpc-effect-side--in\"><\/div><\/i><\/div><\/div><\/div><\/div>[\/vc_column][\/vc_row]<\/p>\n","protected":false},"excerpt":{"rendered":"<p>[vc_row][vc_column css=&#8221;.vc_custom_1510225224023{padding-top: 72px !important;padding-right: 40px !important;padding-bottom: 72px !important;padding-left: 40px !important;background-position: 0 0 !important;background-repeat: no-repeat !important;border-radius: 10px !important;}&#8221;][vc_custom_heading text=&#8221;VACANTS D&#8217;OCUPACI\u00d3&#8221; font_container=&#8221;tag:h1|text_align:center&#8221; google_fonts=&#8221;font_family:Open%20Sans%3A300%2C300italic%2Cregular%2Citalic%2C600%2C600italic%2C700%2C700italic%2C800%2C800italic|font_style:700%20bold%20regular%3A700%3Anormal&#8221; css=&#8221;.vc_custom_1751987967886{padding-top: 20px !important;border-radius: 2px !important;}&#8221;][vc_empty_space height=&#8221;15px&#8221;][vc_column_text] \u00bfTagradaria formar part de l&#8217;equip d&#8217;Estructuras Arqu\u00e9? &nbsp; [\/vc_column_text][vc_column_text] En aquests moments no tenim vacants actives, per\u00f2 pots fer-nos arribar la teva candidatura mitjan\u00e7ant el formulari que trobar\u00e0s<\/p>\n","protected":false},"author":1,"featured_media":0,"parent":0,"menu_order":0,"comment_status":"closed","ping_status":"closed","template":"","meta":[],"_links":{"self":[{"href":"https:\/\/estructurasarque.com\/ca\/wp-json\/wp\/v2\/pages\/33195"}],"collection":[{"href":"https:\/\/estructurasarque.com\/ca\/wp-json\/wp\/v2\/pages"}],"about":[{"href":"https:\/\/estructurasarque.com\/ca\/wp-json\/wp\/v2\/types\/page"}],"author":[{"embeddable":true,"href":"https:\/\/estructurasarque.com\/ca\/wp-json\/wp\/v2\/users\/1"}],"replies":[{"embeddable":true,"href":"https:\/\/estructurasarque.com\/ca\/wp-json\/wp\/v2\/comments?post=33195"}],"version-history":[{"count":9,"href":"https:\/\/estructurasarque.com\/ca\/wp-json\/wp\/v2\/pages\/33195\/revisions"}],"predecessor-version":[{"id":33217,"href":"https:\/\/estructurasarque.com\/ca\/wp-json\/wp\/v2\/pages\/33195\/revisions\/33217"}],"wp:attachment":[{"href":"https:\/\/estructurasarque.com\/ca\/wp-json\/wp\/v2\/media?parent=33195"}],"curies":[{"name":"wp","href":"https:\/\/api.w.org\/{rel}","templated":true}]}}