{"id":33000,"date":"2025-04-03T08:20:29","date_gmt":"2025-04-03T08:20:29","guid":{"rendered":"https:\/\/estructurasarque.com\/?page_id=33000"},"modified":"2026-03-26T09:10:57","modified_gmt":"2026-03-26T09:10:57","slug":"medi-ambient-2","status":"publish","type":"page","link":"https:\/\/estructurasarque.com\/ca\/medi-ambient-2\/","title":{"rendered":"MEDIO AMBIENTE"},"content":{"rendered":"<p><strong><em>Expedient ICA025\/21\/018684<\/em><\/strong><\/p>\n<p><strong><em>A ESTRUCTURAS ARQU\u00c9, S.L., <\/em><\/strong><em>sempre tenim present la import\u00e0ncia del Medi Ambient, tant per a la societat com per a les nostres activitats. Per aix\u00f2, en el nostre comprom\u00eds per reduir l&#8217;impacte ambiental, s&#8217;ha fet una inversi\u00f3 mitjan\u00e7ant la instal\u00b7laci\u00f3 de plaques solars sobre coberta, cosa que ens permet generar energia neta, renovable i sostenible.<\/em><\/p>\n<p><em>\u00a0<\/em><\/p>\n<p><strong><em>En la nostra instal\u00b7laci\u00f3 de Soses, <\/em><\/strong><em>hem invertit un total de <strong>173.390,22 \u20ac<\/strong>, en <strong>654 panells solars, amb una pot\u00e8ncia unit\u00e0ria de 380 Wp<\/strong>, sent la pot\u00e8ncia total instal\u00b7lada de <strong>248,52 kWp<\/strong> i estimant una producci\u00f3 anual de <strong>301.951,89 kWh\/any.<\/strong><\/em><\/p>\n<p><em>Aquesta inversi\u00f3 s&#8217;ha dut a terme gr\u00e0cies als ajuts del Programa d&#8217;incentius lligats a l&#8217;autoconsum i l&#8217;emmagatzematge, amb fonts d&#8217;energia renovables, en el marc del Pla de Recuperaci\u00f3, Transformaci\u00f3 i Resili\u00e8ncia, finan\u00e7at per la Uni\u00f3 Europea \u2013 NextGenerationEU, obtenint una ajuda de <strong>44.035,78\u20ac<\/strong><\/em><\/p>\n<p><a href=\"https:\/\/estructurasarque.com\/wp-content\/uploads\/2025\/04\/Informe-projectes-mes-100-kW.pdf\" target=\"_blank\" rel=\"noopener\">Informe-projectes-mes-100-kW<\/a><\/p>\n<p><img loading=\"lazy\" class=\"alignnone wp-image-33036 size-full\" src=\"https:\/\/estructurasarque.com\/wp-content\/uploads\/2025\/04\/solar.png\" alt=\"\" width=\"1372\" height=\"323\" srcset=\"https:\/\/estructurasarque.com\/wp-content\/uploads\/2025\/04\/solar.png 1372w, https:\/\/estructurasarque.com\/wp-content\/uploads\/2025\/04\/solar-300x71.png 300w, https:\/\/estructurasarque.com\/wp-content\/uploads\/2025\/04\/solar-1024x241.png 1024w, https:\/\/estructurasarque.com\/wp-content\/uploads\/2025\/04\/solar-768x181.png 768w\" sizes=\"(max-width: 1372px) 100vw, 1372px\" \/><\/p>\n<p>&nbsp;<\/p>\n<p style=\"text-align: center;\">El Projecte d\u2019inversions productives per la millora dels processos productius de Estructuras Arqu\u00e9, SL t\u00e9 una subvenci\u00f3 atorgada del programa de Projectes d\u2019inversions productives a Catalunya.<\/p>\n<p style=\"text-align: center;\">Aquest expedient ha estat tramitat d\u2019acord amb la Resoluci\u00f3 EMT\/810\/2025, de 5 de mar\u00e7, per la qual es fa p\u00fablica i s&#8217;obre la convocat\u00f2ria de la l\u00ednia de subvencions per a projectes d&#8217;inversions productives a Catalunya.<\/p>\n<p style=\"text-align: center;\">Amb el suport del Departament d&#8217;Empresa i Treball<\/p>\n<p><img loading=\"lazy\" class=\"aligncenter size-full wp-image-33266\" src=\"https:\/\/estructurasarque.com\/wp-content\/uploads\/2026\/03\/dep-treball-generallitat.jpg\" alt=\"\" width=\"587\" height=\"145\" srcset=\"https:\/\/estructurasarque.com\/wp-content\/uploads\/2026\/03\/dep-treball-generallitat.jpg 587w, https:\/\/estructurasarque.com\/wp-content\/uploads\/2026\/03\/dep-treball-generallitat-300x74.jpg 300w\" sizes=\"(max-width: 587px) 100vw, 587px\" \/><\/p>\n","protected":false},"excerpt":{"rendered":"<p>Expedient ICA025\/21\/018684 A ESTRUCTURAS ARQU\u00c9, S.L., sempre tenim present la import\u00e0ncia del Medi Ambient, tant per a la societat com per a les nostres activitats. Per aix\u00f2, en el nostre comprom\u00eds per reduir l&#8217;impacte ambiental, s&#8217;ha fet una inversi\u00f3 mitjan\u00e7ant la instal\u00b7laci\u00f3 de plaques solars sobre coberta, cosa que ens permet generar energia neta, renovable<\/p>\n","protected":false},"author":1,"featured_media":0,"parent":0,"menu_order":0,"comment_status":"closed","ping_status":"closed","template":"","meta":[],"_links":{"self":[{"href":"https:\/\/estructurasarque.com\/ca\/wp-json\/wp\/v2\/pages\/33000"}],"collection":[{"href":"https:\/\/estructurasarque.com\/ca\/wp-json\/wp\/v2\/pages"}],"about":[{"href":"https:\/\/estructurasarque.com\/ca\/wp-json\/wp\/v2\/types\/page"}],"author":[{"embeddable":true,"href":"https:\/\/estructurasarque.com\/ca\/wp-json\/wp\/v2\/users\/1"}],"replies":[{"embeddable":true,"href":"https:\/\/estructurasarque.com\/ca\/wp-json\/wp\/v2\/comments?post=33000"}],"version-history":[{"count":12,"href":"https:\/\/estructurasarque.com\/ca\/wp-json\/wp\/v2\/pages\/33000\/revisions"}],"predecessor-version":[{"id":33271,"href":"https:\/\/estructurasarque.com\/ca\/wp-json\/wp\/v2\/pages\/33000\/revisions\/33271"}],"wp:attachment":[{"href":"https:\/\/estructurasarque.com\/ca\/wp-json\/wp\/v2\/media?parent=33000"}],"curies":[{"name":"wp","href":"https:\/\/api.w.org\/{rel}","templated":true}]}}