{"id":32897,"date":"2025-02-13T11:43:06","date_gmt":"2025-02-13T11:43:06","guid":{"rendered":"https:\/\/estructurasarque.com\/?page_id=32897"},"modified":"2025-02-14T07:41:01","modified_gmt":"2025-02-14T07:41:01","slug":"blog","status":"publish","type":"page","link":"https:\/\/estructurasarque.com\/ca\/blog\/","title":{"rendered":"Blog"},"content":{"rendered":"<p>[vc_row][vc_column]<!-- The Grid Plugin Version 2.7.4 --><!-- The Grid Wrapper Start --><div class=\"tg-grid-wrapper sofia-grid tg-grid-loading tg-nav-under full-height\" id=\"grid-32935\" data-version=\"2.7.4\"><!-- The Grid Styles --><style class=\"tg-grid-styles\" type=\"text\/css\" scoped>#grid-32935{margin-left:40px;margin-right:40px}#grid-32935 .tg-nav-color:not(.dots):not(.tg-dropdown-value):not(.tg-dropdown-title):not(.tg-filter-name):hover,#grid-32935 .tg-page-number.tg-page-current,#grid-32935 .tg-filter-active span:not(.tg-filter-count){color:#ff9900}#grid-32935 .tg-filter:not(.tg-dropdown-item):after{border-bottom:3px solid #ff9900}#grid-32935 .tg-search-holder:before,#grid-32935 .tg-dropdown-holder:before,#grid-32935 .tg-filter:not(.tg-dropdown-item):before{border-bottom:1px solid #FFDDAA}.tg-nav-under .tg-nav-font,.tg-nav-under input[type=text].tg-search{font-size:13px;font-weight:600;text-transform:uppercase}.tg-nav-under .tg-search::-webkit-input-placeholder{font-size:13px;font-weight:600;text-transform:uppercase}.tg-nav-under .tg-search::-moz-placeholder{font-size:13px;font-weight:600;text-transform:uppercase}.tg-nav-under .tg-search:-ms-input-placeholder{font-size:13px;font-weight:600;text-transform:uppercase}.tg-nav-under .tg-dropdown-item{font-weight:normal}.tg-nav-under .tg-dropdown-item{text-transform:none}.tg-nav-under a.tg-page-number{border:none}.tg-nav-under .tg-filter{margin:0 0 5px 0}.tg-nav-under .tg-filter-name{padding-left:20px;padding-right:20px}.tg-nav-under .tg-filter{padding-top:14px}.tg-nav-under .tg-filter-name{padding-bottom:14px}.tg-nav-under .tg-sorter-order,.tg-nav-under .tg-search-holder,.tg-nav-under .tg-dropdown-holder,.tg-nav-under .tg-ajax-button,.tg-nav-under .tg-pagination-holder,.tg-nav-under .tg-slider-bullets-holder,.tg-nav-under .tg-left-arrow,.tg-nav-under .tg-right-arrow{padding-top:14px;padding-bottom:14px}.tg-nav-under .tg-search-holder:before,.tg-nav-under .tg-dropdown-holder:before,.tg-nav-under .tg-filter:not(.tg-dropdown-item):before{content:\"\";position:absolute;display:block;top:0;bottom:0;left:0;right:0;opacity:0.6}.tg-nav-under .tg-filter:not(.tg-dropdown-item):after{content:\"\";position:absolute;display:block;top:0;bottom:0;left:0;right:0;margin:0 auto;opacity:0;-webkit-transform:scale(0,1);-moz-transform:scale(0,1);-ms-transform:scale(0,1);-o-transform:scale(0,1);transform:scale(0,1);-webkit-transition:-webkit-transform 0.2s linear,opacity 0.2s linear;-moz-transition:-moz-transform 0.2s linear,opacity 0.2s linear;-ms-transition:-ms-transform 0.2s linear,opacity 0.2s linear;-o-transition:-o-transform 0.2s linear,opacity 0.2s linear;transition:transform 0.2s linear,opacity 0.2s linear}.tg-nav-under .tg-filter.tg-filter-active:after,.tg-nav-under .tg-filter:hover:after{opacity:1;-webkit-transform:scale(1,1);-moz-transform:scale(1,1);-ms-transform:scale(1,1);-o-transform:scale(1,1);transform:scale(1,1)}.tg-nav-under .tg-left-arrow:before,.tg-nav-under .tg-right-arrow:before,.tg-nav-under .tg-icon-dropdown-open:before,.tg-nav-under .tg-icon-sorter-down:before,.tg-nav-under .tg-icon-sorter-up:before{font-weight:bolder;font-size:17px;position:relative}.tg-nav-under .tg-icon-left-arrow:before{content:\"\\e604\";font-size:32px;font-weight:100}.tg-nav-under .tg-icon-right-arrow:before{content:\"\\e602\";font-size:32px;font-weight:100}.tg-nav-under .tg-icon-dropdown-open:before,.tg-nav-under .tg-icon-sorter-down:before{content:\"\\e60a\"}.tg-nav-under .tg-icon-sorter-up:before{content:\"\\e609\"}.tg-nav-under .tg-search-clear:before{content:\"\\e611\";font-weight:300}.tg-nav-under .tg-search-icon:before{content:\"\\e62e\";font-size:16px;font-weight:600}.tg-nav-under .tg-page-number{font-size:14px}.tg-nav-under .tg-grid-area-left .tg-left-arrow,.tg-nav-under .tg-grid-area-right .tg-right-arrow{width:40px;height:40px;line-height:40px;padding:0}.tg-nav-under .tg-grid-area-left .tg-icon-left-arrow:before,.tg-nav-under .tg-grid-area-right .tg-icon-right-arrow:before{top:0;line-height:40px}#grid-32935 .tg-nav-color,#grid-32935 .tg-search-icon:hover:before,#grid-32935 .tg-search-icon:hover input,#grid-32935 .tg-disabled:hover .tg-icon-left-arrow,#grid-32935 .tg-disabled:hover .tg-icon-right-arrow,#grid-32935 .tg-dropdown-title.tg-nav-color:hover{color:#ff9900}#grid-32935 input.tg-search:hover{color:#ff9900 !important}#grid-32935 input.tg-search::-webkit-input-placeholder{color:#ff9900}#grid-32935 input.tg-search::-moz-placeholder{color:#ff9900;opacity:1}#grid-32935 input.tg-search:-ms-input-placeholder{color:#ff9900}.grid-32935 .tg-dropdown-item{color:#ff9900;background:#ff9900}.grid-32935 .tg-filter-active,.grid-32935 .tg-dropdown-item:hover{color:#ff9900;background:#ff9900}#grid-32935 .tg-slider-bullets li.tg-active-item span{background:#59585b}#grid-32935 .tg-slider-bullets li span{background:#DDDDDD}#grid-32935 .tg-grid-area-top2{text-align:center;margin-bottom:60px}#grid-32935 .tg-grid-area-bottom1{text-align:center;margin-top:60px}.sofia a,.sofia a:active,.sofia a:focus,.sofia .tg-share-icons i{text-decoration:none;border:none;-webkit-box-shadow:none;box-shadow:none;-webkit-transition:opacity 0.25s ease,color 0.25s ease;-moz-transition:opacity 0.25s ease,color 0.25s ease;-ms-transition:opacity 0.25s ease,color 0.25s ease;-o-transition:opacity 0.25s ease,color 0.25s ease;transition:opacity 0.25s ease,color 0.25s ease}.sofia .tg-media-button:hover,.sofia a:not(.mejs-volume-slider):hover{opacity:0.85 !important}.sofia > *{overflow:hidden}.sofia *:not(.mejs-controls){-webkit-transition:-webkit-transform 0.8s cubic-bezier(.17,.73,.66,.99) 0s,z-index 0s step-end,opacity 0.4s ease !important;-moz-transition:-moz-transforms 0.8s cubic-bezier(.17,.73,.66,.99) 0s,z-index 0s step-end,opacity 0.4s ease !important;-ms-transition:-ms-transform 0.8s cubic-bezier(.17,.73,.66,.99) 0s,z-index 0s step-end,opacity 0.4s ease !important;-o-transition:-o-transform 0.8s cubic-bezier(.17,.73,.66,.99) 0s,z-index 0s step-end,opacity 0.4s ease !important;transition:transform 0.8s cubic-bezier(.17,.73,.66,.99) 0s,z-index 0s step-end,opacity 0.4s ease !important}.sofia.tg-force-play *:not(.mejs-controls),.sofia.tg-is-playing *:not(.mejs-controls){-webkit-transition:-webkit-transform 0.8s cubic-bezier(.17,.73,.66,.99) 0s,z-index 0.4s step-end,opacity 0.4s ease !important;-moz-transition:-moz-transforms 0.8s cubic-bezier(.17,.73,.66,.99) 0s,z-index 0.4s step-end,opacity 0.4s ease !important;-ms-transition:-ms-transform 0.8s cubic-bezier(.17,.73,.66,.99) 0s,z-index 0.4s step-end,opacity 0.4s ease !important;-o-transition:-o-transform 0.8s cubic-bezier(.17,.73,.66,.99) 0s,z-index 0.4s step-end,opacity 0.4s ease !important;transition:transform 0.8s cubic-bezier(.17,.73,.66,.99) 0s,z-index 0.4s step-end,opacity 0.4s ease !important}.sofia .tg-item-content-inner div,.sofia .tg-item-content-inner .tg-link-button{-webkit-transition:-webkit-transform 0.4s cubic-bezier(.17,.73,.66,.99) 0s,z-index 0.4s step-end,opacity 0.4s ease !important;-moz-transition:-moz-transforms 0.4s cubic-bezier(.17,.73,.66,.99) 0s,z-index 0.4s step-end,opacity 0.4s ease !important;-ms-transition:-ms-transform 0.4s cubic-bezier(.17,.73,.66,.99) 0s,z-index 0.4s step-end,opacity 0.4s ease !important;-o-transition:-o-transform 0.4s cubic-bezier(.17,.73,.66,.99) 0s,z-index 0.4s step-end,opacity 0.4s ease !important;transition:transform 0.4s cubic-bezier(.17,.73,.66,.99) 0s,z-index 0.4s step-end,opacity 0.4s ease !important}.tg-force-play .tg-item-audio-poster,.tg-is-playing .tg-item-audio-poster{-webkit-transform:matrix(1,0,0,1,0,0) !important;-moz-transform:matrix(1,0,0,1,0,0) !important}.sofia .tg-item-image{outline:1px solid transparent !important}.sofia .tg-panZ{overflow:hidden !important}.sofia .tg-panZ,.sofia .tg-item-image-holder,.sofia .tg-item-content-holder{position:absolute;display:block;bottom:0;left:0;width:100%;height:100%;text-align:center;background:none !important}.sofia .tg-item-content-holder .tg-item-content-inner{position:relative;display:block;text-align:center;background:none}.sofia .tg-item-content-holder .tg-item-content-inner{position:absolute;display:block;bottom:0;left:0;padding:14px 30px;width:100%}.tg-layout-justified .sofia .tg-item-content-inner{padding:14px}.sofia .tg-item-title,.sofia .tg-item-title a{position:relative;display:block;font-size:18px;line-height:22px;letter-spacing:1px;font-weight:600;margin:0 !important;padding:12px 40px !important;text-transform:uppercase}.tg-layout-justified .sofia .tg-item-title,.tg-layout-justified .sofia .tg-item-title a{font-size:14px;line-height:18px;padding:12px 0 !important}.sofia .tg-item-title a{margin:0 !important;padding:0 !important}.sofia .tg-item-overlay{position:absolute;top:0;left:0;width:100%;height:100%}.sofia:hover .tg-item-overlay{opacity:0.5}.sofia .tg-media-button,.sofia .tg-link-button{position:absolute;display:block;left:0;right:0;bottom:0;margin:0;padding:26px 14px;text-align:center;cursor:pointer;opacity:0;font-size:16px;font-weight:600;line-height:22px;text-transform:uppercase}.tg-layout-justified .sofia .tg-media-button,.tg-layout-justified .sofia .tg-link-button{font-size:14px;padding:26px 0}.sofia .tg-media-button,.sofia .tg-link-button{opacity:0;line-height:22px;-webkit-transform:translate3d(0,30px,0);-moz-transform:translate3d(0,30px,0);-ms-transform:translate3d(0,30px,0);-o-transform:translate3d(0,30px,0);transform:translate3d(0,30px,0)}.sofia .tg-media-button i,.sofia .tg-link-button i{position:relative;display:inline-block;vertical-align:top;line-height:22px;font-size:14px;padding:0 5px 0 0}.sofia .tg-media-button a,.sofia .tg-link-button a{vertical-align:top;line-height:22px}.sofia .tg-link-button i{font-size:22px}.sofia:hover .tg-item-content-holder .tg-item-title{opacity:0;-webkit-transform:translate3d(0,-30px,0);-moz-transform:translate3d(0,-30px,0);-ms-transform:translate3d(0,-30px,0);-o-transform:translate3d(0,-30px,0);transform:translate3d(0,-30px,0)}.sofia.tg-is-playing .tg-item-content-holder,.sofia.tg-force-play .tg-item-content-holder,.sofia.tg-is-playing .tg-item-overlay,.sofia.tg-force-play .tg-item-overlay{opacity:0;z-index:-1}.sofia:hover .tg-item-content-holder .tg-media-button,.sofia:hover .tg-item-content-holder .tg-link-button{opacity:1;-webkit-transform:translate3d(0,0,0);-moz-transform:translate3d(0,0,0);-ms-transform:translate3d(0,0,0);-o-transform:translate3d(0,0,0);transform:translate3d(0,0,0)}.tg-item .tg-dark div,.tg-item .tg-dark h1,.tg-item .tg-dark h1 a,.tg-item .tg-dark h2,.tg-item .tg-dark h2 a,.tg-item .tg-dark h3,.tg-item .tg-dark h3 a,.tg-item .tg-dark h4,.tg-item .tg-dark h4 a,.tg-item .tg-dark h5,.tg-item .tg-dark h5 a,.tg-item .tg-dark h6,.tg-item .tg-dark h6 a,.tg-item .tg-dark a,.tg-item .tg-dark a.tg-link-url,.tg-item .tg-dark i,.tg-item .tg-dark .tg-media-button,.tg-item .tg-dark .tg-item-price span{color:#ffffff;fill:#ffffff;stroke:#ffffff;border-color:#ffffff}.tg-item .tg-dark p,.tg-item .tg-dark ol,.tg-item .tg-dark ul,.tg-item .tg-dark li{color:#777777;fill:#777777;stroke:#777777;border-color:#777777}.tg-item .tg-dark span,.tg-item .tg-dark .no-liked .to-heart-icon path,.tg-item .tg-dark .empty-heart .to-heart-icon path,.tg-item .tg-dark .tg-item-comment i,.tg-item .tg-dark .tg-item-price del span{color:#999999;fill:#999999;stroke:#999999;border-color:#999999}.tg-item .tg-light div,.tg-item .tg-light h1,.tg-item .tg-light h1 a,.tg-item .tg-light h2,.tg-item .tg-light h2 a,.tg-item .tg-light h3,.tg-item .tg-light h3 a,.tg-item .tg-light h4,.tg-item .tg-light h4 a,.tg-item .tg-light h5,.tg-item .tg-light h5 a,.tg-item .tg-light h6,.tg-item .tg-light h6 a,.tg-item .tg-light a,.tg-item .tg-light a.tg-link-url,.tg-item .tg-light i,.tg-item .tg-light .tg-media-button,.tg-item .tg-light .tg-item-price span{color:#ffffff;fill:#ffffff;stroke:#ffffff;border-color:#ffffff}.tg-item .tg-light p,.tg-item .tg-light ol,.tg-item .tg-light ul,.tg-item .tg-light li{color:#f6f6f6;fill:#f6f6f6;stroke:#f6f6f6;border-color:#f6f6f6}.tg-item .tg-light span,.tg-item .tg-light .no-liked .to-heart-icon path,.tg-item .tg-light .empty-heart .to-heart-icon path,.tg-item .tg-light .tg-item-comment i,.tg-item .tg-light .tg-item-price del span{color:#f5f5f5;fill:#f5f5f5;stroke:#f5f5f5;border-color:#f5f5f5}#grid-32935 .tg-item-content-holder{background-color:#000000}#grid-32935 .tg-item-overlay{background-color:rgba(0,0,0,0.56)}<\/style><!-- The Grid Item Sizer --><div class=\"tg-grid-sizer\"><\/div><!-- The Grid Gutter Sizer --><div class=\"tg-gutter-sizer\"><\/div><!-- The Grid Area Top 2 --><div class=\"tg-grid-area-top2\"><div class=\"tg-filters-holder\"><div class=\"tg-filter tg-filter-active tg-nav-color tg-nav-border tg-nav-font\" data-filter=\"*\"><span class=\"tg-filter-name tg-nav-color tg-nav-font\">Tots (<span class=\"tg-filter-count\"><\/span>)<\/span><\/div><div class=\"tg-filter tg-nav-color tg-nav-border tg-nav-font\" data-taxo=\"category\" data-filter=\".f90\"><span class=\"tg-filter-name tg-nav-color tg-nav-font\">Blog (<span class=\"tg-filter-count\"><\/span>)<\/span><\/div><div class=\"tg-filter tg-nav-color tg-nav-border tg-nav-font\" data-taxo=\"category\" data-filter=\".f93\"><span class=\"tg-filter-name tg-nav-color tg-nav-font\">Blog (<span class=\"tg-filter-count\"><\/span>)<\/span><\/div><div class=\"tg-filter tg-nav-color tg-nav-border tg-nav-font\" data-taxo=\"category\" data-filter=\".f50\"><span class=\"tg-filter-name tg-nav-color tg-nav-font\">Edificaci\u00f3 (<span class=\"tg-filter-count\"><\/span>)<\/span><\/div><div class=\"tg-filter tg-nav-color tg-nav-border tg-nav-font\" data-taxo=\"category\" data-filter=\".f51\"><span class=\"tg-filter-name tg-nav-color tg-nav-font\">Industrial i Log\u00edstica (<span class=\"tg-filter-count\"><\/span>)<\/span><\/div><div class=\"tg-filter tg-nav-color tg-nav-border tg-nav-font\" data-taxo=\"category\" data-filter=\".f52\"><span class=\"tg-filter-name tg-nav-color tg-nav-font\">Infraestructures (<span class=\"tg-filter-count\"><\/span>)<\/span><\/div><div class=\"tg-filter tg-nav-color tg-nav-border tg-nav-font\" data-taxo=\"category\" data-filter=\".f53\"><span class=\"tg-filter-name tg-nav-color tg-nav-font\">Instal\u00b7lacions Esportives (<span class=\"tg-filter-count\"><\/span>)<\/span><\/div><div class=\"tg-filter tg-nav-color tg-nav-border tg-nav-font\" data-taxo=\"category\" data-filter=\".f54\"><span class=\"tg-filter-name tg-nav-color tg-nav-font\">Projectes Especials (<span class=\"tg-filter-count\"><\/span>)<\/span><\/div><div class=\"tg-filter tg-nav-color tg-nav-border tg-nav-font\" data-taxo=\"category\" data-filter=\".f75\"><span class=\"tg-filter-name tg-nav-color tg-nav-font\">Turismo y Restauracion (<span class=\"tg-filter-count\"><\/span>)<\/span><\/div><div class=\"tg-filter tg-nav-color tg-nav-border tg-nav-font\" data-taxo=\"category\" data-filter=\".f47\"><span class=\"tg-filter-name tg-nav-color tg-nav-font\">Uncategorized @ca (<span class=\"tg-filter-count\"><\/span>)<\/span><\/div><\/div><\/div><!-- The Grid Items Holder --><div class=\"tg-grid-holder tg-layout-grid\"  data-name=\"Blog cat\"  data-style=\"grid\" data-row=\"1\" data-layout=\"vertical\" data-rtl=\"\" data-fitrows=\"\" data-filtercomb=\"\" data-filterlogic=\"OR\" data-filterload =\"\" data-sortbyload =\"none\" data-orderload =\"false\" data-fullwidth=\"1\" data-fullheight=\"null\" data-gutters=\"[[320,0],[580,0],[780,0],[1300,0],[1600,0],[9999,0]]\" data-slider='{\"itemNav\":\"null\",\"swingSpeed\":0.1,\"cycleBy\":\"null\",\"cycle\":5000,\"startAt\":1}' data-ratio=\"1.33\" data-cols=\"[[320,1],[580,1],[780,2],[1300,3],[1600,4],[9999,4]]\" data-rows=\"[[320,200],[580,200],[780,220],[1300,220],[1600,240],[9999,240]]\" data-animation='{&quot;name&quot;:&quot;Perspective Z&quot;,&quot;visible&quot;:&quot;matrix3d(1,0,0,0,0,1,0,0,0,0,1,0,0,0,0,1)&quot;,&quot;hidden&quot;:&quot;matrix3d(0.70592, 0.02465, 0.37557, -0.00062, -0.06052, 0.79532, 0.06156, -0.0001, -0.46435, -0.10342, 0.87958, -0.00146, -21.42566, 4.13698, 4.81749, 0.99197085)&quot;}' data-transition=\"680ms\" data-ajaxmethod=\"\" data-ajaxdelay=\"150\" data-preloader=\"1\" data-itemdelay=\"0\" data-gallery=\"1\" data-ajax=\"\"><!-- The Grid item #1 --><article class=\"tg-item tg-post-32917 sofia f90 tg-item-reveal\" data-id=\"32917\" data-date=\"1739458666\" data-title=\"Com \u00e9s el p\" data-author=\"adminArque\" data-none=\"0\" data-row=\"1\" data-col=\"1\"><div class=\"tg-item-inner\"><div class=\"tg-panZ\"><div class=\"tg-item-media-holder tg-light\"><div class=\"tg-item-media-inner\"><div class=\"tg-item-image\" style=\"background-image: url(https:\/\/estructurasarque.com\/wp-content\/uploads\/2025\/02\/proceso-de-fabricacion-de-estructuras-metalicas-tubos-nave.jpg)\"><\/div><\/div><\/div><div class=\"tg-item-overlay\" style=\"background:transparent;background: linear-gradient(top, rgba(0,0,0,0) 0%, rgba(0,0,0,0.56) 100%);background: -moz-linear-gradient(top, rgba(0,0,0,0) 0%, rgba(0,0,0,0.56) 100%);background: -ms-linear-gradient(top, rgba(0,0,0,0) 0%, rgba(0,0,0,0.56) 100%);background: -o-linear-gradient( top, rgba(0,0,0,0) 0%, rgba(0,0,0,0.56) 100%);background: -webkit-linear-gradient( top, rgba(0,0,0,0) 0%, rgba(0,0,0,0.56) 100%);-ms-filter: progid:DXImageTransform.Microsoft.gradient(startColorstr=#00000000, endColorstr=#ff000000);filter: progid:DXImageTransform.Microsoft.gradient(startColorstr=#00000000, endColorstr=#ff000000);\"><\/div><div class=\"tg-item-content-holder tg-light image-format\"><div class=\"tg-item-content-inner\"><h2 class=\"tg-item-title\"><a href=\"https:\/\/estructurasarque.com\/ca\/com-es-el-proces-de-fabricacio-destructures-metal%c2%b7liques\/\" target=\"_self\">Com \u00e9s el proc\u00e9s de fabricaci\u00f3 d&#8217;estructures met\u00e0l\u00b7liques?<\/a><\/h2><a class=\"tg-link-button\" href=\"https:\/\/estructurasarque.com\/ca\/com-es-el-proces-de-fabricacio-destructures-metal%c2%b7liques\/\" target=\"_self\"><i class=\"tg-icon-add\"><\/i>Veure'n m\u00e9s<\/a><\/div><\/div><\/div><\/div><\/article><\/div><script type=\"text\/javascript\">(function($) {\"use strict\";var tglb    = '[data-tolb-src]',\n    close   = '.tolb-inner, .tolb-close',\n    disable = 'tolb-disabled';\n$(document).on('click', tglb, function() {\n    var $this = $(this);\n    $(tglb).not($this.add($this.nextAll(tglb))).addClass(disable);\n});\n$(document).on('click touchend', close, function() {\n    $(tglb).removeClass(disable);\n});\n$(document).on('keydown', function(e) {\n   if ($('.tolb-holder').hasClass('tolb-open')) {\n       $(tglb).removeClass(disable);\n   }\n});})(jQuery)<\/script><div class=\"tg-grid-preloader\"><style class=\"tg-grid-preloader-styles\" type=\"text\/css\" scoped>@-webkit-keyframes ball-scale{0%{-webkit-transform:scale(0);transform:scale(0)}100%{-webkit-transform:scale(1);transform:scale(1);opacity:0}}@keyframes ball-scale{0%{-webkit-transform:scale(0);transform:scale(0)}100%{-webkit-transform:scale(1);transform:scale(1);opacity:0}}.ball-scale>div{background-color:#fff;border-radius:100%;margin:2px;display:inline-block;height:60px;width:60px;-webkit-animation:ball-scale 1s 0s ease-in-out infinite;animation:ball-scale 1s 0s ease-in-out infinite}#grid-32935 .tg-grid-preloader-inner>div{background:#ff9900}#grid-32935 .tg-grid-preloader-scale{transform:scale(0.84)}<\/style><div class=\"tg-grid-preloader-holder\"><div class=\"tg-grid-preloader-scale\"><div class=\"tg-grid-preloader-inner ball-scale\"><div><\/div><\/div><\/div><\/div><\/div><\/div><!-- The Grid Wrapper End -->[\/vc_column][\/vc_row]<\/p>\n","protected":false},"excerpt":{"rendered":"<p>[vc_row][vc_column][\/vc_column][\/vc_row]<\/p>\n","protected":false},"author":1,"featured_media":0,"parent":0,"menu_order":0,"comment_status":"closed","ping_status":"closed","template":"","meta":[],"_links":{"self":[{"href":"https:\/\/estructurasarque.com\/ca\/wp-json\/wp\/v2\/pages\/32897"}],"collection":[{"href":"https:\/\/estructurasarque.com\/ca\/wp-json\/wp\/v2\/pages"}],"about":[{"href":"https:\/\/estructurasarque.com\/ca\/wp-json\/wp\/v2\/types\/page"}],"author":[{"embeddable":true,"href":"https:\/\/estructurasarque.com\/ca\/wp-json\/wp\/v2\/users\/1"}],"replies":[{"embeddable":true,"href":"https:\/\/estructurasarque.com\/ca\/wp-json\/wp\/v2\/comments?post=32897"}],"version-history":[{"count":3,"href":"https:\/\/estructurasarque.com\/ca\/wp-json\/wp\/v2\/pages\/32897\/revisions"}],"predecessor-version":[{"id":32936,"href":"https:\/\/estructurasarque.com\/ca\/wp-json\/wp\/v2\/pages\/32897\/revisions\/32936"}],"wp:attachment":[{"href":"https:\/\/estructurasarque.com\/ca\/wp-json\/wp\/v2\/media?parent=32897"}],"curies":[{"name":"wp","href":"https:\/\/api.w.org\/{rel}","templated":true}]}}