{"id":29460,"date":"2018-04-10T09:28:29","date_gmt":"2018-04-10T09:28:29","guid":{"rendered":"http:\/\/estructurasarque.com\/?page_id=29460"},"modified":"2019-03-14T15:00:15","modified_gmt":"2019-03-14T15:00:15","slug":"cookies","status":"publish","type":"page","link":"https:\/\/estructurasarque.com\/ca\/cookies\/","title":{"rendered":"Pol\u00edtica de Cookies"},"content":{"rendered":"<p>[vc_row css=&#8221;.vc_custom_1481251098287{padding-top: 60px !important;}&#8221;][vc_column][vc_custom_heading text=&#8221;POL\u00cdTICA DE COOKIES&#8221; font_container=&#8221;tag:h1|text_align:center&#8221; google_fonts=&#8221;font_family:Open%20Sans%3A300%2C300italic%2Cregular%2Citalic%2C600%2C600italic%2C700%2C700italic%2C800%2C800italic|font_style:700%20bold%20regular%3A700%3Anormal&#8221; css=&#8221;.vc_custom_1523352503517{padding-top: 20px !important;border-radius: 2px !important;}&#8221;]<div data-id=\"mpc_divider-3369d553dfe2ac3\" class=\"mpc-divider-wrap\"><div class=\"mpc-divider mpc-init mpc-align--center \" ><div class=\"mpc-divider__line mpc-side--left\"><span><\/span><\/div><div class=\"mpc-divider__separator\"><div class=\"mpc-divider__content etl etl-search\"><\/div><\/div><div class=\"mpc-divider__line mpc-side--right\"><span><\/span><\/div><\/div><\/div>[vc_empty_space height=&#8221;20px&#8221;]<div id=\"mpc_textblock-4769d553dfe2afb\" class=\"mpc-textblock mpc-init \"><h1><strong>Apartat 1<\/strong><\/h1>\n<p><strong>Pol\u00edtica de cookies<\/strong><\/p>\n<p>Una cookie \u00e9s un fitxer petit que s\u2019emmagatzema al seu navegador quan visita la majoria de p\u00e0gines web. La seva utilitat \u00e9s que la web sigui capa\u00e7 de recordar la seva visita quan torni a navegar per aquella p\u00e0gina. Les <em>cookies<\/em> solen emmagatzemar informaci\u00f3 de car\u00e0cter t\u00e8cnic, prefer\u00e8ncies personals, personalitzaci\u00f3 de continguts, estad\u00edstiques d\u2019\u00fas, enlla\u00e7os a xarxes socials, acc\u00e9s a comptes d\u2019usuari, etc. L\u2019objectiu de la cookie es adaptar el contingut de la web al seu perfil o necessitats, sense <em>cookies<\/em> els serveis oferts per qualsevol p\u00e0gina es veurien minvats notablement. Si desitja consultar m\u00e9s informaci\u00f3 sobre qu\u00e8 s\u00f3n les <em>cookies<\/em>, qu\u00e8 emmagatzemen, com eliminar-les, desactivar-les, etc.<strong><u> pot dirigir-se a aquest enlla\u00e7<\/u><\/strong>. (apartat 2)<\/p>\n<p><strong>\u00a0<\/strong><\/p>\n<p><strong>Cookies utilitzades en aquest lloc web<\/strong><\/p>\n<p>Seguint les directrius de la Ag\u00e8ncia Espanyola de Protecci\u00f3 de Dades procedim a detallar l\u2019\u00fas de <em>cookies<\/em> que fa aquesta web amb la finalitat d\u2019informar-te amb la m\u00e0xima exactitud possible.<\/p>\n<p>Aquest lloc web utilitza les seg\u00fcents\u00a0<strong>cookies pr\u00f2pies<\/strong>:<\/p>\n<p><em>Cookies<\/em> de sessi\u00f3, per garantir que els\u00a0usuaris que escriguin\u00a0comentaris al bloc siguin humans i\u00a0no aplicacions automatitzades. D\u2019aquesta manera es combat l\u2019spam.<\/p>\n<p>&nbsp;<\/p>\n<table style=\"height: 94px;\" width=\"1102\">\n<tbody>\n<tr>\n<td>Nom de la cookie<\/td>\n<td>Durada de cookie<\/td>\n<td>Prop\u00f2sit de la cookie<\/td>\n<\/tr>\n<tr>\n<td>catAccCookies<\/td>\n<td>Sessi\u00f3<\/td>\n<td>Cookie establerta pel consentiment de les cookies, per gravar que accepta el fet que el lloc utilitza cookies<\/td>\n<\/tr>\n<tr>\n<td>wfvt_2224618901<\/td>\n<td><\/td>\n<td><\/td>\n<\/tr>\n<tr>\n<td>wordpress_test_cookie<\/td>\n<td>Sessi\u00f3<\/td>\n<td>Aquesta <em>cookie<\/em> s&#8217;usa perqu\u00e8 el gestor de continguts WordPress comprovi si el navegador t\u00e9 les galetes activades.<\/td>\n<\/tr>\n<\/tbody>\n<\/table>\n<p>&nbsp;<\/p>\n<p>Aquest lloc\u00a0web utilitza las seg\u00fcents <strong>cookies de tercers<\/strong>:<\/p>\n<p>&nbsp;<\/p>\n<table style=\"height: 94px;\" width=\"1102\">\n<tbody>\n<tr>\n<td>Nom de la cookie<\/td>\n<td>Durada de cookie<\/td>\n<td>Prop\u00f2sit de la cookie<\/td>\n<\/tr>\n<tr>\n<td>_gid<\/td>\n<td>Sessi\u00f3<\/td>\n<td>Es fa servir per distingir els usuaris.<\/td>\n<\/tr>\n<tr>\n<td>_gat<\/td>\n<td>Sessi\u00f3<\/td>\n<td>Es tracta d&#8217;una galeta estad\u00edstica, relacionada amb Google Analytics. S&#8217;usa per limitar el percentatge de sol\u00b7licituds<\/td>\n<\/tr>\n<tr>\n<td>_ga<\/td>\n<td>2 anys<\/td>\n<td>Es tracta d&#8217;una cookie estad\u00edstica, relacionada amb Google Analytics. Aquesta cookie recopila informaci\u00f3 sobre l&#8217;activitat dels usuaris i no sobre la seva identificaci\u00f3 personal. Informaci\u00f3 sobre l&#8217;origen de les visites, paraules claus, navegador utilitzat, etc.<\/td>\n<\/tr>\n<\/tbody>\n<\/table>\n<p>GoogleAnalytics: Emmagatzema\u00a0<em>cookies<\/em> per poder el\u00b7laborar estad\u00edstiques sobre el tr\u00e0fic\u00a0i\u00a0volum de visites d\u2019aquesta web. A l\u2019utilitzar\u00a0aquest lloc\u00a0web est\u00e0\u00a0consentint el tractament d\u2019informaci\u00f3 sobre vost\u00e8 per\u00a0Google. En conseq\u00fc\u00e8ncia, l\u2019exercici de qualsevol dret\u00a0en aquest\u00a0sentit\u00a0ho haur\u00e0 de fer\u00a0comunicant directament\u00a0amb\u00a0Google.<\/p>\n<p>Xarxa\u00a0socials: Cada xarxa\u00a0social utilitza les seves pr\u00f2pies\u00a0<em>cookies<\/em> perqu\u00e8 vost\u00e8 pugui pr\u00e9mer els botons del tipus <em>M\u2019agrada<\/em> o <em>Compartir<\/em>.<\/p>\n<ul>\n<li>YouTube<\/li>\n<li>Twitter<\/li>\n<li>Facebook<\/li>\n<\/ul>\n<p><strong>\u00a0<\/strong><\/p>\n<p><strong>Desactivaci\u00f3 o eliminaci\u00f3 de cookies<\/strong><\/p>\n<p>En qualsevol\u00a0moment podr\u00e0 exercir el seu dret de\u00a0desactivaci\u00f3 o eliminaci\u00f3 de <em>cookies<\/em> d\u2019aquest lloc web. Aquestes\u00a0accions es\u00a0realitzen de forma diferent en funci\u00f3 del navegador que estigui utilitzant. <strong><u>Aqu\u00ed deixem una guia\u00a0r\u00e0pida pels navegadors m\u00e9s populars<\/u><\/strong>. (apartat 3)<\/p>\n<p><strong>\u00a0<\/strong><\/p>\n<p><strong>Notes addicionals<\/strong><\/p>\n<p>Ni aquesta\u00a0web ni els seus representants\u00a0legals es fan\u00a0responsables ni del contingut ni de la veracitat\u00a0de les pol\u00edtiques de privacitat que puguin tenir els tercers mencionats en aquesta pol\u00edtica de <em>cookies<\/em>.<\/p>\n<p>Els navegadors web s\u00f3n les eines encarregades d\u2019emmagatzemar les\u00a0<em>cookies<\/em>\u00a0i des d\u2019aquest lloc d\u2019efectuar el seu dret a eliminaci\u00f3 o desactivaci\u00f3 de\u00a0les mateixes. Ni aquest web ni els seus representants legals poden garantir la\u00a0correcta o incorrecta manipulaci\u00f3 de les <em>cookies<\/em>\u00a0per part dels\u00a0esmentats navegadors.<\/p>\n<p>En alguns casos es necessari instal\u00b7lar <em>cookies<\/em> perqu\u00e8 el navegador no oblidi la seva decisi\u00f3 de no acceptaci\u00f3 de les mateixes.<\/p>\n<p>En el cas de les <em>cookies<\/em> de GoogleAnalytics, aquesta\u00a0empresa\u00a0emmagatzema les\u00a0<em>cookies<\/em>\u00a0en els servidors en Estats Units i es compromet a no\u00a0compartir-la amb tercers, excepte en els casos en qu\u00e8 sigui necessari per\u00a0el funcionament del sistema o quan la llei obligui a aquest efecte. Segons\u00a0Google no guarda la seva adre\u00e7a IP.\u00a0Google Inc.\u00a0\u00e9s una companyia adherida a l\u2019Escut de privacitat que garanteix que totes les dades transferides seran\u00a0tractats amb un nivell de protecci\u00f3 d\u2019acord amb la normativa europea. Pot consultar informaci\u00f3 detallada sobre aquest tema\u00a0<a href=\"http:\/\/safeharbor.export.gov\/companyinfo.aspx?id=16626\">en <strong>aquest\u00a0enlla\u00e7<\/strong><\/a><strong><u>(1)<\/u><\/strong>. Si desitja informaci\u00f3 sobre l\u2019\u00fas que Google fa de\u00a0les <em>cookies<\/em><a href=\"https:\/\/developers.google.com\/analytics\/devguides\/collection\/analyticsjs\/cookie-usage?hl=es&amp;csw=1\">adjuntem <strong>aquest altre\u00a0enlla\u00e7<\/strong><\/a><strong><u>(2)<\/u><\/strong>.<\/p>\n<p>Per qualsevol dubte o consulta sobre aquesta pol\u00edtica <em>cookies<\/em>\u00a0no dubti en\u00a0comunicar-se amb nosaltres a trav\u00e9s de la secci\u00f3 de contacte.<\/p>\n<p><strong>(1)<\/strong><a href=\"https:\/\/www.privacyshield.gov\/welcome\">https:\/\/www.privacyshield.gov\/welcome<\/a><\/p>\n<p><strong>(2)<\/strong>https:\/\/developers.google.com\/analytics\/devguides\/collection\/analyticsjs\/cookie-usage?hl=es&amp;csw=1<\/p>\n<h1><strong>Apartat 2<\/strong><\/h1>\n<p><strong>M\u00e9s informaci\u00f3 sobre les cookies.<\/strong><\/p>\n<p><strong>Qu\u00e8\u00a0\u00e9s una <em>cookie<\/em>?<\/strong><\/p>\n<p>Una <em>cookie<\/em>\u00a0\u00e9s un\u00a0fitxer de text inofensiu que s\u2019emmagatzema en el vostre navegador\u00a0quan visita gaireb\u00e9 qualsevol p\u00e0gina web. La utilitat de la <em>cookie<\/em> es que la web\u00a0sigui capa\u00e7 de recordar la seva visita quan torni a navegar per aquesta p\u00e0gina.\u00a0Encara que molta gent no ho sap les <em>cookies<\/em>\u00a0es porten utilitzant des de fa 20\u00a0anys, quan van apar\u00e8ixer els primers navegadors per a la WorldWide Web.<\/p>\n<p><strong>\u00a0<\/strong><\/p>\n<p><strong>Qu\u00e8\u00a0NO \u00e9s\u00a0una <em>cookie<\/em>?<\/strong><\/p>\n<p>No \u00e9s un virus, ni un troi\u00e0, ni un cuc, ni spam, ni spyware, ni obra finestres\u00a0pop-up.<\/p>\n<p><strong>Quina informaci\u00f3 emmagatzema\u00a0una <em>cookie<\/em>?<\/strong><\/p>\n<p>Les <em>cookies<\/em>\u00a0no solen emmagatzemar informaci\u00f3 sensible sobre vost\u00e8, com\u00a0targetes de cr\u00e8dit o dades banc\u00e0ries, fotografies, el seu DNI o informaci\u00f3\u00a0personal, etc. Les dades que guarden s\u00f3n de car\u00e0cter t\u00e8cnic, prefer\u00e8ncies\u00a0personals, personalitzaci\u00f3 de continguts, etc.<\/p>\n<p>El servidor web no associa a vost\u00e8 com a persona sin\u00f3 al seu navegador web.\u00a0De fet, si vost\u00e8 navega habitualment amb Internet Explorer provi a\u00a0navegar per la mateixa web amb Firefox o Chrome i veur\u00e0 que el web no s\u2019adona\u00a0que \u00e9s vost\u00e8 la mateixa persona perqu\u00e8 en realitat est\u00e0 associant al navegador,\u00a0no a la persona.<\/p>\n<p><strong>\u00a0<\/strong><\/p>\n<p><strong>Quin tipus de <em>cookies<\/em> existeixen?<\/strong><\/p>\n<p><em>Cookies<\/em> t\u00e8cniques: S\u00f3n les\u00a0m\u00e9s elementals i permeten, entre altres coses,\u00a0saber quan est\u00e0 navegant un hum\u00e0 o una aplicaci\u00f3 automatitzada, quan\u00a0navega un usuari an\u00f2nim i un registrat, tasques b\u00e0siques per al\u00a0funcionament de qualsevol web din\u00e0mica.<\/p>\n<p><em>Cookies<\/em> d\u2019an\u00e0lisis:\u00a0Recullen informaci\u00f3 sobre el tipus de navegaci\u00f3 que est\u00e0\u00a0realitzant, les seccions que m\u00e9s utilitza, productes consultats, franja\u00a0hor\u00e0ria d\u2019\u00fas, idioma, etc.<\/p>\n<p><em>Cookies<\/em>\u00a0publicit\u00e0ries: Mostren publicitat en funci\u00f3 de la seva navegaci\u00f3, la seva\u00a0pa\u00eds de proced\u00e8ncia, idioma, etc.<\/p>\n<p><strong>\u00a0<\/strong><\/p>\n<p><strong>Qu\u00e8 s\u00f3n les <em>cookies<\/em> pr\u00f2pies i\u00a0les de tercers?<\/strong><\/p>\n<p>Les <em>cookies<\/em>pr\u00f2pias s\u00f3n les generades per la p\u00e0gina que est\u00e0 visitant i les de tercers s\u00f3n les generades per serveis o prove\u00efdors externs com Facebook, Twitter, Google, etc.<br \/>\n<strong>Qu\u00e8 passa\u00a0si desactivo les <em>cookies<\/em>?<\/strong><\/p>\n<p>Perqu\u00e8 entengui l\u2019abast que pot tenir desactivar les <em>cookies<\/em>\u00a0li mostrem uns exemples:<\/p>\n<p>No podr\u00e0 compartir continguts d\u2019aquesta web a Facebook, Twitter o qualsevol\u00a0xarxa social.<\/p>\n<p>El lloc web no podr\u00e0 adaptar els continguts a les seves prefer\u00e8ncies personals,\u00a0com sol passar en les botigues\u00a0online.<\/p>\n<p>No podr\u00e0 accedir a l\u2019\u00e0rea personal d\u2019aquesta web, com per exemple <em>El meu compte<\/em>, o\u00a0<em>El meu perfil<\/em> o <em>Les meves comandes<\/em>.<\/p>\n<p>Botigues\u00a0online:\u00a0Li ser\u00e0 impossible realitzar compres en l\u00ednia, hauran de ser\u00a0telef\u00f2niques o visitant la botiga f\u00edsica si disposa d\u2019aquesta.<\/p>\n<p>Ser\u00e0 impossible personalitzar\u00a0les seves prefer\u00e8ncies geogr\u00e0fiques com a franja\u00a0hor\u00e0ria, divisa o idioma.<\/p>\n<p>El lloc web no podr\u00e0 realitzar anal\u00edtiques web sobre visitants i tr\u00e0nsit a\u00a0la web, el que dificultar\u00e0 que el web sigui competitiva.<\/p>\n<p>No podr\u00e0 escriure al bloc, no podr\u00e0 pujar fotos, publicar comentaris,\u00a0valorar o puntuar continguts. El web tampoc podr\u00e0 saber si vost\u00e8 \u00e9s un\u00a0hum\u00e0 o una aplicaci\u00f3 automatitzada que publica <em>spam<\/em>.<\/p>\n<p>No es podr\u00e0 mostrar publicitat sectoritzada, el que reduir\u00e0 els ingressos\u00a0publicitaris de la web.<\/p>\n<p>Totes les xarxes socials utilitzen\u00a0<em>cookies<\/em>, si les desactiva no podr\u00e0 utilitzar cap xarxa\u00a0social.<\/p>\n<p><strong>\u00a0<\/strong><\/p>\n<p><strong>Es poden\u00a0eliminar les <em>cookies<\/em>?<\/strong><\/p>\n<p>S\u00ed. No\u00a0nom\u00e9s\u00a0eliminar, tamb\u00e9 bloquejar, de forma general o particular per un domini espec\u00edfic.<\/p>\n<p>Per eliminar les <em>cookies<\/em> d\u2019un lloc\u00a0web ha d\u2019anar\u00a0a la configuraci\u00f3 del seu navegador i\u00a0all\u00ed podr\u00e0 buscar les associades al domini en q\u00fcesti\u00f3 i\u00a0procedir a la seva eliminaci\u00f3.<\/p>\n<p>&nbsp;<\/p>\n<p><strong>\u00a0<\/strong><\/p>\n<p><strong>\u00a0<\/strong><\/p>\n<p><strong>Apartat 3<\/strong><\/p>\n<p><strong>Configuraci\u00f3 de cookies pels navegadors m\u00e9s populars\u00a0<\/strong><\/p>\n<p>A continuaci\u00f3 us expliquem com accedir a una <em>cookie<\/em> determinada del\u00a0navegador <strong>Chrome<\/strong>. Nota: aquests passos poden variar en funci\u00f3 de la versi\u00f3\u00a0del navegador:<\/p>\n<p>Vagi a Configuraci\u00f3 o Prefer\u00e8ncies mitjan\u00e7ant el men\u00fa Arxiu o b\u00e9 prement\u00a0la\u00a0icona de personalitzaci\u00f3 que apareix\u00a0a\u00a0dalt a la dreta.<\/p>\n<p>Veur\u00e0 diferents seccions, premi l\u2019opci\u00f3\u00a0<em>Mostrar opcions avan\u00e7ades<\/em>.<\/p>\n<p>Vagi a Privacitat, <em>Configuraci\u00f3 de contingut<\/em>.<\/p>\n<p>Seleccioni\u00a0<em>Totes les cookies i\u00a0les dades de\u00a0llocs<\/em>.<\/p>\n<p>Apareixer\u00e0 un llistat amb totes les <em>cookies<\/em> ordenades per domini. Perqu\u00e8\u00a0li\u00a0sigui m\u00e9s f\u00e0cil trobar les <em>cookies<\/em> d\u2019un determinat domini introdueixi parcial o totalment la direcci\u00f3 en el camp\u00a0<em>Cercar cookies.<\/em><\/p>\n<p>Despr\u00e9s de realitzar aquest filtre apareixeran a la pantalla una o diverses l\u00ednies amb les\u00a0<em>cookies<\/em> de la web sol\u00b7licitada.\u00a0Ara nom\u00e9s ha de seleccionar-la i pr\u00e9mer la\u00a0X per procedir a la seva eliminaci\u00f3.<\/p>\n<p>&nbsp;<\/p>\n<p>Per accedir a la configuraci\u00f3 de <em>cookies<\/em> del navegador <strong>Internet Explorer<\/strong>\u00a0segueixi aquests passos\u00a0(poden variar en funci\u00f3 de la versi\u00f3 del navegador):<\/p>\n<p>Vagi a <em>Eines, Opcions d\u2019Internet<\/em><\/p>\n<p>Faci\u00a0click a\u00a0<em>Privacitat<\/em>.<\/p>\n<p>Mogui el lliscador\u00a0fins ajustar el nivell de privacitat\u00a0que vulgui.<\/p>\n<p>&nbsp;<\/p>\n<p>Per accedir a la configuraci\u00f3 de cookies del navegador <strong>Firefox<\/strong>\u00a0segueixi aquests passos\u00a0(poden variar en funci\u00f3 de la versi\u00f3 del navegador):<\/p>\n<p>Vagi a <em>Opcions<\/em> o <em>Prefer\u00e8ncies<\/em> segons el seu sistema operatiu.<\/p>\n<p>Faci click a\u00a0<em>Privacitat<\/em>.<\/p>\n<p>A\u00a0<em>Historial<\/em>\u00a0esculli\u00a0<em>Utilitzar una configuraci\u00f3 personalitzada per\u00a0l\u2019historial<\/em>.<\/p>\n<p>Ara veur\u00e0\u00a0la opci\u00f3\u00a0Acceptar <em>cookies<\/em>,\u00a0pot activar-la o desactivar-la segons\u00a0les seves prefer\u00e8ncies.<\/p>\n<p>Per accedir a la configuraci\u00f3 de <em>cookies<\/em> del navegador <strong>Safari per OSX<\/strong>\u00a0segueixi aquests passos\u00a0(poden variar en funci\u00f3 de la versi\u00f3 del navegador):<\/p>\n<p>Vagi a <em>Prefer\u00e8ncies<\/em>, despr\u00e9s\u00a0Privacitat.<\/p>\n<p>Aqu\u00ed\u00a0veur\u00e0 l\u2019opci\u00f3\u00a0Bloquejar <em>cookies<\/em> perqu\u00e8 ajusti el tipus de bloqueig que desitgi realitzar.<\/p>\n<p>&nbsp;<\/p>\n<p>Per accedir a la configuraci\u00f3 de <em>cookies<\/em> del navegador <strong>Safari per iOS<\/strong> segueixi aquests passos\u00a0(poden variar en funci\u00f3 de la versi\u00f3 del navegador):<\/p>\n<p>Vagi\u00a0a <em>Ajustaments<\/em>, despr\u00e9s\u00a0<em>Safari<\/em>.<\/p>\n<p>Vagi a <em>Privacitat\u00a0i Seguretat<\/em>, veur\u00e0 l\u2019opci\u00f3\u00a0<em>Bloquejar cookies<\/em> perqu\u00e8 ajusti el bloqueig que desitja\u00a0realizar.<\/p>\n<p>&nbsp;<\/p>\n<p>Per accedir a la configuraci\u00f3 de <em>cookies<\/em> del navegador per dispositius <strong>Android<\/strong> segueixi aquests passos\u00a0(poden variar en funci\u00f3 de la versi\u00f3 del navegador):<\/p>\n<p>Executeu el navegador i premeu la tecla <em>Men\u00fa<\/em>, despr\u00e9s\u00a0<em>Ajustaments<\/em>.<\/p>\n<p>Aneu\u00a0a <em>Seguretat<\/em>\u00a0i <em>Privacitat<\/em>, veur\u00e0 l\u2019opci\u00f3\u00a0<em>Acceptar cookies<\/em> perqu\u00e8\u00a0activi o desactivi la casella.<\/p>\n<p>&nbsp;<\/p>\n<p>Per accedir a la configuraci\u00f3 de <em>cookies<\/em> del navegador per dispositius <strong>Windows Phone<\/strong>\u00a0segueixi aquests passos\u00a0(poden variar en funci\u00f3 de la versi\u00f3 del navegador):<\/p>\n<p>Obri <em>Internet Explorer<\/em>, despr\u00e9s\u00a0<em>M\u00e9s<\/em> i\u00a0<em>Configuraci\u00f3<\/em>.<\/p>\n<p>Ara pot activar o desactivar la casella <em>Permetre cookies<\/em>.<\/p>\n<\/div>[\/vc_column][\/vc_row][vc_row][vc_column][vc_empty_space height=&#8221;30px&#8221;][\/vc_column][\/vc_row][vc_row bg_type=&#8221;bg_color&#8221; bg_override=&#8221;full&#8221; animation_type=&#8221;h&#8221; horizontal_animation=&#8221;left-animation&#8221; vertical_animation=&#8221;top-animation&#8221; padding_top=&#8221;60px&#8221; css=&#8221;.vc_custom_1510220009498{padding-top: 20px !important;padding-bottom: 20px !important;}&#8221;][vc_column width=&#8221;1\/6&#8243;][vc_single_image image=&#8221;27907&#8243; img_size=&#8221;full&#8221; alignment=&#8221;center&#8221; onclick=&#8221;custom_link&#8221; img_link_target=&#8221;_blank&#8221; link=&#8221;http:\/\/www.ascem.org\/&#8221;][\/vc_column][vc_column width=&#8221;1\/6&#8243;][vc_single_image image=&#8221;27770&#8243; img_size=&#8221;full&#8221; alignment=&#8221;center&#8221; onclick=&#8221;custom_link&#8221; img_link_target=&#8221;_blank&#8221; link=&#8221;http:\/\/www.cecot.org\/&#8221;][\/vc_column][vc_column width=&#8221;1\/6&#8243;][vc_single_image image=&#8221;27769&#8243; img_size=&#8221;full&#8221; alignment=&#8221;center&#8221; onclick=&#8221;custom_link&#8221; img_link_target=&#8221;_blank&#8221; link=&#8221;https:\/\/confemetal.es\/&#8221;][\/vc_column][vc_column width=&#8221;1\/6&#8243;][vc_single_image image=&#8221;27772&#8243; img_size=&#8221;full&#8221; alignment=&#8221;center&#8221; onclick=&#8221;custom_link&#8221; img_link_target=&#8221;_blank&#8221; link=&#8221;https:\/\/www.steelconstruct.com\/site\/&#8221;][\/vc_column][vc_column width=&#8221;1\/6&#8243;][vc_single_image image=&#8221;27768&#8243; img_size=&#8221;100&#215;105&#8243; alignment=&#8221;center&#8221; onclick=&#8221;custom_link&#8221; img_link_target=&#8221;_blank&#8221; link=&#8221;http:\/\/www.lr.org\/en\/&#8221;][\/vc_column][vc_column width=&#8221;1\/6&#8243;][vc_single_image image=&#8221;27911&#8243; img_size=&#8221;full&#8221; alignment=&#8221;center&#8221; onclick=&#8221;custom_link&#8221; img_link_target=&#8221;_blank&#8221; link=&#8221;http:\/\/www.construmat.com\/ca\/home&#8221;][\/vc_column][\/vc_row]<\/p>\n","protected":false},"excerpt":{"rendered":"<p>[vc_row css=&#8221;.vc_custom_1481251098287{padding-top: 60px !important;}&#8221;][vc_column][vc_custom_heading text=&#8221;POL\u00cdTICA DE COOKIES&#8221; font_container=&#8221;tag:h1|text_align:center&#8221; google_fonts=&#8221;font_family:Open%20Sans%3A300%2C300italic%2Cregular%2Citalic%2C600%2C600italic%2C700%2C700italic%2C800%2C800italic|font_style:700%20bold%20regular%3A700%3Anormal&#8221; css=&#8221;.vc_custom_1523352503517{padding-top: 20px !important;border-radius: 2px !important;}&#8221;][vc_empty_space height=&#8221;20px&#8221;][\/vc_column][\/vc_row][vc_row][vc_column][vc_empty_space height=&#8221;30px&#8221;][\/vc_column][\/vc_row][vc_row bg_type=&#8221;bg_color&#8221; bg_override=&#8221;full&#8221; animation_type=&#8221;h&#8221; horizontal_animation=&#8221;left-animation&#8221; vertical_animation=&#8221;top-animation&#8221; padding_top=&#8221;60px&#8221; css=&#8221;.vc_custom_1510220009498{padding-top: 20px !important;padding-bottom: 20px !important;}&#8221;][vc_column width=&#8221;1\/6&#8243;][vc_single_image image=&#8221;27907&#8243; img_size=&#8221;full&#8221; alignment=&#8221;center&#8221; onclick=&#8221;custom_link&#8221; img_link_target=&#8221;_blank&#8221; link=&#8221;http:\/\/www.ascem.org\/&#8221;][\/vc_column][vc_column width=&#8221;1\/6&#8243;][vc_single_image image=&#8221;27770&#8243; img_size=&#8221;full&#8221; alignment=&#8221;center&#8221; onclick=&#8221;custom_link&#8221; img_link_target=&#8221;_blank&#8221; link=&#8221;http:\/\/www.cecot.org\/&#8221;][\/vc_column][vc_column width=&#8221;1\/6&#8243;][vc_single_image image=&#8221;27769&#8243; img_size=&#8221;full&#8221; alignment=&#8221;center&#8221; onclick=&#8221;custom_link&#8221; img_link_target=&#8221;_blank&#8221; link=&#8221;https:\/\/confemetal.es\/&#8221;][\/vc_column][vc_column width=&#8221;1\/6&#8243;][vc_single_image image=&#8221;27772&#8243; img_size=&#8221;full&#8221; alignment=&#8221;center&#8221; onclick=&#8221;custom_link&#8221; img_link_target=&#8221;_blank&#8221; link=&#8221;https:\/\/www.steelconstruct.com\/site\/&#8221;][\/vc_column][vc_column<\/p>\n","protected":false},"author":1,"featured_media":0,"parent":0,"menu_order":0,"comment_status":"closed","ping_status":"closed","template":"","meta":[],"_links":{"self":[{"href":"https:\/\/estructurasarque.com\/ca\/wp-json\/wp\/v2\/pages\/29460"}],"collection":[{"href":"https:\/\/estructurasarque.com\/ca\/wp-json\/wp\/v2\/pages"}],"about":[{"href":"https:\/\/estructurasarque.com\/ca\/wp-json\/wp\/v2\/types\/page"}],"author":[{"embeddable":true,"href":"https:\/\/estructurasarque.com\/ca\/wp-json\/wp\/v2\/users\/1"}],"replies":[{"embeddable":true,"href":"https:\/\/estructurasarque.com\/ca\/wp-json\/wp\/v2\/comments?post=29460"}],"version-history":[{"count":5,"href":"https:\/\/estructurasarque.com\/ca\/wp-json\/wp\/v2\/pages\/29460\/revisions"}],"predecessor-version":[{"id":29509,"href":"https:\/\/estructurasarque.com\/ca\/wp-json\/wp\/v2\/pages\/29460\/revisions\/29509"}],"wp:attachment":[{"href":"https:\/\/estructurasarque.com\/ca\/wp-json\/wp\/v2\/media?parent=29460"}],"curies":[{"name":"wp","href":"https:\/\/api.w.org\/{rel}","templated":true}]}}