{"id":29120,"date":"2017-11-16T10:55:33","date_gmt":"2017-11-16T10:55:33","guid":{"rendered":"http:\/\/estructurasarque.com\/politica-de-proteccion-de-datos\/"},"modified":"2018-04-10T08:57:25","modified_gmt":"2018-04-10T08:57:25","slug":"politica-de-proteccio-de-dades","status":"publish","type":"page","link":"https:\/\/estructurasarque.com\/ca\/politica-de-proteccio-de-dades\/","title":{"rendered":"Pol\u00edtica de Protecci\u00f3 de Dades"},"content":{"rendered":"<p>[vc_row css=&#8221;.vc_custom_1481251098287{padding-top: 60px !important;}&#8221;][vc_column][vc_custom_heading text=&#8221;AV\u00cdS LEGAL I PROTECCI\u00d3 DE DADES&#8221; font_container=&#8221;tag:h1|text_align:center&#8221; google_fonts=&#8221;font_family:Open%20Sans%3A300%2C300italic%2Cregular%2Citalic%2C600%2C600italic%2C700%2C700italic%2C800%2C800italic|font_style:700%20bold%20regular%3A700%3Anormal&#8221; css=&#8221;.vc_custom_1523350642185{padding-top: 20px !important;border-radius: 2px !important;}&#8221;]<div data-id=\"mpc_divider-8569e355ec6eae8\" class=\"mpc-divider-wrap\"><div class=\"mpc-divider mpc-init mpc-align--center \" ><div class=\"mpc-divider__line mpc-side--left\"><span><\/span><\/div><div class=\"mpc-divider__separator\"><div class=\"mpc-divider__content etl etl-search\"><\/div><\/div><div class=\"mpc-divider__line mpc-side--right\"><span><\/span><\/div><\/div><\/div>[vc_empty_space height=&#8221;20px&#8221;]<div id=\"mpc_textblock-7669e355ec6eb1f\" class=\"mpc-textblock mpc-init \"><p>La p\u00e0gina Web \u201c<strong>http:\/\/estructurasarque.com<\/strong>\u201d \u00e9s titularitat de <strong>ESTRUCTURAS ARQU\u00c9, S.L.<\/strong>i compleix amb els requisits derivats de la Llei 34\/2002, de 11 de juliol, de Serveis de la Societat de la Informaci\u00f3 i de Comer\u00e7 Electr\u00f2nic, del Reial Decret-llei 13\/2012, de 30 de mar\u00e7, aix\u00ed com de les obligacions d\u2019Informaci\u00f3 a l\u2019usuari contemplades a les normatives vigents en Protecci\u00f3 de Dades de Car\u00e0cter Personal.<\/p>\n<p>Ra\u00f3 Social: <strong>ESTRUCTURAS ARQU\u00c9, S.L.<\/strong><\/p>\n<p><strong>\u00a0<\/strong><\/p>\n<p>Domicili social: : <strong>SALVADOR VIVES, 1 \u2013 08295 ST. VICEN\u00c7 DE CASTELLET (BARCELONA)<\/strong><\/p>\n<p>C.I.F.: <strong>B62750021<\/strong><\/p>\n<p>Dades registrals: <strong>Registre Mercantil de BARCELONA, Volum 34281, Foli 0098, Full n\u00ba B-241624, Inscripci\u00f3 1\u00ba<\/strong><\/p>\n<p>Tel\u00e8fon:<strong>+34 <\/strong><strong>973790200<\/strong><\/p>\n<p>Correu electr\u00f2nic: <strong>info@estructurasarque.com<\/strong><\/p>\n<p><strong>POL\u00cdTICA DE PRIVACITAT:<\/strong><\/p>\n<p>D\u2019acord amb la normativa vigent en mat\u00e8ria de protecci\u00f3 de dades aix\u00ed com en mat\u00e8ria de serveis de la societat de la informaci\u00f3 y de comer\u00e7 electr\u00f2nic, l\u2019usuari accepta que les dades personals aportades a la Web, o qualsevol altra facilitada a <strong>ESTRUCTURAS ARQU\u00c9, S.L.<\/strong> pel seu acc\u00e9s a alguns dels serveis, siguin incorporats a fitxers titularitat de<strong>ESTRUCTURAS ARQU\u00c9, S.L.<\/strong> amb la finalitat de facilitar la prestaci\u00f3 dels serveis sol\u00b7licitats, per la correcta identificaci\u00f3 dels usuaris que sol\u00b7licitin serveis personalitzats a la Web, per la gesti\u00f3 de tasques b\u00e0siques d\u2019administraci\u00f3, aix\u00ed com per mantenir-lo informat, ja sigui per correu electr\u00f2nic o per qualsevol altre mitj\u00e0, de novetats, productes i serveis relacionats amb <strong>ESTRUCTURAS ARQU\u00c9, S.L.<\/strong> Si s\u00f3n comunicacions comercials a trav\u00e9s de correu electr\u00f2nic o mitj\u00e0 equivalent, l\u2019usuari presta el seu consentiment expr\u00e9s per l\u2019enviament de publicitat a trav\u00e9s d\u2019aquest mitj\u00e0.<\/p>\n<p><strong>ESTRUCTURAS ARQU\u00c9, S.L.<\/strong> es compromet al compliment de la seva obligaci\u00f3 de secret de les dades de car\u00e0cter personal i del seu deure de tractar-les amb confidencialitat, i assumeix, a aquests efectes, les mesures d\u2019\u00edndole t\u00e8cnica, organitzativa i de seguretat necess\u00e0ries per evitar la seva alteraci\u00f3, p\u00e8rdua, tractament o acc\u00e9s no autoritzat, d\u2019acord amb l\u2019establert a les normatives vigents en Protecci\u00f3 de Dades de Car\u00e0cter Personal, i dem\u00e9s legislaci\u00f3 aplicable. L\u2019usuari respondr\u00e0, en qualsevol cas, de la veracitat de les dades facilitades, reservant-se <strong>ESTRUCTURAS ARQU\u00c9, S.L.<\/strong> el dret a excloure dels serveis registrats als usuaris que hagin facilitat dades falses, sense perjudici de les altres accions que procedeixen en Dret.<\/p>\n<p>Qualsevol usuari pot en qualsevol moment exercir els seus drets d&#8217;acc\u00e9s, rectificaci\u00f3, supressi\u00f3, limitaci\u00f3 del tractament, oposici\u00f3 i portabilitat de les seves dades, mitjan\u00e7ant un escrit, acreditant la seva identitat, mitjan\u00e7ant fotoc\u00f2pia del DNI, i especificant el dret a exercitar, a<strong>ESTRUCTURAS ARQU\u00c9, S.L.<\/strong>amb domicili social a<strong>SALVADOR VIVES, 1 \u2013 08295 ST. VICEN\u00c7 DE CASTELLET (BARCELONA)<\/strong>o <strong>info@estructurasarque.com<\/strong><\/p>\n<p>Els usuaris accepten expressament i de forma lliure i inequ\u00edvoca que les seves dades personals siguin tractades per part de <strong>ESTRUCTURAS ARQU\u00c9, S.L.<\/strong> per realitzar les seg\u00fcents finalitats:<\/p>\n<p>Remissi\u00f3 de comunicacions comercials publicit\u00e0ries per e-mail, fax, SMS, MMS, comunitats socials o qualsevol mitj\u00e0 electr\u00f2nic o f\u00edsic, present o futur, que possibiliti realitzar comunicacions comercials. Aquestes comunicacions comercials estaran relacionades sobre productes o serveis oferts per <strong>ESTRUCTURAS ARQU\u00c9, S.L.<\/strong> aix\u00ed com per part dels col\u00b7laboradors amb el que aquest hagu\u00e9s arribat a algun acord de promoci\u00f3 comercial entre els seus clients. En aquest cas, els tercers mai tindran acc\u00e9s a les dades personals. En tot cas les comunicacions comercials estaran realitzades per part del prestador i seran de productes i serveis relacionats amb el sector del prestador.<\/p>\n<p>Realitzar estudis estad\u00edstics.<\/p>\n<p>Tramitar enc\u00e0rrecs, sol\u00b7licituds o qualsevol tipus de petici\u00f3 que sigui realitzada per l\u2019usuari a trav\u00e9s de qualsevol de les formes de contacte que es posen a disposici\u00f3 de l\u2019usuari en aquest lloc web.<\/p>\n<p>Rebre el butllet\u00ed de la p\u00e0gina web.<\/p>\n<p><strong>ESTRUCTURAS ARQU\u00c9, S.L.<\/strong>informa i garanteix expressament als usuaris que mai vendr\u00e0, arrendar\u00e0, compartir\u00e0 o d\u2019alguna altra manera distribuir\u00e0 o posar\u00e0 les seves dades a disposici\u00f3 de terceres persones i que sempre que es vulgui realitzar algun tipus de cessi\u00f3 de dades personals, de forma pr\u00e8via, es sol\u00b7licitaria el consentiment expr\u00e9s, informat, i inequ\u00edvoc per part dels titulars.<\/p>\n<p><strong>Propietat intel\u00b7lectual i industrial sobre els continguts de la p\u00e0gina <\/strong><\/p>\n<p>Tots els elements que composen aquest lloc web, tal com l\u2019estructura, disseny i codi font, s\u00f3n titularitat de l\u2019autor citat i estan protegits per la normativa de propietat intel\u00b7lectual i industrial. Les fotografies allotjades en aquesta web corresponen en la seva totalitat propietat als autors citats juntament a les mateixes; si en la fotografia no s\u2019anomena cap autor, igualment tenen propietat intel\u00b7lectual.<\/p>\n<p>No es podran realitzar actes de reproducci\u00f3, modificaci\u00f3, distribuci\u00f3 o comunicaci\u00f3 p\u00fablica del lloc web o alguns dels seus elements sense el previ consentiment del propietari d\u2019aquesta web.<\/p>\n<p>Els usuaris del lloc web \u00fanicament podran realitzar un \u00fas privat i personal dels continguts de la web.<\/p>\n<p>Esta absolutament prohibit, l\u2019\u00fas del lloc web o d\u2019alguns dels seus elements amb finalitats comercials o il\u00b7l\u00edcites.<\/p>\n<p>Aquesta web no assumir\u00e0 cap responsabilitat derivada de l\u2019\u00fas per tercers del contingut del lloc web i podr\u00e0 exercir totes les accions civils o penals que corresponguin en cas d\u2019infracci\u00f3 d\u2019aquests drets per part de l\u2019usuari.<\/p>\n<p><strong>Modificacions.<\/strong><\/p>\n<p>Amb la finalitat de millorar les prestacions del lloc web, es reserva el dret, en qualsevol moment i sense pr\u00e8via notificaci\u00f3 a l\u2019usuari, a modificar ampliar o suspendre temporalment la presentaci\u00f3, configuraci\u00f3, especificacions t\u00e8cniques i serveis del lloc web, de forma unilateral.<\/p>\n<p>Per altra banda es reserva el dret a modificar en qualsevol moment les presents condicions d\u2019\u00fas aix\u00ed com qualsevol d\u2019altres condicions particulars.<\/p>\n<p><strong>Exclusi\u00f3 de responsabilitat.<\/strong><\/p>\n<p>Aquesta web no es responsabilitza dels eventuals errors tipogr\u00e0fics, formals o num\u00e8rics que poden contenir el lloc web, ni de la exactitud de la informaci\u00f3 continguda, aix\u00ed com tampoc ho fa d\u2019opinions identificades o an\u00f2nimes llen\u00e7ades per persones i\/o entitats en aquest website. En cas de lloguer, arrendament parcial i\/o total i venta d\u2019aquesta web exclo\u00edem tot tipus de responsabilitat del contingut i veracitat en aquesta inserit, sent la responsabilitat total i absoluta per part del comprador\/arrendatari.<\/p>\n<p><strong>Hiperenlla\u00e7os.<\/strong><\/p>\n<p>Els hiperenlla\u00e7os continguts en el lloc web que poden dirigir a p\u00e0gines web de tercers, no s\u2019assumeix cap responsabilitat pel contingut, informacions o serveis que puguin apar\u00e8ixer en aquests llocs, que tindran exclusivament car\u00e0cter informatiu i que en cap cas impliquen relaci\u00f3 alguna entre aquesta web i a les persones o entitats titulars d\u2019aquests continguts o titulars dels llocs on es trobin.<\/p>\n<\/div>[\/vc_column][\/vc_row][vc_row][vc_column][vc_empty_space height=&#8221;30px&#8221;][\/vc_column][\/vc_row][vc_row bg_type=&#8221;bg_color&#8221; bg_override=&#8221;full&#8221; animation_type=&#8221;h&#8221; horizontal_animation=&#8221;left-animation&#8221; vertical_animation=&#8221;top-animation&#8221; padding_top=&#8221;60px&#8221; css=&#8221;.vc_custom_1510220009498{padding-top: 20px !important;padding-bottom: 20px !important;}&#8221;][vc_column width=&#8221;1\/6&#8243;][vc_single_image image=&#8221;27907&#8243; img_size=&#8221;full&#8221; alignment=&#8221;center&#8221; onclick=&#8221;custom_link&#8221; img_link_target=&#8221;_blank&#8221; link=&#8221;http:\/\/www.ascem.org\/&#8221;][\/vc_column][vc_column width=&#8221;1\/6&#8243;][vc_single_image image=&#8221;27770&#8243; img_size=&#8221;full&#8221; alignment=&#8221;center&#8221; onclick=&#8221;custom_link&#8221; img_link_target=&#8221;_blank&#8221; link=&#8221;http:\/\/www.cecot.org\/&#8221;][\/vc_column][vc_column width=&#8221;1\/6&#8243;][vc_single_image image=&#8221;27769&#8243; img_size=&#8221;full&#8221; alignment=&#8221;center&#8221; onclick=&#8221;custom_link&#8221; img_link_target=&#8221;_blank&#8221; link=&#8221;https:\/\/confemetal.es\/&#8221;][\/vc_column][vc_column width=&#8221;1\/6&#8243;][vc_single_image image=&#8221;27772&#8243; img_size=&#8221;full&#8221; alignment=&#8221;center&#8221; onclick=&#8221;custom_link&#8221; img_link_target=&#8221;_blank&#8221; link=&#8221;https:\/\/www.steelconstruct.com\/site\/&#8221;][\/vc_column][vc_column width=&#8221;1\/6&#8243;][vc_single_image image=&#8221;27768&#8243; img_size=&#8221;100&#215;105&#8243; alignment=&#8221;center&#8221; onclick=&#8221;custom_link&#8221; img_link_target=&#8221;_blank&#8221; link=&#8221;http:\/\/www.lr.org\/en\/&#8221;][\/vc_column][vc_column width=&#8221;1\/6&#8243;][vc_single_image image=&#8221;27911&#8243; img_size=&#8221;full&#8221; alignment=&#8221;center&#8221; onclick=&#8221;custom_link&#8221; img_link_target=&#8221;_blank&#8221; link=&#8221;http:\/\/www.construmat.com\/ca\/home&#8221;][\/vc_column][\/vc_row]<\/p>\n","protected":false},"excerpt":{"rendered":"<p>[vc_row css=&#8221;.vc_custom_1481251098287{padding-top: 60px !important;}&#8221;][vc_column][vc_custom_heading text=&#8221;AV\u00cdS LEGAL I PROTECCI\u00d3 DE DADES&#8221; font_container=&#8221;tag:h1|text_align:center&#8221; google_fonts=&#8221;font_family:Open%20Sans%3A300%2C300italic%2Cregular%2Citalic%2C600%2C600italic%2C700%2C700italic%2C800%2C800italic|font_style:700%20bold%20regular%3A700%3Anormal&#8221; css=&#8221;.vc_custom_1523350642185{padding-top: 20px !important;border-radius: 2px !important;}&#8221;][vc_empty_space height=&#8221;20px&#8221;][\/vc_column][\/vc_row][vc_row][vc_column][vc_empty_space height=&#8221;30px&#8221;][\/vc_column][\/vc_row][vc_row bg_type=&#8221;bg_color&#8221; bg_override=&#8221;full&#8221; animation_type=&#8221;h&#8221; horizontal_animation=&#8221;left-animation&#8221; vertical_animation=&#8221;top-animation&#8221; padding_top=&#8221;60px&#8221; css=&#8221;.vc_custom_1510220009498{padding-top: 20px !important;padding-bottom: 20px !important;}&#8221;][vc_column width=&#8221;1\/6&#8243;][vc_single_image image=&#8221;27907&#8243; img_size=&#8221;full&#8221; alignment=&#8221;center&#8221; onclick=&#8221;custom_link&#8221; img_link_target=&#8221;_blank&#8221; link=&#8221;http:\/\/www.ascem.org\/&#8221;][\/vc_column][vc_column width=&#8221;1\/6&#8243;][vc_single_image image=&#8221;27770&#8243; img_size=&#8221;full&#8221; alignment=&#8221;center&#8221; onclick=&#8221;custom_link&#8221; img_link_target=&#8221;_blank&#8221; link=&#8221;http:\/\/www.cecot.org\/&#8221;][\/vc_column][vc_column width=&#8221;1\/6&#8243;][vc_single_image image=&#8221;27769&#8243; img_size=&#8221;full&#8221; alignment=&#8221;center&#8221; onclick=&#8221;custom_link&#8221; img_link_target=&#8221;_blank&#8221; link=&#8221;https:\/\/confemetal.es\/&#8221;][\/vc_column][vc_column width=&#8221;1\/6&#8243;][vc_single_image image=&#8221;27772&#8243; img_size=&#8221;full&#8221; alignment=&#8221;center&#8221;<\/p>\n","protected":false},"author":1,"featured_media":0,"parent":0,"menu_order":0,"comment_status":"closed","ping_status":"closed","template":"","meta":[],"_links":{"self":[{"href":"https:\/\/estructurasarque.com\/ca\/wp-json\/wp\/v2\/pages\/29120"}],"collection":[{"href":"https:\/\/estructurasarque.com\/ca\/wp-json\/wp\/v2\/pages"}],"about":[{"href":"https:\/\/estructurasarque.com\/ca\/wp-json\/wp\/v2\/types\/page"}],"author":[{"embeddable":true,"href":"https:\/\/estructurasarque.com\/ca\/wp-json\/wp\/v2\/users\/1"}],"replies":[{"embeddable":true,"href":"https:\/\/estructurasarque.com\/ca\/wp-json\/wp\/v2\/comments?post=29120"}],"version-history":[{"count":4,"href":"https:\/\/estructurasarque.com\/ca\/wp-json\/wp\/v2\/pages\/29120\/revisions"}],"predecessor-version":[{"id":29477,"href":"https:\/\/estructurasarque.com\/ca\/wp-json\/wp\/v2\/pages\/29120\/revisions\/29477"}],"wp:attachment":[{"href":"https:\/\/estructurasarque.com\/ca\/wp-json\/wp\/v2\/media?parent=29120"}],"curies":[{"name":"wp","href":"https:\/\/api.w.org\/{rel}","templated":true}]}}