{"id":28616,"date":"2017-04-24T17:42:34","date_gmt":"2017-04-24T17:42:34","guid":{"rendered":"http:\/\/estructurasarque.com\/contacto\/"},"modified":"2025-01-20T07:24:29","modified_gmt":"2025-01-20T07:24:29","slug":"contacte","status":"publish","type":"page","link":"https:\/\/estructurasarque.com\/ca\/contacte\/","title":{"rendered":"Contacte"},"content":{"rendered":"<p>[vc_row][vc_column width=&#8221;1\/2&#8243; css=&#8221;.vc_custom_1510225224023{padding-top: 72px !important;padding-right: 40px !important;padding-bottom: 72px !important;padding-left: 40px !important;background-position: 0 0 !important;background-repeat: no-repeat !important;border-radius: 10px !important;}&#8221;][vc_custom_heading text=&#8221;ON SOM?&#8221; font_container=&#8221;tag:h1|text_align:left&#8221; google_fonts=&#8221;font_family:Open%20Sans%3A300%2C300italic%2Cregular%2Citalic%2C600%2C600italic%2C700%2C700italic%2C800%2C800italic|font_style:700%20bold%20regular%3A700%3Anormal&#8221; css=&#8221;.vc_custom_1517426411808{padding-top: 20px !important;border-radius: 2px !important;}&#8221;]<div data-id=\"mpc_divider-6269f3b07ab425f\" class=\"mpc-divider-wrap\"><div class=\"mpc-divider mpc-init mpc-align--left mpc-disable--left \" ><div class=\"mpc-divider__line mpc-side--left\"><span><\/span><\/div><div class=\"mpc-divider__separator\"><div class=\"mpc-divider__content fa fa-circle-thin\"><\/div><\/div><div class=\"mpc-divider__line mpc-side--right\"><span><\/span><\/div><\/div><\/div>[vc_column_text css=&#8221;.vc_custom_1737357833142{margin-bottom: -1px !important;}&#8221;]<\/p>\n<h3 style=\"text-align: left; color: #ff9900;\"><strong>SANT VICEN\u00c7 DE CASTELLET<\/strong><\/h3>\n<h4><i class=\"fa fa-briefcase\" aria-hidden=\"true\"><\/i> Oficina T\u00e8cnica, Administraci\u00f3 i Taller<\/h4>\n<h4><i class=\"fa fa-home\" aria-hidden=\"true\"><\/i> Domicili social<\/h4>\n<p>Salvador Vives, 1, 08295, Sant Vicen\u00e7 de Castellet, Barcelona.<br \/>\n<strong>Tel\u00e8fon:<\/strong> <a href=\"tel:+34973790200\">+34 973 790 200<\/a><br \/>\n<strong>Adre\u00e7a electr\u00f2nica:<\/strong> <a href=\"mailto:info@estructurasarque.com\" target=\"_blank\" rel=\"noopener\">info@estructurasarque.com<\/a><br \/>\n<strong>Horari Oficines:<\/strong> de dilluns a divendres de 8-19h<br \/>\n<strong>Horari Taller:<\/strong> de dilluns a divendres de 8h-13:30h i de 14:30h-18h<\/p>\n<p>[\/vc_column_text]<a href=\"https:\/\/www.google.es\/maps\/dir\/&#039;&#039;\/Carrer+de+Salvador+Vives,+1,+08295+Sant+Vicen%C3%A7+de+Castellet,+Barcelona\/@41.66615,1.8518013,17z\/data=!4m8!4m7!1m0!1m5!1m1!1s0x12a4f6758093525b:0x5271de3d7ce8e8a7!2m2!1d1.85399!2d41.66615\" target=\" _blank\" title=\"C\u00f3mo llegar\"  data-id=\"mpc_button-8369f3b07ab42f9\" class=\"mpc-button mpc-init mpc-transition \" ><div class=\"mpc-button__content mpc-effect-type--none mpc-effect-side--none\"><span class=\"mpc-button__title mpc-transition\">COM ARRIBAR-HI<\/span><\/div><div class=\"mpc-button__background mpc-transition mpc-effect-type--slide mpc-effect-side--top\"><\/div><\/a>[vc_empty_space height=&#8221;15px&#8221;][vc_column_text css=&#8221;.vc_custom_1737357864761{margin-bottom: -1px !important;}&#8221;]<\/p>\n<h3 style=\"text-align: left; color: #ff9900;\"><strong>SOSES (LLEIDA)<\/strong><\/h3>\n<h4><i class=\"fa fa-briefcase\" aria-hidden=\"true\"><\/i> Oficina T\u00e8cnica, Administraci\u00f3 i Taller<\/h4>\n<p style=\"text-align: left;\">Carretera Nacional IIa, Km 448, 25181, Soses, Lleida.<br \/>\n<strong>Tel\u00e8fon:<\/strong> <a href=\"tel:+34973790200\">+34 973 790 200<\/a><br \/>\n<strong>Adre\u00e7a electr\u00f2nica:<\/strong> <a href=\"mailto:info@estructurasarque.com\" target=\"_blank\" rel=\"noopener\">info@estructurasarque.com<\/a><br \/>\n<strong>Horari Oficines:<\/strong> de dilluns a divendres de 8-19h<br \/>\n<strong>Horari Taller:<\/strong> de dilluns a divendres de 8h-13:30h i de 14:30h-18h<\/p>\n<p>\u00a0[\/vc_column_text]<a href=\"https:\/\/www.google.es\/maps\/dir\/&#039;&#039;\/Estructuras+Arqu%C3%A9+-+Cemesa,+Soses\/@41.5516627,0.4257726,12z\/data=!4m8!4m7!1m0!1m5!1m1!1s0x12a723afbc61d8e3:0x7d6472b5a9f8d774!2m2!1d0.495813!2d41.551684\" target=\" _blank\" title=\"C\u00f3mo llegar\"  data-id=\"mpc_button-2369f3b07ab43a6\" class=\"mpc-button mpc-init mpc-transition \" ><div class=\"mpc-button__content mpc-effect-type--none mpc-effect-side--none\"><span class=\"mpc-button__title mpc-transition\">COM ARRIBAR-HI<\/span><\/div><div class=\"mpc-button__background mpc-transition mpc-effect-type--slide mpc-effect-side--top\"><\/div><\/a>[vc_empty_space height=&#8221;15px&#8221;][vc_column_text css=&#8221;.vc_custom_1737357854042{margin-bottom: -1px !important;}&#8221;]<\/p>\n<h3 style=\"text-align: left; color: #ff9900;\"><strong>SANT CUGAT DEL VALL\u00c8S<\/strong><\/h3>\n<h4><i class=\"fa fa-briefcase\" aria-hidden=\"true\"><\/i> Oficina T\u00e8cnica<\/h4>\n<p>Avda Via Augusta, 15-25, Pl 1\u00aa, P5, 08174, Sant Cugat del Vall\u00e8s, Barcelona.<br \/>\n<strong>Tel\u00e8fon:<\/strong> <a href=\"tel:+34973790200\">+34 973 790 200<\/a><br \/>\n<strong>Adre\u00e7a electr\u00f2nica:<\/strong> <a href=\"mailto:info@estructurasarque.com\" target=\"_blank\" rel=\"noopener\">info@estructurasarque.com<\/a><br \/>\n<strong>Horari Oficines:<\/strong> de dilluns a divendres de 8-19h<\/p>\n<p>[\/vc_column_text]<a href=\"https:\/\/www.google.es\/maps\/dir\/&#039;&#039;\/&#039;@Sant+Cugat+Business+Park,+Av.+de+la+Via+Augusta,+15-25,+08174+Sant+Cugat+del+Vall%C3%A8s,+Barcelona&#039;\/@41.4839098,1.9813236,12z\/data=!3m1!4b1!4m8!4m7!1m0!1m5!1m1!1s0x12a49140b18cd113:0x9d13e7d560b05109!2m2!1d2.051364!2d41.483931\" target=\" _blank\" title=\"C\u00f3mo llegar\"  data-id=\"mpc_button-3969f3b07ab4435\" class=\"mpc-button mpc-init mpc-transition \" ><div class=\"mpc-button__content mpc-effect-type--none mpc-effect-side--none\"><span class=\"mpc-button__title mpc-transition\">COM ARRIBAR-HI<\/span><\/div><div class=\"mpc-button__background mpc-transition mpc-effect-type--slide mpc-effect-side--top\"><\/div><\/a>[\/vc_column][vc_column width=&#8221;1\/2&#8243; css=&#8221;.vc_custom_1513936494348{padding-top: 72px !important;padding-bottom: 72px !important;padding-left: 30px !important;}&#8221; offset=&#8221;vc_hidden-md vc_hidden-sm vc_col-xs-12 vc_hidden-xs&#8221;][vc_custom_heading text=&#8221;FORMULARI&#8221; font_container=&#8221;tag:h1|text_align:left&#8221; google_fonts=&#8221;font_family:Open%20Sans%3A300%2C300italic%2Cregular%2Citalic%2C600%2C600italic%2C700%2C700italic%2C800%2C800italic|font_style:700%20bold%20regular%3A700%3Anormal&#8221; css=&#8221;.vc_custom_1517427282464{padding-top: 20px !important;border-radius: 2px !important;}&#8221;]<div data-id=\"mpc_divider-6569f3b07ab4478\" class=\"mpc-divider-wrap\"><div class=\"mpc-divider mpc-init mpc-align--left mpc-disable--left \" ><div class=\"mpc-divider__line mpc-side--left\"><span><\/span><\/div><div class=\"mpc-divider__separator\"><div class=\"mpc-divider__content fa fa-circle-thin\"><\/div><\/div><div class=\"mpc-divider__line mpc-side--right\"><span><\/span><\/div><\/div><\/div>[vc_column_text css=&#8221;.vc_custom_1517427309657{margin-bottom: -1px !important;}&#8221;]<\/p>\n<h3 style=\"text-align: left; color: #ff9900;\"><strong>ESCRIGUI\u2019NS LA SEVA CONSULTA<\/strong><\/h3>\n<p>[\/vc_column_text][vc_empty_space height=&#8221;30px&#8221;]<div role=\"form\" class=\"wpcf7\" id=\"wpcf7-f29146-o1\" lang=\"en-US\" dir=\"ltr\">\n<div class=\"screen-reader-response\"><p role=\"status\" aria-live=\"polite\" aria-atomic=\"true\"><\/p> <ul><\/ul><\/div>\n<form action=\"\/ca\/wp-json\/wp\/v2\/pages\/28616#wpcf7-f29146-o1\" method=\"post\" class=\"wpcf7-form init\" enctype=\"multipart\/form-data\" novalidate=\"novalidate\" data-status=\"init\">\n<div style=\"display: none;\">\n<input type=\"hidden\" name=\"_wpcf7\" value=\"29146\" \/>\n<input type=\"hidden\" name=\"_wpcf7_version\" value=\"5.4\" \/>\n<input type=\"hidden\" name=\"_wpcf7_locale\" value=\"en_US\" \/>\n<input type=\"hidden\" name=\"_wpcf7_unit_tag\" value=\"wpcf7-f29146-o1\" \/>\n<input type=\"hidden\" name=\"_wpcf7_container_post\" value=\"0\" \/>\n<input type=\"hidden\" name=\"_wpcf7_posted_data_hash\" value=\"\" \/>\n<\/div>\n<p><span class=\"wpcf7-form-control-wrap your-name\"><input type=\"text\" name=\"your-name\" value=\"\" size=\"40\" class=\"wpcf7-form-control wpcf7-text wpcf7-validates-as-required\" aria-required=\"true\" aria-invalid=\"false\" placeholder=\"Nom (requerit)\" \/><\/span> <\/p>\n<p><span class=\"wpcf7-form-control-wrap your-email\"><input type=\"email\" name=\"your-email\" value=\"\" size=\"40\" class=\"wpcf7-form-control wpcf7-text wpcf7-email wpcf7-validates-as-required wpcf7-validates-as-email\" aria-required=\"true\" aria-invalid=\"false\" placeholder=\"Adre\u00e7a electr\u00f2nica (requerit)\" \/><\/span> <\/p>\n<p><span class=\"wpcf7-form-control-wrap tel-399\"><input type=\"tel\" name=\"tel-399\" value=\"\" size=\"40\" class=\"wpcf7-form-control wpcf7-text wpcf7-tel wpcf7-validates-as-tel\" aria-invalid=\"false\" placeholder=\"Tel\u00e8fon\" \/><\/span> <\/p>\n<p><span class=\"wpcf7-form-control-wrap your-subject\"><input type=\"text\" name=\"your-subject\" value=\"\" size=\"40\" class=\"wpcf7-form-control wpcf7-text wpcf7-validates-as-required\" aria-required=\"true\" aria-invalid=\"false\" placeholder=\"Assumpte (requerit)\" \/><\/span> <\/p>\n<p><span class=\"wpcf7-form-control-wrap your-message\"><textarea name=\"your-message\" cols=\"40\" rows=\"4\" class=\"wpcf7-form-control wpcf7-textarea wpcf7-validates-as-required\" aria-required=\"true\" aria-invalid=\"false\" placeholder=\"Missatge (requerit)\"><\/textarea><\/span> <\/p>\n<p><span class=\"wpcf7-form-control-wrap file-8\"><input type=\"file\" name=\"file-8\" size=\"40\" class=\"wpcf7-form-control wpcf7-file\" accept=\".pdf,.jpg,.xls,.xlsx,.doc,.docx\" aria-invalid=\"false\" \/><\/span> <\/p>\n<p><br><\/p>\n<p><span class=\"wpcf7-form-control-wrap checkbox-448\"><span class=\"wpcf7-form-control wpcf7-checkbox wpcf7-validates-as-required\"><span class=\"wpcf7-list-item first last\"><input type=\"checkbox\" name=\"checkbox-448[]\" value=\"He llegit i accepto la\" \/><span class=\"wpcf7-list-item-label\">He llegit i accepto la<\/span><\/span><\/span><\/span> <a href=\"javascript:void(0);\" onclick=\"window.open('https:\/\/estructurasarque.com\/ca\/politica-de-proteccio-de-dades\/','Privacidad','scrollbars=yes,width=800,height=600')\"><b><u>Pol&iacute;\u00adtica de privacidat<\/u><\/b><\/a><\/p>\n<p><span class=\"wpcf7-form-control-wrap checkbox-781\"><span class=\"wpcf7-form-control wpcf7-checkbox wpcf7-validates-as-required\"><span class=\"wpcf7-list-item first last\"><input type=\"checkbox\" name=\"checkbox-781[]\" value=\"Autoritzo el enviament de informaci\u00f3.\" \/><span class=\"wpcf7-list-item-label\">Autoritzo el enviament de informaci\u00f3.<\/span><\/span><\/span><\/span><\/p>\n<p><br><\/p>\n<p><input type=\"submit\" value=\"Enviar\" class=\"wpcf7-form-control wpcf7-submit\" \/><\/p>\n<div class=\"wpcf7-response-output\" aria-hidden=\"true\"><\/div><\/form><\/div>[vc_empty_space height=&#8221;30px&#8221;]<div data-id=\"mpc_cubebox-3369f3b07ab50fd\" class=\"mpc-cubebox mpc-init mpc-transition mpc-cubebox--flip-left \" ><div class=\"mpc-cubebox__content\" data-front-align=\"middle-center\" data-side-align=\"middle-center\"><div class=\"mpc-cubebox__front\"><div class=\"mpc-cubebox-side\"><div class=\"mpc-cubebox-side__content\"><div data-id=\"mpc_icon-3569f3b07ab521d\" class=\"mpc-icon mpc-init mpc-transition mpc-effect-none mpc-icon-hover \"><div class=\"mpc-icon-wrap\"><i class=\"mpc-icon-part mpc-regular mpc-transition  etl etl-book-open\"><\/i><i class=\"mpc-icon-part mpc-hover mpc-transition  etl etl-book-open\"><\/i><\/div><\/div><\/div><\/div><\/div><div class=\"mpc-cubebox__side mpc-container\"><div class=\"mpc-cubebox-side\"><div class=\"mpc-cubebox-side__content\">[vc_row_inner css=&#8221;.vc_custom_1449216528414{margin-bottom: 35px !important;}&#8221;][vc_column_inner]<div data-id=\"mpc_callout-10069f3b07ab5380\" class=\"mpc-callout mpc-init mpc-callout--style_6 \" ><div class=\"mpc-callout__icon-wrap\"><div class=\"mpc-callout__icon\"><i class=\"mpc-transition  etl etl-book-open\"><\/i><\/div><\/div><div class=\"mpc-callout__content\"><h3 class=\"mpc-callout__heading\">CAT\u00c0LEG<\/h3><div class=\"mpc-callout__description\"><p>M\u00e9s de 50 anys d&#8217;experi\u00e8ncia en el mercat.<\/p>\n<\/div><\/div><div class=\"mpc-callout__button\"><a href=\"http:\/\/estructurasarque.com\/web\/wp-content\/uploads\/2017\/12\/Cata\u0301logo-Digital-2017.pdf\" target=\" _blank\" title=\"Descargar\"  data-id=\"mpc_button-2369f3b07ab53df\" class=\"mpc-button mpc-init mpc-transition \" ><div class=\"mpc-button__content mpc-effect-type--none mpc-effect-side--none\"><span class=\"mpc-button__title mpc-transition\">DESCARREGAR CAT\u00c0LEG<\/span><\/div><div class=\"mpc-button__background mpc-transition mpc-effect-type--slide mpc-effect-side--top\"><\/div><\/a><\/div><\/div>[\/vc_column_inner][\/vc_row_inner]<\/div><\/div><\/div><\/div><\/div>[\/vc_column][\/vc_row][vc_row full_width=&#8221;stretch_row_content_no_spaces&#8221;][vc_column]<div data-id=\"mpc_map-8169f3b07ab548d\" class=\"mpc-map-wrap  mpc-custom-height\" ><p class=\"mpc-error\">If you see this Google Maps wasn't properly loaded. Please refresh your page \ud83d\ude42<\/p><div class=\"mpc-map mpc-init \" data-map-options=\"{&quot;disable_auto_zoom&quot;:true,&quot;zoom&quot;:&quot;10&quot;,&quot;disable_auto_location&quot;:false,&quot;location&quot;:&quot;&quot;,&quot;disable_ui&quot;:false,&quot;disable_scroll_wheel&quot;:false,&quot;style&quot;:&quot;apple_maps&quot;,&quot;markers&quot;:[{&quot;location&quot;:{&quot;latitude&quot;:41.551684,&quot;longitude&quot;:0.495813},&quot;icon_url&quot;:&quot;https:\\\/\\\/estructurasarque.com\\\/wp-content\\\/uploads\\\/2017\\\/04\\\/arque-32.png&quot;},{&quot;location&quot;:{&quot;latitude&quot;:41.483931,&quot;longitude&quot;:2.051364},&quot;icon_url&quot;:&quot;https:\\\/\\\/estructurasarque.com\\\/wp-content\\\/uploads\\\/2017\\\/04\\\/arque-32.png&quot;},{&quot;location&quot;:{&quot;latitude&quot;:41.66614999999999,&quot;longitude&quot;:1.85399},&quot;icon_url&quot;:&quot;https:\\\/\\\/estructurasarque.com\\\/wp-content\\\/uploads\\\/2017\\\/04\\\/arque-32.png&quot;}]}\"><\/div><\/div>[vc_empty_space height=&#8221;30px&#8221;][\/vc_column][\/vc_row][vc_row bg_type=&#8221;bg_color&#8221; bg_override=&#8221;full&#8221; animation_type=&#8221;h&#8221; horizontal_animation=&#8221;left-animation&#8221; vertical_animation=&#8221;top-animation&#8221; padding_top=&#8221;60px&#8221; css=&#8221;.vc_custom_1511982417592{padding-top: 40px !important;padding-bottom: 20px !important;}&#8221;][vc_column width=&#8221;1\/6&#8243;][vc_single_image image=&#8221;27958&#8243; img_size=&#8221;full&#8221; alignment=&#8221;center&#8221; onclick=&#8221;custom_link&#8221; img_link_target=&#8221;_blank&#8221; link=&#8221;http:\/\/www.ascem.org\/&#8221;][\/vc_column][vc_column width=&#8221;1\/6&#8243;][vc_single_image image=&#8221;27770&#8243; img_size=&#8221;full&#8221; alignment=&#8221;center&#8221; onclick=&#8221;custom_link&#8221; img_link_target=&#8221;_blank&#8221; link=&#8221;http:\/\/www.cecot.org\/&#8221;][\/vc_column][vc_column width=&#8221;1\/6&#8243;][vc_single_image image=&#8221;27769&#8243; img_size=&#8221;full&#8221; alignment=&#8221;center&#8221; onclick=&#8221;custom_link&#8221; img_link_target=&#8221;_blank&#8221; link=&#8221;https:\/\/confemetal.es\/&#8221;][\/vc_column][vc_column width=&#8221;1\/6&#8243;][vc_single_image image=&#8221;27772&#8243; img_size=&#8221;full&#8221; alignment=&#8221;center&#8221; onclick=&#8221;custom_link&#8221; img_link_target=&#8221;_blank&#8221; link=&#8221;https:\/\/www.steelconstruct.com\/site\/&#8221;][\/vc_column][vc_column width=&#8221;1\/6&#8243;][vc_single_image image=&#8221;27768&#8243; img_size=&#8221;100&#215;105&#8243; alignment=&#8221;center&#8221; onclick=&#8221;custom_link&#8221; img_link_target=&#8221;_blank&#8221; link=&#8221;http:\/\/www.lr.org\/en\/&#8221;][\/vc_column][vc_column width=&#8221;1\/6&#8243;][vc_single_image image=&#8221;27911&#8243; img_size=&#8221;full&#8221; alignment=&#8221;center&#8221; onclick=&#8221;custom_link&#8221; img_link_target=&#8221;_blank&#8221; link=&#8221;http:\/\/www.construmat.com\/ca\/home&#8221;][\/vc_column][\/vc_row]<\/p>\n","protected":false},"excerpt":{"rendered":"<p>[vc_row][vc_column width=&#8221;1\/2&#8243; css=&#8221;.vc_custom_1510225224023{padding-top: 72px !important;padding-right: 40px !important;padding-bottom: 72px !important;padding-left: 40px !important;background-position: 0 0 !important;background-repeat: no-repeat !important;border-radius: 10px !important;}&#8221;][vc_custom_heading text=&#8221;ON SOM?&#8221; font_container=&#8221;tag:h1|text_align:left&#8221; google_fonts=&#8221;font_family:Open%20Sans%3A300%2C300italic%2Cregular%2Citalic%2C600%2C600italic%2C700%2C700italic%2C800%2C800italic|font_style:700%20bold%20regular%3A700%3Anormal&#8221; css=&#8221;.vc_custom_1517426411808{padding-top: 20px !important;border-radius: 2px !important;}&#8221;][vc_column_text css=&#8221;.vc_custom_1737357833142{margin-bottom: -1px !important;}&#8221;] SANT VICEN\u00c7 DE CASTELLET Oficina T\u00e8cnica, Administraci\u00f3 i Taller Domicili social Salvador Vives, 1, 08295, Sant Vicen\u00e7 de Castellet, Barcelona. Tel\u00e8fon: +34 973 790 200<\/p>\n","protected":false},"author":1,"featured_media":0,"parent":0,"menu_order":0,"comment_status":"closed","ping_status":"closed","template":"","meta":[],"_links":{"self":[{"href":"https:\/\/estructurasarque.com\/ca\/wp-json\/wp\/v2\/pages\/28616"}],"collection":[{"href":"https:\/\/estructurasarque.com\/ca\/wp-json\/wp\/v2\/pages"}],"about":[{"href":"https:\/\/estructurasarque.com\/ca\/wp-json\/wp\/v2\/types\/page"}],"author":[{"embeddable":true,"href":"https:\/\/estructurasarque.com\/ca\/wp-json\/wp\/v2\/users\/1"}],"replies":[{"embeddable":true,"href":"https:\/\/estructurasarque.com\/ca\/wp-json\/wp\/v2\/comments?post=28616"}],"version-history":[{"count":15,"href":"https:\/\/estructurasarque.com\/ca\/wp-json\/wp\/v2\/pages\/28616\/revisions"}],"predecessor-version":[{"id":32842,"href":"https:\/\/estructurasarque.com\/ca\/wp-json\/wp\/v2\/pages\/28616\/revisions\/32842"}],"wp:attachment":[{"href":"https:\/\/estructurasarque.com\/ca\/wp-json\/wp\/v2\/media?parent=28616"}],"curies":[{"name":"wp","href":"https:\/\/api.w.org\/{rel}","templated":true}]}}