{"id":28595,"date":"2017-11-16T08:25:35","date_gmt":"2017-11-16T08:25:35","guid":{"rendered":"http:\/\/estructurasarque.com\/certificados\/"},"modified":"2024-03-14T10:42:22","modified_gmt":"2024-03-14T10:42:22","slug":"certificats","status":"publish","type":"page","link":"https:\/\/estructurasarque.com\/ca\/certificats\/","title":{"rendered":"Certificats"},"content":{"rendered":"<p>[vc_row css=&#8221;.vc_custom_1511895498585{padding-top: 60px !important;}&#8221;][vc_column width=&#8221;1\/2&#8243; css=&#8221;.vc_custom_1513940005678{padding-right: 40px !important;padding-left: 40px !important;}&#8221;][vc_custom_heading text=&#8221;CERTIFICAT EN 1090-1&#8243; font_container=&#8221;tag:h1|text_align:left&#8221; google_fonts=&#8221;font_family:Open%20Sans%3A300%2C300italic%2Cregular%2Citalic%2C600%2C600italic%2C700%2C700italic%2C800%2C800italic|font_style:700%20bold%20regular%3A700%3Anormal&#8221; css=&#8221;.vc_custom_1517425200484{padding-top: 20px !important;border-radius: 2px !important;}&#8221;]<div data-id=\"mpc_divider-86a08c14f511f6\" class=\"mpc-divider-wrap\"><div class=\"mpc-divider mpc-init mpc-align--left mpc-disable--left \" ><div class=\"mpc-divider__line mpc-side--left\"><span><\/span><\/div><div class=\"mpc-divider__separator\"><div class=\"mpc-divider__content fa fa-circle-thin\"><\/div><\/div><div class=\"mpc-divider__line mpc-side--right\"><span><\/span><\/div><\/div><\/div>[vc_empty_space height=&#8221;20px&#8221;]<div id=\"mpc_textblock-806a08c14f5122c\" class=\"mpc-textblock mpc-init \"><p>El marcatge CE \u00e9s una declaraci\u00f3 legal que emet el fabricant de l\u2019estructura met\u00e0l\u00b7lica conforme el <strong>seu producte compleix la norma EN 1090<\/strong> i, per tant, amb la directiva europea.<br \/>\nLa norma EN 1090 que regula el marcatge CE \u00e9s obligat\u00f2ria per a totes les estructures met\u00e0l\u00b7liques col\u00b7locades al mercat des del juliol de 2014.<\/p>\n<p>A ESTRUCTURAS ARQU\u00c9 disposem d\u2019un Sistema de Gesti\u00f3 de la Qualitat Integrat a fi de garantir els est\u00e0ndards de qualitat establerts; <strong>classe d\u2019execuci\u00f3 4<\/strong> (m\u00e0xima certificaci\u00f3 europea).<\/p>\n<\/div>[vc_empty_space height=&#8221;20px&#8221;]<a href=\"http:\/\/estructurasarque.com\/wp-content\/uploads\/2017\/12\/Estructuras-Arque-1090-Certificado-Espan\u0303ol_R3_Dec17-sign.pdf\" target=\" _blank\" title=\"Certificado\"  data-id=\"mpc_button-556a08c14f51347\" class=\"mpc-button mpc-init mpc-transition \" ><div class=\"mpc-button__content mpc-effect-type--none mpc-effect-side--none\"><span class=\"mpc-button__title mpc-transition\">DESCARREGAR CERTIFICAT<\/span><\/div><div class=\"mpc-button__background mpc-transition mpc-effect-type--slide mpc-effect-side--top\"><\/div><\/a>[vc_empty_space height=&#8221;400px&#8221;][vc_custom_heading text=&#8221;CERTIFICATS ISO 9001 I 45001&#8243; font_container=&#8221;tag:h1|text_align:left&#8221; google_fonts=&#8221;font_family:Open%20Sans%3A300%2C300italic%2Cregular%2Citalic%2C600%2C600italic%2C700%2C700italic%2C800%2C800italic|font_style:700%20bold%20regular%3A700%3Anormal&#8221; css=&#8221;.vc_custom_1574329884441{padding-top: 20px !important;border-radius: 2px !important;}&#8221;]<div data-id=\"mpc_divider-496a08c14f513ab\" class=\"mpc-divider-wrap\"><div class=\"mpc-divider mpc-init mpc-align--left mpc-disable--left \" ><div class=\"mpc-divider__line mpc-side--left\"><span><\/span><\/div><div class=\"mpc-divider__separator\"><div class=\"mpc-divider__content fa fa-circle-thin\"><\/div><\/div><div class=\"mpc-divider__line mpc-side--right\"><span><\/span><\/div><\/div><\/div>[vc_empty_space height=&#8221;20px&#8221;]<div id=\"mpc_textblock-866a08c14f513c6\" class=\"mpc-textblock mpc-init \"><p>ISO 9001:<br \/>\nSistema de Gesti\u00f3 de la Qualitat, \u00e9s una norma internacional que se centra en tots els elements de la gesti\u00f3 de la qualitat amb qu\u00e8 una empresa ha de comptar per tenir un sistema efectiu que li permeti administrar i millorar la qualitat dels seus productes o serveis.<br \/>\nISO 45001:<br \/>\nSistemes de gesti\u00f3 de salut i seguretat en el treball, \u00e9s una norma internacional que especifica els requisits per a un sistema de gesti\u00f3 de salut i seguretat ocupacional i proporciona indicacions per al seu \u00fas, per permetre a les organitzacions proporcionar treballs segurs i saludables, prevenir accidents en el treball i problemes de salut, a m\u00e9s de millorar SST de manera proactiva.<\/p>\n<\/div>[vc_empty_space height=&#8221;20px&#8221;]<a href=\"http:\/\/estructurasarque.com\/wp-content\/uploads\/2019\/11\/00021856-00021857-QMS-OHSAS-SPAES-UKAS.pdf\" target=\" _blank\" title=\"Certificado\"  data-id=\"mpc_button-886a08c14f51451\" class=\"mpc-button mpc-init mpc-transition \" ><div class=\"mpc-button__content mpc-effect-type--none mpc-effect-side--none\"><span class=\"mpc-button__title mpc-transition\">DESCARREGAR CERTIFICAT<\/span><\/div><div class=\"mpc-button__background mpc-transition mpc-effect-type--slide mpc-effect-side--top\"><\/div><\/a>[\/vc_column][vc_column width=&#8221;1\/2&#8243; css=&#8221;.vc_custom_1513940021179{padding-right: 40px !important;padding-left: 40px !important;}&#8221;][vc_row_inner][vc_column_inner][vc_empty_space height=&#8221;30px&#8221;][vc_single_image image=&#8221;32692&#8243; img_size=&#8221;full&#8221; alignment=&#8221;center&#8221; style=&#8221;vc_box_border&#8221; onclick=&#8221;custom_link&#8221; img_link_target=&#8221;_blank&#8221; link=&#8221;http:\/\/estructurasarque.com\/wp-content\/uploads\/2022\/11\/Estructuras-Arque-1090-Certificado-Ingles_R3_Dec17-signed.pdf&#8221;][\/vc_column_inner][\/vc_row_inner][vc_row_inner][vc_column_inner][vc_empty_space height=&#8221;10px&#8221;][vc_single_image image=&#8221;32666&#8243; img_size=&#8221;full&#8221; alignment=&#8221;center&#8221; style=&#8221;vc_box_border&#8221; onclick=&#8221;custom_link&#8221; img_link_target=&#8221;_blank&#8221; link=&#8221;http:\/\/estructurasarque.com\/wp-content\/uploads\/2022\/11\/00021857-QMS-SPAES-UKAS.pdf&#8221;][vc_single_image image=&#8221;32670&#8243; img_size=&#8221;full&#8221; alignment=&#8221;center&#8221; style=&#8221;vc_box_border&#8221; onclick=&#8221;custom_link&#8221; img_link_target=&#8221;_blank&#8221; link=&#8221;http:\/\/estructurasarque.com\/wp-content\/uploads\/2022\/11\/00021856-OHSAS-SPAES-UKAS.pdf&#8221;][\/vc_column_inner][\/vc_row_inner][\/vc_column][\/vc_row][vc_row][vc_column width=&#8221;1\/2&#8243; css=&#8221;.vc_custom_1513940118645{padding-right: 40px !important;padding-left: 40px !important;}&#8221; offset=&#8221;vc_hidden-sm vc_hidden-xs&#8221;][vc_empty_space height=&#8221;30px&#8221;][vc_single_image image=&#8221;28405&#8243; img_size=&#8221;full&#8221; alignment=&#8221;center&#8221; style=&#8221;vc_box_border&#8221; onclick=&#8221;custom_link&#8221; img_link_target=&#8221;_blank&#8221; link=&#8221;http:\/\/estructurasarque.com\/wp-content\/uploads\/2017\/12\/Certificado-BIM-Arque.pdf&#8221;][\/vc_column][vc_column width=&#8221;1\/2&#8243; css=&#8221;.vc_custom_1513940131218{padding-right: 40px !important;padding-left: 40px !important;}&#8221; offset=&#8221;vc_hidden-sm vc_hidden-xs&#8221;][vc_custom_heading text=&#8221;CERTIFICAT BIM&#8221; font_container=&#8221;tag:h1|text_align:left&#8221; google_fonts=&#8221;font_family:Open%20Sans%3A300%2C300italic%2Cregular%2Citalic%2C600%2C600italic%2C700%2C700italic%2C800%2C800italic|font_style:700%20bold%20regular%3A700%3Anormal&#8221; css=&#8221;.vc_custom_1517425192505{padding-top: 20px !important;border-radius: 2px !important;}&#8221;]<div data-id=\"mpc_divider-386a08c14f514b0\" class=\"mpc-divider-wrap\"><div class=\"mpc-divider mpc-init mpc-align--left mpc-disable--left \" ><div class=\"mpc-divider__line mpc-side--left\"><span><\/span><\/div><div class=\"mpc-divider__separator\"><div class=\"mpc-divider__content fa fa-circle-thin\"><\/div><\/div><div class=\"mpc-divider__line mpc-side--right\"><span><\/span><\/div><\/div><\/div>[vc_empty_space height=&#8221;20px&#8221;]<div id=\"mpc_textblock-716a08c14f514d0\" class=\"mpc-textblock mpc-init \"><p>El\u00a0BIM\u00a0(Building information Modeling) \u00e9s la <strong>tecnologia de generaci\u00f3 i\u00a0gesti\u00f3 de dades<\/strong>\u00a0d\u2019una construcci\u00f3\u00a0durant el seu disseny, c\u00e0lcul i execuci\u00f3, \u200butilitzant software din\u00e0mic de modelat en tres dimensions i\u00a0en temps real.<\/p>\n<p>El nostre sistema BIM ofereix als nostres clients beneficis en la planificaci\u00f3, estimaci\u00f3 de costos i an\u00e0lisi de riscos, i tamb\u00e9 un proc\u00e9s col\u00b7laboratiu que millora la gesti\u00f3 i l\u2019optimitzaci\u00f3 dels recursos disponibles.<\/p>\n<\/div>[vc_empty_space height=&#8221;20px&#8221;]<a href=\"http:\/\/estructurasarque.com\/wp-content\/uploads\/2017\/12\/Certificado-BIM-Arque.pdf\" target=\" _blank\" title=\"Certificado\"  data-id=\"mpc_button-306a08c14f51556\" class=\"mpc-button mpc-init mpc-transition \" ><div class=\"mpc-button__content mpc-effect-type--none mpc-effect-side--none\"><span class=\"mpc-button__title mpc-transition\">DESCARREGAR CERTIFICAT<\/span><\/div><div class=\"mpc-button__background mpc-transition mpc-effect-type--slide mpc-effect-side--top\"><\/div><\/a>[\/vc_column][\/vc_row][vc_row][vc_column width=&#8221;1\/2&#8243; css=&#8221;.vc_custom_1513940118645{padding-right: 40px !important;padding-left: 40px !important;}&#8221; offset=&#8221;vc_hidden-sm vc_hidden-xs&#8221;][vc_empty_space height=&#8221;30px&#8221;][vc_single_image image=&#8221;32802&#8243; img_size=&#8221;full&#8221; alignment=&#8221;center&#8221; style=&#8221;vc_box_border&#8221; onclick=&#8221;custom_link&#8221; img_link_target=&#8221;_blank&#8221; link=&#8221;http:\/\/estructurasarque.com\/wp-content\/uploads\/2022\/03\/CERTIFICADO-ADECUACION.jpg&#8221;][\/vc_column][vc_column width=&#8221;1\/2&#8243; css=&#8221;.vc_custom_1513940131218{padding-right: 40px !important;padding-left: 40px !important;}&#8221; offset=&#8221;vc_hidden-sm vc_hidden-xs&#8221;][vc_custom_heading text=&#8221;CERTIFICAT D&#8217;ADEQUACI\u00d3 PROTECCI\u00d3 DE DADES&#8221; font_container=&#8221;tag:h1|text_align:left&#8221; google_fonts=&#8221;font_family:Open%20Sans%3A300%2C300italic%2Cregular%2Citalic%2C600%2C600italic%2C700%2C700italic%2C800%2C800italic|font_style:700%20bold%20regular%3A700%3Anormal&#8221; css=&#8221;.vc_custom_1613662162164{padding-top: 20px !important;border-radius: 2px !important;}&#8221;]<div data-id=\"mpc_divider-406a08c14f5159b\" class=\"mpc-divider-wrap\"><div class=\"mpc-divider mpc-init mpc-align--left mpc-disable--left \" ><div class=\"mpc-divider__line mpc-side--left\"><span><\/span><\/div><div class=\"mpc-divider__separator\"><div class=\"mpc-divider__content fa fa-circle-thin\"><\/div><\/div><div class=\"mpc-divider__line mpc-side--right\"><span><\/span><\/div><\/div><\/div>[vc_empty_space height=&#8221;20px&#8221;]<div id=\"mpc_textblock-756a08c14f515b4\" class=\"mpc-textblock mpc-init \"><p>El certificat d\u2019adequaci\u00f3 de protecci\u00f3 de dades de la nostra empresa, certifica que complim amb el reglament general de protecci\u00f3 de dades (UE) 2016\/679 (RGPD)\u00a0i de la llei org\u00e0nica 3\/2018 de protecci\u00f3 de dades personals i garantia dels drets digitals (LOPDGDD).<\/p>\n<\/div>[vc_empty_space height=&#8221;20px&#8221;]<a href=\"http:\/\/estructurasarque.com\/wp-content\/uploads\/2024\/03\/PD_244-certificado-revision.pdf\" target=\" _blank\" title=\"Certificado\"  data-id=\"mpc_button-266a08c14f5163f\" class=\"mpc-button mpc-init mpc-transition \" ><div class=\"mpc-button__content mpc-effect-type--none mpc-effect-side--none\"><span class=\"mpc-button__title mpc-transition\">DESCARREGAR CERTIFICAT<\/span><\/div><div class=\"mpc-button__background mpc-transition mpc-effect-type--slide mpc-effect-side--top\"><\/div><\/a>[\/vc_column][\/vc_row][vc_row][vc_column width=&#8221;1\/2&#8243; css=&#8221;.vc_custom_1513940179643{padding-right: 40px !important;padding-left: 40px !important;}&#8221; offset=&#8221;vc_hidden-lg vc_hidden-md&#8221;][vc_custom_heading text=&#8221;CERTIFICADO BIM&#8221; font_container=&#8221;tag:h1|text_align:left&#8221; google_fonts=&#8221;font_family:Open%20Sans%3A300%2C300italic%2Cregular%2Citalic%2C600%2C600italic%2C700%2C700italic%2C800%2C800italic|font_style:700%20bold%20regular%3A700%3Anormal&#8221; css=&#8221;.vc_custom_1513245894065{padding-top: 20px !important;border-radius: 2px !important;}&#8221;]<div data-id=\"mpc_divider-536a08c14f516ae\" class=\"mpc-divider-wrap\"><div class=\"mpc-divider mpc-init mpc-align--left mpc-disable--left \" ><div class=\"mpc-divider__line mpc-side--left\"><span><\/span><\/div><div class=\"mpc-divider__separator\"><div class=\"mpc-divider__content fa fa-circle-thin\"><\/div><\/div><div class=\"mpc-divider__line mpc-side--right\"><span><\/span><\/div><\/div><\/div>[vc_empty_space height=&#8221;20px&#8221;]<div id=\"mpc_textblock-176a08c14f516d8\" class=\"mpc-textblock mpc-init \"><p>El\u00a0BIM\u00a0(Building Information Modeling) es la <strong>tecnolog\u00eda de generaci\u00f3n y\u00a0gesti\u00f3n de datos\u00a0<\/strong>de un\u00a0edificio\u00a0durante su\u00a0ciclo de vida. Utiliza un software din\u00e1mico de modelado de edificios en tres dimensiones y\u00a0en tiempo real.<\/p>\n<\/div><a href=\"http:\/\/estructurasarque.com\/web\/wp-content\/uploads\/2017\/12\/Certificado-BIM-Arque.pdf\" target=\" _blank\" title=\"Certificado\"  data-id=\"mpc_button-46a08c14f51763\" class=\"mpc-button mpc-init mpc-transition \" ><div class=\"mpc-button__content mpc-effect-type--none mpc-effect-side--none\"><span class=\"mpc-button__title mpc-transition\">DESCARGAR CERTIFICADO<\/span><\/div><div class=\"mpc-button__background mpc-transition mpc-effect-type--slide mpc-effect-side--top\"><\/div><\/a>[\/vc_column][vc_column width=&#8221;1\/2&#8243; css=&#8221;.vc_custom_1513940187127{padding-right: 40px !important;padding-left: 40px !important;}&#8221; offset=&#8221;vc_hidden-lg vc_hidden-md&#8221;][vc_empty_space height=&#8221;30px&#8221;][vc_single_image image=&#8221;28405&#8243; img_size=&#8221;full&#8221; alignment=&#8221;center&#8221; style=&#8221;vc_box_border&#8221; onclick=&#8221;custom_link&#8221; img_link_target=&#8221;_blank&#8221; link=&#8221;http:\/\/estructurasarque.com\/wp-content\/uploads\/2017\/12\/Certificado-BIM-Arque.pdf&#8221;][vc_empty_space height=&#8221;20px&#8221;][\/vc_column][\/vc_row][vc_row full_width=&#8221;stretch_row&#8221; css=&#8221;.vc_custom_1509967951857{margin-top: 30px !important;padding-top: 20px !important;padding-bottom: 40px !important;background-color: #ff9900 !important;}&#8221;][vc_column]<div data-id=\"mpc_callout-706a08c14f518b5\" class=\"mpc-callout mpc-init mpc-callout--style_1 \" ><div class=\"mpc-callout__icon-wrap mpc-align--left\"><div class=\"mpc-callout__icon\"><i class=\"mpc-transition  fa fa-envelope\"><\/i><\/div><\/div><div class=\"mpc-callout__content\"><h3 class=\"mpc-callout__heading\">Contacte<\/h3><div class=\"mpc-callout__description\"><p>Posi&#8217;s en contacte amb nosaltres, estarem encantats d&#8217;atendre&#8217;l.<\/p>\n<\/div><\/div><div class=\"mpc-callout__button\"><a href=\"http:\/\/estructurasarque.com\/web\/index.php\/contacto\/\" target=\"\" title=\"Link\"  data-id=\"mpc_button-736a08c14f5194d\" class=\"mpc-button mpc-init mpc-transition \" ><div class=\"mpc-button__content mpc-effect-type--none mpc-effect-side--none\"><span class=\"mpc-button__title mpc-transition\">Contacte<\/span><\/div><div class=\"mpc-button__background mpc-transition mpc-effect-type--slide mpc-effect-side--left\"><\/div><\/a><\/div><\/div>[\/vc_column][\/vc_row][vc_row bg_type=&#8221;bg_color&#8221; bg_override=&#8221;full&#8221; animation_type=&#8221;h&#8221; horizontal_animation=&#8221;left-animation&#8221; vertical_animation=&#8221;top-animation&#8221; padding_top=&#8221;60px&#8221; css=&#8221;.vc_custom_1510220009498{padding-top: 20px !important;padding-bottom: 20px !important;}&#8221;][vc_column width=&#8221;1\/6&#8243;][vc_single_image image=&#8221;27958&#8243; img_size=&#8221;full&#8221; alignment=&#8221;center&#8221; onclick=&#8221;custom_link&#8221; img_link_target=&#8221;_blank&#8221; link=&#8221;http:\/\/www.ascem.org\/&#8221;][\/vc_column][vc_column width=&#8221;1\/6&#8243;][vc_single_image image=&#8221;27770&#8243; img_size=&#8221;full&#8221; alignment=&#8221;center&#8221; onclick=&#8221;custom_link&#8221; img_link_target=&#8221;_blank&#8221; link=&#8221;http:\/\/www.cecot.org\/&#8221;][\/vc_column][vc_column width=&#8221;1\/6&#8243;][vc_single_image image=&#8221;27769&#8243; img_size=&#8221;full&#8221; alignment=&#8221;center&#8221; onclick=&#8221;custom_link&#8221; img_link_target=&#8221;_blank&#8221; link=&#8221;https:\/\/confemetal.es\/&#8221;][\/vc_column][vc_column width=&#8221;1\/6&#8243;][vc_single_image image=&#8221;27772&#8243; img_size=&#8221;full&#8221; alignment=&#8221;center&#8221; onclick=&#8221;custom_link&#8221; img_link_target=&#8221;_blank&#8221; link=&#8221;https:\/\/www.steelconstruct.com\/site\/&#8221;][\/vc_column][vc_column width=&#8221;1\/6&#8243;][vc_single_image image=&#8221;27768&#8243; img_size=&#8221;100&#215;105&#8243; alignment=&#8221;center&#8221; onclick=&#8221;custom_link&#8221; img_link_target=&#8221;_blank&#8221; link=&#8221;http:\/\/www.lr.org\/en\/&#8221;][\/vc_column][vc_column width=&#8221;1\/6&#8243;][vc_single_image image=&#8221;27911&#8243; img_size=&#8221;full&#8221; alignment=&#8221;center&#8221; onclick=&#8221;custom_link&#8221; img_link_target=&#8221;_blank&#8221; link=&#8221;http:\/\/www.construmat.com\/ca\/home&#8221;][\/vc_column][\/vc_row]<\/p>\n","protected":false},"excerpt":{"rendered":"<p>[vc_row css=&#8221;.vc_custom_1511895498585{padding-top: 60px !important;}&#8221;][vc_column width=&#8221;1\/2&#8243; css=&#8221;.vc_custom_1513940005678{padding-right: 40px !important;padding-left: 40px !important;}&#8221;][vc_custom_heading text=&#8221;CERTIFICAT EN 1090-1&#8243; font_container=&#8221;tag:h1|text_align:left&#8221; google_fonts=&#8221;font_family:Open%20Sans%3A300%2C300italic%2Cregular%2Citalic%2C600%2C600italic%2C700%2C700italic%2C800%2C800italic|font_style:700%20bold%20regular%3A700%3Anormal&#8221; css=&#8221;.vc_custom_1517425200484{padding-top: 20px !important;border-radius: 2px !important;}&#8221;][vc_empty_space height=&#8221;20px&#8221;][vc_empty_space height=&#8221;20px&#8221;][vc_empty_space height=&#8221;400px&#8221;][vc_custom_heading text=&#8221;CERTIFICATS ISO 9001 I 45001&#8243; font_container=&#8221;tag:h1|text_align:left&#8221; google_fonts=&#8221;font_family:Open%20Sans%3A300%2C300italic%2Cregular%2Citalic%2C600%2C600italic%2C700%2C700italic%2C800%2C800italic|font_style:700%20bold%20regular%3A700%3Anormal&#8221; css=&#8221;.vc_custom_1574329884441{padding-top: 20px !important;border-radius: 2px !important;}&#8221;][vc_empty_space height=&#8221;20px&#8221;][vc_empty_space height=&#8221;20px&#8221;][\/vc_column][vc_column width=&#8221;1\/2&#8243; css=&#8221;.vc_custom_1513940021179{padding-right: 40px !important;padding-left: 40px !important;}&#8221;][vc_row_inner][vc_column_inner][vc_empty_space height=&#8221;30px&#8221;][vc_single_image image=&#8221;32692&#8243; img_size=&#8221;full&#8221; alignment=&#8221;center&#8221; style=&#8221;vc_box_border&#8221; onclick=&#8221;custom_link&#8221; img_link_target=&#8221;_blank&#8221; link=&#8221;http:\/\/estructurasarque.com\/wp-content\/uploads\/2022\/11\/Estructuras-Arque-1090-Certificado-Ingles_R3_Dec17-signed.pdf&#8221;][\/vc_column_inner][\/vc_row_inner][vc_row_inner][vc_column_inner][vc_empty_space height=&#8221;10px&#8221;][vc_single_image image=&#8221;32666&#8243; img_size=&#8221;full&#8221; alignment=&#8221;center&#8221;<\/p>\n","protected":false},"author":1,"featured_media":0,"parent":0,"menu_order":0,"comment_status":"closed","ping_status":"closed","template":"","meta":[],"_links":{"self":[{"href":"https:\/\/estructurasarque.com\/ca\/wp-json\/wp\/v2\/pages\/28595"}],"collection":[{"href":"https:\/\/estructurasarque.com\/ca\/wp-json\/wp\/v2\/pages"}],"about":[{"href":"https:\/\/estructurasarque.com\/ca\/wp-json\/wp\/v2\/types\/page"}],"author":[{"embeddable":true,"href":"https:\/\/estructurasarque.com\/ca\/wp-json\/wp\/v2\/users\/1"}],"replies":[{"embeddable":true,"href":"https:\/\/estructurasarque.com\/ca\/wp-json\/wp\/v2\/comments?post=28595"}],"version-history":[{"count":26,"href":"https:\/\/estructurasarque.com\/ca\/wp-json\/wp\/v2\/pages\/28595\/revisions"}],"predecessor-version":[{"id":32810,"href":"https:\/\/estructurasarque.com\/ca\/wp-json\/wp\/v2\/pages\/28595\/revisions\/32810"}],"wp:attachment":[{"href":"https:\/\/estructurasarque.com\/ca\/wp-json\/wp\/v2\/media?parent=28595"}],"curies":[{"name":"wp","href":"https:\/\/api.w.org\/{rel}","templated":true}]}}