{"id":28589,"date":"2017-11-28T18:00:54","date_gmt":"2017-11-28T18:00:54","guid":{"rendered":"http:\/\/estructurasarque.com\/nosotros\/"},"modified":"2018-02-02T10:11:57","modified_gmt":"2018-02-02T10:11:57","slug":"nosaltres","status":"publish","type":"page","link":"https:\/\/estructurasarque.com\/ca\/nosaltres\/","title":{"rendered":"Per qu\u00e8 nosaltres"},"content":{"rendered":"<p>[vc_row][vc_column css=&#8221;.vc_custom_1513939777043{padding-top: 40px !important;padding-right: 40px !important;padding-left: 40px !important;}&#8221;][vc_custom_heading text=&#8221;PER QU\u00c8 NOSALTRES?&#8221; font_container=&#8221;tag:h1|text_align:center&#8221; google_fonts=&#8221;font_family:Open%20Sans%3A300%2C300italic%2Cregular%2Citalic%2C600%2C600italic%2C700%2C700italic%2C800%2C800italic|font_style:700%20bold%20regular%3A700%3Anormal&#8221; css=&#8221;.vc_custom_1517566314475{padding-top: 20px !important;border-radius: 2px !important;}&#8221;]<div data-id=\"mpc_divider-5669d541e48fce4\" class=\"mpc-divider-wrap\"><div class=\"mpc-divider mpc-init mpc-align--center \" ><div class=\"mpc-divider__line mpc-side--left\"><span><\/span><\/div><div class=\"mpc-divider__separator\"><div class=\"mpc-divider__content etl etl-target\"><\/div><\/div><div class=\"mpc-divider__line mpc-side--right\"><span><\/span><\/div><\/div><\/div>[vc_empty_space height=&#8221;20px&#8221;]<div id=\"mpc_connected_icons-3369d541e48fd25\" class=\"mpc-connected-icons mpc-init mpc-transition \"  data-ci-cols=\"3\" data-target=\"icon\" data-layout=\"horizontal\"><div class=\"mpc-connected-icons__line\"><span><\/span><\/div><div data-id=\"mpc_icon_column-1969d541e48fdc5\" class=\"mpc-icon-column mpc-init mpc-parent-hover mpc-transition mpc-icon-column--style_1 mpc-align--center \" ><div data-id=\"mpc_icon-3069d541e48fe04\" class=\"mpc-icon mpc-init mpc-transition mpc-effect-none mpc-icon-hover \"><div class=\"mpc-icon-wrap\"><i class=\"mpc-icon-part mpc-regular mpc-transition  icnm icnm-uni31\"><\/i><i class=\"mpc-icon-part mpc-hover mpc-transition  icnm icnm-uni31\"><\/i><\/div><\/div><div class=\"mpc-icon-column__content-wrap\"><div class=\"mpc-icon-column__content\"><h3 class=\"mpc-icon-column__heading mpc-transition\">TECNOLOGiA BIM<\/h3><div class=\"mpc-icon-column__description mpc-transition\"><p>Proporcionem<strong>\u00a0informaci\u00f3 en temps real<\/strong>\u00a0durant tot el proc\u00e9s constructiu.<\/p>\n<\/div><\/div><\/div><\/div><div data-id=\"mpc_icon_column-7269d541e48fead\" class=\"mpc-icon-column mpc-init mpc-parent-hover mpc-transition mpc-icon-column--style_1 mpc-align--center \" ><div data-id=\"mpc_icon-7269d541e48fed8\" class=\"mpc-icon mpc-init mpc-transition mpc-effect-none mpc-icon-hover \"><div class=\"mpc-icon-wrap\"><i class=\"mpc-icon-part mpc-regular mpc-transition  icnm icnm-uni32\"><\/i><i class=\"mpc-icon-part mpc-hover mpc-transition  icnm icnm-uni32\"><\/i><\/div><\/div><div class=\"mpc-icon-column__content-wrap\"><div class=\"mpc-icon-column__content\"><h3 class=\"mpc-icon-column__heading mpc-transition\">DISSENY Y C\u00c0LCUL<\/h3><div class=\"mpc-icon-column__description mpc-transition\"><p>Disposem de les eines de c\u00e0lcul m\u00e9s avan\u00e7ades per <strong>dimensionar l\u2019estructura<\/strong>.<\/p>\n<\/div><\/div><\/div><\/div><div data-id=\"mpc_icon_column-169d541e48ff89\" class=\"mpc-icon-column mpc-init mpc-parent-hover mpc-transition mpc-icon-column--style_1 mpc-align--center \" ><div data-id=\"mpc_icon-869d541e48ffb8\" class=\"mpc-icon mpc-init mpc-transition mpc-effect-none mpc-icon-hover \"><div class=\"mpc-icon-wrap\"><i class=\"mpc-icon-part mpc-regular mpc-transition  icnm icnm-uni33\"><\/i><i class=\"mpc-icon-part mpc-hover mpc-transition  icnm icnm-uni33\"><\/i><\/div><\/div><div class=\"mpc-icon-column__content-wrap\"><div class=\"mpc-icon-column__content\"><h3 class=\"mpc-icon-column__heading mpc-transition\">MODELITZACI\u00d3 EN 3D<\/h3><div class=\"mpc-icon-column__description mpc-transition\"><p>Modelitzaci\u00f3 en 3D de l\u2019estructura i les unions, inclosos\u00a0<strong>tots els detalls<\/strong>, com cargols o soldadures.<\/p>\n<\/div><\/div><\/div><\/div><\/div>[vc_empty_space height=&#8221;20px&#8221;]<div id=\"mpc_connected_icons-2769d541e49001d\" class=\"mpc-connected-icons mpc-init mpc-transition \"  data-ci-cols=\"3\" data-target=\"icon\" data-layout=\"horizontal\"><div class=\"mpc-connected-icons__line\"><span><\/span><\/div><div data-id=\"mpc_icon_column-2469d541e49009e\" class=\"mpc-icon-column mpc-init mpc-parent-hover mpc-transition mpc-icon-column--style_1 mpc-align--center \" ><div data-id=\"mpc_icon-6669d541e4900c7\" class=\"mpc-icon mpc-init mpc-transition mpc-effect-none mpc-icon-hover \"><div class=\"mpc-icon-wrap\"><i class=\"mpc-icon-part mpc-regular mpc-transition  icnm icnm-uni36\"><\/i><i class=\"mpc-icon-part mpc-hover mpc-transition  icnm icnm-uni36\"><\/i><\/div><\/div><div class=\"mpc-icon-column__content-wrap\"><div class=\"mpc-icon-column__content\"><h3 class=\"mpc-icon-column__heading mpc-transition\">MUNTATGE<\/h3><div class=\"mpc-icon-column__description mpc-transition\"><p>Fem <strong>plans de muntatge<\/strong> per a cada projecte. El material se subministra amb identificaci\u00f3 de cada element, i aix\u00f2 evita errors i agilitza el muntatge.<\/p>\n<\/div><\/div><\/div><\/div><div data-id=\"mpc_icon_column-6069d541e49016d\" class=\"mpc-icon-column mpc-init mpc-parent-hover mpc-transition mpc-icon-column--style_1 mpc-align--center \" ><div data-id=\"mpc_icon-6869d541e490196\" class=\"mpc-icon mpc-init mpc-transition mpc-effect-none mpc-icon-hover \"><div class=\"mpc-icon-wrap\"><i class=\"mpc-icon-part mpc-regular mpc-transition  icnm icnm-uni35\"><\/i><i class=\"mpc-icon-part mpc-hover mpc-transition  icnm icnm-uni35\"><\/i><\/div><\/div><div class=\"mpc-icon-column__content-wrap\"><div class=\"mpc-icon-column__content\"><h3 class=\"mpc-icon-column__heading mpc-transition\">TRA\u00c7ABILITAT<\/h3><div class=\"mpc-icon-column__description mpc-transition\"><p>Per a EXC3 i EXC4, garantim una\u00a0<strong>tra\u00e7abilitat absoluta<\/strong>\u00a0des de la recepci\u00f3 fins a la incorporaci\u00f3 en obra.<\/p>\n<\/div><\/div><\/div><\/div><div data-id=\"mpc_icon_column-7069d541e490224\" class=\"mpc-icon-column mpc-init mpc-parent-hover mpc-transition mpc-icon-column--style_1 mpc-align--center \" ><div data-id=\"mpc_icon-2169d541e49024d\" class=\"mpc-icon mpc-init mpc-transition mpc-effect-none mpc-icon-hover \"><div class=\"mpc-icon-wrap\"><i class=\"mpc-icon-part mpc-regular mpc-transition  icnm icnm-uni34\"><\/i><i class=\"mpc-icon-part mpc-hover mpc-transition  icnm icnm-uni34\"><\/i><\/div><\/div><div class=\"mpc-icon-column__content-wrap\"><div class=\"mpc-icon-column__content\"><h3 class=\"mpc-icon-column__heading mpc-transition\">FABRICACI\u00d3<\/h3><div class=\"mpc-icon-column__description mpc-transition\"><p>Som fabricants certificats amb el\u00a0<strong>marcatge CE<\/strong>,<strong>\u00a0<\/strong>des que es va implantar, per a la m\u00e0xima classe d\u2019execuci\u00f3 4.<\/p>\n<\/div><\/div><\/div><\/div><\/div>[vc_empty_space height=&#8221;60px&#8221;][\/vc_column][\/vc_row][vc_row full_width=&#8221;stretch_row&#8221; disable_element=&#8221;yes&#8221; css=&#8221;.vc_custom_1513105066594{margin-top: 30px !important;padding-top: 20px !important;padding-bottom: 40px !important;}&#8221;][vc_column][vc_custom_heading text=&#8221;\u00bfPOR QU\u00c9 NOSOTROS?&#8221; font_container=&#8221;tag:h1|text_align:center&#8221; google_fonts=&#8221;font_family:Open%20Sans%3A300%2C300italic%2Cregular%2Citalic%2C600%2C600italic%2C700%2C700italic%2C800%2C800italic|font_style:700%20bold%20regular%3A700%3Anormal&#8221; css=&#8221;.vc_custom_1511897766809{padding-top: 20px !important;border-radius: 2px !important;}&#8221;]<div data-id=\"mpc_divider-8069d541e4902c1\" class=\"mpc-divider-wrap\"><div class=\"mpc-divider mpc-init mpc-align--center \" ><div class=\"mpc-divider__line mpc-side--left\"><span><\/span><\/div><div class=\"mpc-divider__separator\"><div class=\"mpc-divider__content etl etl-target\"><\/div><\/div><div class=\"mpc-divider__line mpc-side--right\"><span><\/span><\/div><\/div><\/div>[vc_empty_space height=&#8221;20px&#8221;][vc_row_inner css=&#8221;.vc_custom_1513104192805{padding-top: 40px !important;padding-bottom: 20px !important;}&#8221;][vc_column_inner width=&#8221;1\/3&#8243;]<div data-id=\"mpc_callout-3569d541e490359\" class=\"mpc-callout mpc-init mpc-callout--style_3 \" ><div class=\"mpc-callout__icon-wrap\"><div class=\"mpc-callout__icon\"><i class=\"mpc-transition  icnm icnm-uni31\"><\/i><\/div><\/div><div class=\"mpc-callout__content\"><h3 class=\"mpc-callout__heading\">TECNOLOG\u00cdA BIM<\/h3><div class=\"mpc-callout__description\"><p>Proporcionamos informaci\u00f3n en tiempo real durante todo el proceso constructivo.<\/p>\n<\/div><\/div><\/div>[\/vc_column_inner][vc_column_inner width=&#8221;1\/3&#8243;]<div data-id=\"mpc_callout-269d541e490429\" class=\"mpc-callout mpc-init mpc-callout--style_3 \" ><div class=\"mpc-callout__icon-wrap\"><div class=\"mpc-callout__icon\"><i class=\"mpc-transition  icnm icnm-uni32\"><\/i><\/div><\/div><div class=\"mpc-callout__content\"><h3 class=\"mpc-callout__heading\">DISE\u00d1O Y C\u00c1LCULO<\/h3><div class=\"mpc-callout__description\"><p>Disponemos de las m\u00e1s avanzadas herramientas de c\u00e1lculo para verificar la estructura.<\/p>\n<\/div><\/div><\/div>[\/vc_column_inner][vc_column_inner width=&#8221;1\/3&#8243;]<div data-id=\"mpc_callout-8469d541e4904f9\" class=\"mpc-callout mpc-init mpc-callout--style_3 \" ><div class=\"mpc-callout__icon-wrap\"><div class=\"mpc-callout__icon\"><i class=\"mpc-transition  icnm icnm-uni33\"><\/i><\/div><\/div><div class=\"mpc-callout__content\"><h3 class=\"mpc-callout__heading\">MODELIZACI\u00d3N<\/h3><div class=\"mpc-callout__description\"><p>Modelizaci\u00f3n en 3D de la estructura y las uniones, incluyendo todos los detalles como torniller\u00eda o soldaduras.<\/p>\n<\/div><\/div><\/div>[\/vc_column_inner][\/vc_row_inner][vc_row_inner css=&#8221;.vc_custom_1511977676729{padding-top: 40px !important;}&#8221;][vc_column_inner width=&#8221;1\/3&#8243;]<div data-id=\"mpc_callout-4769d541e4905d5\" class=\"mpc-callout mpc-init mpc-callout--style_3 \" ><div class=\"mpc-callout__icon-wrap\"><div class=\"mpc-callout__icon\"><i class=\"mpc-transition  icnm icnm-uni34\"><\/i><\/div><\/div><div class=\"mpc-callout__content\"><h3 class=\"mpc-callout__heading\">FABRICACI\u00d3N<\/h3><div class=\"mpc-callout__description\"><p>Somos fabricantes certificados con el marcado CE desde el a\u00f1o 2012 para clase de ejecuci\u00f3n 4 &#8211; m\u00e1xima certificaci\u00f3n europea-.<\/p>\n<\/div><\/div><\/div>[\/vc_column_inner][vc_column_inner width=&#8221;1\/3&#8243;]<div data-id=\"mpc_callout-4469d541e4906ee\" class=\"mpc-callout mpc-init mpc-callout--style_3 \" ><div class=\"mpc-callout__icon-wrap\"><div class=\"mpc-callout__icon\"><i class=\"mpc-transition  icnm icnm-uni35\"><\/i><\/div><\/div><div class=\"mpc-callout__content\"><h3 class=\"mpc-callout__heading\">TRAZABILIDAD<\/h3><div class=\"mpc-callout__description\"><p>Para EXC3 y EXC4, garantizamos una trazabilidad absoluta des de la recepci\u00f3n hasta la incorporaci\u00f3n en obra.<\/p>\n<\/div><\/div><\/div>[\/vc_column_inner][vc_column_inner width=&#8221;1\/3&#8243;]<div data-id=\"mpc_callout-3769d541e4907e0\" class=\"mpc-callout mpc-init mpc-callout--style_3 \" ><div class=\"mpc-callout__icon-wrap\"><div class=\"mpc-callout__icon\"><i class=\"mpc-transition  icnm icnm-uni36\"><\/i><\/div><\/div><div class=\"mpc-callout__content\"><h3 class=\"mpc-callout__heading\">MONTAJE<\/h3><div class=\"mpc-callout__description\"><p>Realizamos planos de montaje para cada proyecto. Se suministran con marcas de montaje que indican su posici\u00f3n.<\/p>\n<\/div><\/div><\/div>[\/vc_column_inner][\/vc_row_inner][\/vc_column][\/vc_row][vc_row full_width=&#8221;stretch_row&#8221; disable_element=&#8221;yes&#8221; css=&#8221;.vc_custom_1513105737671{margin-top: 30px !important;padding-top: 20px !important;padding-bottom: 40px !important;}&#8221;][vc_column][vc_custom_heading text=&#8221;SOFTWARE&#8221; font_container=&#8221;tag:h1|text_align:center&#8221; google_fonts=&#8221;font_family:Open%20Sans%3A300%2C300italic%2Cregular%2Citalic%2C600%2C600italic%2C700%2C700italic%2C800%2C800italic|font_style:700%20bold%20regular%3A700%3Anormal&#8221; css=&#8221;.vc_custom_1512376529536{padding-top: 20px !important;border-radius: 2px !important;}&#8221;]<div data-id=\"mpc_divider-4469d541e490845\" class=\"mpc-divider-wrap\"><div class=\"mpc-divider mpc-init mpc-align--center \" ><div class=\"mpc-divider__line mpc-side--left\"><span><\/span><\/div><div class=\"mpc-divider__separator\"><div class=\"mpc-divider__content etl etl-desktop\"><\/div><\/div><div class=\"mpc-divider__line mpc-side--right\"><span><\/span><\/div><\/div><\/div>[vc_images_carousel images=&#8221;28103,28102,28101,28100,28099&#8243; img_size=&#8221;full&#8221; onclick=&#8221;link_no&#8221; slides_per_view=&#8221;5&#8243; hide_pagination_control=&#8221;yes&#8221; hide_prev_next_buttons=&#8221;yes&#8221;][\/vc_column][\/vc_row][vc_row full_width=&#8221;stretch_row_content_no_spaces&#8221; content_placement=&#8221;middle&#8221; first_background_type=&#8221;image&#8221; first_background_size=&#8221;cover&#8221; enable_parallax=&#8221;true&#8221; parallax_background=&#8221;27727&#8243; parallax_style=&#8221;classic-fast&#8221;][vc_column alignment=&#8221;center&#8221;][vc_empty_space height=&#8221;150px&#8221;]<div id=\"mpc_animated_text-4869d541e490879\" class=\"mpc-animated-text-wrap mpc-init mpc-transition mpc-style--typewrite \"  data-options=\"{&quot;style&quot;:&quot;typewrite&quot;,&quot;duration&quot;:&quot;1000&quot;,&quot;delay&quot;:&quot;2000&quot;,&quot;loop&quot;:true,&quot;dynamic&quot;:false}\"><div class=\"mpc-animated-text__side mpc-animated-text__before\">Escull l'acer perqu\u00e8 \u00e9s <\/div><div class=\"mpc-animated-text\"><div class=\"mpc-animated-text__block\"><span class=\"mpc-animated-text__word\">sostenible.<\/span><\/div><div class=\"mpc-animated-text__block\"><span class=\"mpc-animated-text__word\">vers\u00e0til.<\/span><\/div><div class=\"mpc-animated-text__block\"><span class=\"mpc-animated-text__word\">assequible.<\/span><\/div><div class=\"mpc-animated-text__block\"><span class=\"mpc-animated-text__word\">durable.<\/span><\/div><div class=\"mpc-animated-text__block\"><span class=\"mpc-animated-text__word\">d\u00factil.<\/span><\/div><\/div><\/div>[vc_empty_space height=&#8221;150px&#8221;][\/vc_column][\/vc_row][vc_row css=&#8221;.vc_custom_1481251098287{padding-top: 60px !important;}&#8221;][vc_column width=&#8221;1\/2&#8243; alignment=&#8221;center&#8221; offset=&#8221;vc_hidden-sm vc_hidden-xs&#8221;][vc_empty_space height=&#8221;30px&#8221;][vc_images_carousel images=&#8221;28353,28354,28355&#8243; img_size=&#8221;full&#8221; onclick=&#8221;link_no&#8221; autoplay=&#8221;yes&#8221; hide_prev_next_buttons=&#8221;yes&#8221; wrap=&#8221;yes&#8221; css=&#8221;.vc_custom_1513246603981{border-radius: 2px !important;}&#8221;][\/vc_column][vc_column width=&#8221;1\/2&#8243; css=&#8221;.vc_custom_1513939829716{padding-right: 40px !important;padding-left: 40px !important;}&#8221;][vc_custom_heading text=&#8221;AVANTATGES DE L&#8217;ACER&#8221; font_container=&#8221;tag:h1|text_align:left&#8221; google_fonts=&#8221;font_family:Open%20Sans%3A300%2C300italic%2Cregular%2Citalic%2C600%2C600italic%2C700%2C700italic%2C800%2C800italic|font_style:700%20bold%20regular%3A700%3Anormal&#8221; css=&#8221;.vc_custom_1517424648682{padding-top: 20px !important;border-radius: 2px !important;}&#8221;]<div data-id=\"mpc_divider-5869d541e4908bc\" class=\"mpc-divider-wrap\"><div class=\"mpc-divider mpc-init mpc-align--left mpc-disable--left \" ><div class=\"mpc-divider__line mpc-side--left\"><span><\/span><\/div><div class=\"mpc-divider__separator\"><div class=\"mpc-divider__content fa fa-circle-thin\"><\/div><\/div><div class=\"mpc-divider__line mpc-side--right\"><span><\/span><\/div><\/div><\/div>[vc_empty_space height=&#8221;20px&#8221;]<div id=\"mpc_accordion-4169d541e490958\" class=\"mpc-accordion mpc-init mpc-transition mpc-accordion--toggle \" ><ul class=\"mpc-accordion__content\"><li class=\"mpc-accordion__item \"><div class=\"mpc-accordion-item__heading mpc-transition mpc-active\"><div data-id=\"mpc_icon-3469d541e490914\" class=\"mpc-icon mpc-init mpc-transition mpc-effect-fade mpc-icon-hover \"><div class=\"mpc-icon-wrap\"><i class=\"mpc-icon-part mpc-regular mpc-transition  eti eti_circle-empty\"><\/i><i class=\"mpc-icon-part mpc-hover mpc-transition  eti eti_circle-slelected\"><\/i><\/div><\/div><h3>Sostenibilitat<\/h3><\/div><div class=\"mpc-accordion-item__content mpc-container\"  data-active=\"true\"><div class=\"mpc-accordion-item__wrapper\">[vc_column_text]Una gran part de l&#8217;acer es fabrica a base de materials reciclats i es pot tornar a reciclar al final de la seva vida \u00fatil. Cada any es reutilitzen m\u00e9s de 300 milions de tones de feralla, i aix\u00f2 fa que sigui el producte m\u00e9s reciclat del m\u00f3n.[\/vc_column_text]<\/div><\/div><\/li><li class=\"mpc-accordion__item \"><div class=\"mpc-accordion-item__heading mpc-transition\"><div data-id=\"mpc_icon-3469d541e490914\" class=\"mpc-icon mpc-init mpc-transition mpc-effect-fade mpc-icon-hover \"><div class=\"mpc-icon-wrap\"><i class=\"mpc-icon-part mpc-regular mpc-transition  eti eti_circle-empty\"><\/i><i class=\"mpc-icon-part mpc-hover mpc-transition  eti eti_circle-slelected\"><\/i><\/div><\/div><h3>Versatilitat<\/h3><\/div><div class=\"mpc-accordion-item__content mpc-container\" ><div class=\"mpc-accordion-item__wrapper\"><div id=\"mpc_textblock-569d541e490a74\" class=\"mpc-textblock mpc-init \"><p>Les estructures met\u00e0l\u00b7liques es poden adaptar amb gran facilitat a les necessitats del client a cada moment.\u00a0La seva adaptabilitat permet reposicionar o modificar f\u00e0cilment l\u2019estructura per ampliar o crear un nou \u00fas de l\u2019espai interior. D\u2019aquesta manera simplifica la construcci\u00f3 en el cas de futures expansions i alhora s\u2019incrementa la vida \u00fatil de l\u2019estructura.<\/p>\n<\/div><\/div><\/div><\/li><li class=\"mpc-accordion__item \"><div class=\"mpc-accordion-item__heading mpc-transition\"><div data-id=\"mpc_icon-3469d541e490914\" class=\"mpc-icon mpc-init mpc-transition mpc-effect-fade mpc-icon-hover \"><div class=\"mpc-icon-wrap\"><i class=\"mpc-icon-part mpc-regular mpc-transition  eti eti_circle-empty\"><\/i><i class=\"mpc-icon-part mpc-hover mpc-transition  eti eti_circle-slelected\"><\/i><\/div><\/div><h3>Assequibilitat<\/h3><\/div><div class=\"mpc-accordion-item__content mpc-container\" ><div class=\"mpc-accordion-item__wrapper\"><div id=\"mpc_textblock-1969d541e490b29\" class=\"mpc-textblock mpc-init \"><ul>\n<li>Construcci\u00f3 r\u00e0pida: pel seu proc\u00e9s industrialitzat, la construcci\u00f3 s\u2019executa en molt poc temps, i aix\u00f2 en redueix el cost total.<\/li>\n<li>Lleugeresa: la gran resist\u00e8ncia de l&#8217;acer per unitat de pes permet que les c\u00e0rregues permanents de l\u2019estructura siguin menors.<br \/>\nCom que es redueixen les c\u00e0rregues pr\u00f2pies, tots els elements de suport, des dels ciments, tindran unes dimensions inferiors, i tamb\u00e9 la mateixa estructura.<\/li>\n<li>Fiabilitat: el proc\u00e9s de fabricaci\u00f3 de les estructures met\u00e0l\u00b7liques en taller requereix uns controls exigents de qualitat (marcatge CE). D&#8217;aquesta manera redu\u00efm al m\u00ednim els errors i evitem la necessitat de corregir i modificar l\u2019estructura en obra.<\/li>\n<\/ul>\n<\/div><\/div><\/div><\/li><li class=\"mpc-accordion__item \"><div class=\"mpc-accordion-item__heading mpc-transition\"><div data-id=\"mpc_icon-3469d541e490914\" class=\"mpc-icon mpc-init mpc-transition mpc-effect-fade mpc-icon-hover \"><div class=\"mpc-icon-wrap\"><i class=\"mpc-icon-part mpc-regular mpc-transition  eti eti_circle-empty\"><\/i><i class=\"mpc-icon-part mpc-hover mpc-transition  eti eti_circle-slelected\"><\/i><\/div><\/div><h3>Durabilitat<\/h3><\/div><div class=\"mpc-accordion-item__content mpc-container\" ><div class=\"mpc-accordion-item__wrapper\"><div id=\"mpc_textblock-1569d541e490bca\" class=\"mpc-textblock mpc-init \"><p>L\u2019acer \u00e9s un material estable, molt homogeni i uniforme.<br \/>\nLes seves propietats varien molt poc al llarg del temps, amb un manteniment m\u00ednim.<\/p>\n<\/div><\/div><\/div><\/li><li class=\"mpc-accordion__item \"><div class=\"mpc-accordion-item__heading mpc-transition\"><div data-id=\"mpc_icon-3469d541e490914\" class=\"mpc-icon mpc-init mpc-transition mpc-effect-fade mpc-icon-hover \"><div class=\"mpc-icon-wrap\"><i class=\"mpc-icon-part mpc-regular mpc-transition  eti eti_circle-empty\"><\/i><i class=\"mpc-icon-part mpc-hover mpc-transition  eti eti_circle-slelected\"><\/i><\/div><\/div><h3>Ductilitat<\/h3><\/div><div class=\"mpc-accordion-item__content mpc-container\" ><div class=\"mpc-accordion-item__wrapper\">[vc_column_text]La ductilitat de l\u2019acer permet grans deformacions per tensions elevades sense arribar al col\u00b7lapse. Aquesta propietat adverteix mitjan\u00e7ant deformacions visibles o evid\u00e8ncies del possible col\u00b7lapse en cas de sobrec\u00e0rrega i facilita la correcci\u00f3 de l\u2019estructura.[\/vc_column_text]<\/div><\/div><\/li><\/ul><\/div>[\/vc_column][\/vc_row][vc_row full_width=&#8221;stretch_row&#8221; css=&#8221;.vc_custom_1509967951857{margin-top: 30px !important;padding-top: 20px !important;padding-bottom: 40px !important;background-color: #ff9900 !important;}&#8221;][vc_column]<div data-id=\"mpc_callout-1969d541e490cb7\" class=\"mpc-callout mpc-init mpc-callout--style_1 \" ><div class=\"mpc-callout__icon-wrap mpc-align--left\"><div class=\"mpc-callout__icon\"><i class=\"mpc-transition  fa fa-envelope\"><\/i><\/div><\/div><div class=\"mpc-callout__content\"><h3 class=\"mpc-callout__heading\">Contacte<\/h3><div class=\"mpc-callout__description\"><p>Posi&#8217;s en contacte amb nosaltres, estarem encantats d&#8217;atendre&#8217;l.<\/p>\n<\/div><\/div><div class=\"mpc-callout__button\"><a href=\"http:\/\/estructurasarque.com\/web\/index.php\/contacto\/\" target=\"\" title=\"Link\"  data-id=\"mpc_button-9769d541e490d2a\" class=\"mpc-button mpc-init mpc-transition \" ><div class=\"mpc-button__content mpc-effect-type--none mpc-effect-side--none\"><span class=\"mpc-button__title mpc-transition\">Contacte<\/span><\/div><div class=\"mpc-button__background mpc-transition mpc-effect-type--slide mpc-effect-side--left\"><\/div><\/a><\/div><\/div>[\/vc_column][\/vc_row][vc_row bg_type=&#8221;bg_color&#8221; bg_override=&#8221;full&#8221; animation_type=&#8221;h&#8221; horizontal_animation=&#8221;left-animation&#8221; vertical_animation=&#8221;top-animation&#8221; padding_top=&#8221;60px&#8221; css=&#8221;.vc_custom_1510220009498{padding-top: 20px !important;padding-bottom: 20px !important;}&#8221;][vc_column width=&#8221;1\/6&#8243;][vc_single_image image=&#8221;27958&#8243; img_size=&#8221;full&#8221; alignment=&#8221;center&#8221; onclick=&#8221;custom_link&#8221; img_link_target=&#8221;_blank&#8221; link=&#8221;http:\/\/www.ascem.org\/&#8221;][\/vc_column][vc_column width=&#8221;1\/6&#8243;][vc_single_image image=&#8221;27770&#8243; img_size=&#8221;full&#8221; alignment=&#8221;center&#8221; onclick=&#8221;custom_link&#8221; img_link_target=&#8221;_blank&#8221; link=&#8221;http:\/\/www.cecot.org\/&#8221;][\/vc_column][vc_column width=&#8221;1\/6&#8243;][vc_single_image image=&#8221;27769&#8243; img_size=&#8221;full&#8221; alignment=&#8221;center&#8221; onclick=&#8221;custom_link&#8221; img_link_target=&#8221;_blank&#8221; link=&#8221;https:\/\/confemetal.es\/&#8221;][\/vc_column][vc_column width=&#8221;1\/6&#8243;][vc_single_image image=&#8221;27772&#8243; img_size=&#8221;full&#8221; alignment=&#8221;center&#8221; onclick=&#8221;custom_link&#8221; img_link_target=&#8221;_blank&#8221; link=&#8221;https:\/\/www.steelconstruct.com\/site\/&#8221;][\/vc_column][vc_column width=&#8221;1\/6&#8243;][vc_single_image image=&#8221;27768&#8243; img_size=&#8221;100&#215;105&#8243; alignment=&#8221;center&#8221; onclick=&#8221;custom_link&#8221; img_link_target=&#8221;_blank&#8221; link=&#8221;http:\/\/www.lr.org\/en\/&#8221;][\/vc_column][vc_column width=&#8221;1\/6&#8243;][vc_single_image image=&#8221;27911&#8243; img_size=&#8221;full&#8221; alignment=&#8221;center&#8221; onclick=&#8221;custom_link&#8221; img_link_target=&#8221;_blank&#8221; link=&#8221;http:\/\/www.construmat.com\/ca\/home&#8221;][\/vc_column][\/vc_row]<\/p>\n","protected":false},"excerpt":{"rendered":"<p>[vc_row][vc_column css=&#8221;.vc_custom_1513939777043{padding-top: 40px !important;padding-right: 40px !important;padding-left: 40px !important;}&#8221;][vc_custom_heading text=&#8221;PER QU\u00c8 NOSALTRES?&#8221; font_container=&#8221;tag:h1|text_align:center&#8221; google_fonts=&#8221;font_family:Open%20Sans%3A300%2C300italic%2Cregular%2Citalic%2C600%2C600italic%2C700%2C700italic%2C800%2C800italic|font_style:700%20bold%20regular%3A700%3Anormal&#8221; css=&#8221;.vc_custom_1517566314475{padding-top: 20px !important;border-radius: 2px !important;}&#8221;][vc_empty_space height=&#8221;20px&#8221;][vc_empty_space height=&#8221;20px&#8221;][vc_empty_space height=&#8221;60px&#8221;][\/vc_column][\/vc_row][vc_row full_width=&#8221;stretch_row&#8221; disable_element=&#8221;yes&#8221; css=&#8221;.vc_custom_1513105066594{margin-top: 30px !important;padding-top: 20px !important;padding-bottom: 40px !important;}&#8221;][vc_column][vc_custom_heading text=&#8221;\u00bfPOR QU\u00c9 NOSOTROS?&#8221; font_container=&#8221;tag:h1|text_align:center&#8221; google_fonts=&#8221;font_family:Open%20Sans%3A300%2C300italic%2Cregular%2Citalic%2C600%2C600italic%2C700%2C700italic%2C800%2C800italic|font_style:700%20bold%20regular%3A700%3Anormal&#8221; css=&#8221;.vc_custom_1511897766809{padding-top: 20px !important;border-radius: 2px !important;}&#8221;][vc_empty_space height=&#8221;20px&#8221;][vc_row_inner css=&#8221;.vc_custom_1513104192805{padding-top: 40px !important;padding-bottom: 20px !important;}&#8221;][vc_column_inner width=&#8221;1\/3&#8243;][\/vc_column_inner][vc_column_inner width=&#8221;1\/3&#8243;][\/vc_column_inner][vc_column_inner width=&#8221;1\/3&#8243;][\/vc_column_inner][\/vc_row_inner][vc_row_inner css=&#8221;.vc_custom_1511977676729{padding-top: 40px !important;}&#8221;][vc_column_inner width=&#8221;1\/3&#8243;][\/vc_column_inner][vc_column_inner width=&#8221;1\/3&#8243;][\/vc_column_inner][vc_column_inner width=&#8221;1\/3&#8243;][\/vc_column_inner][\/vc_row_inner][\/vc_column][\/vc_row][vc_row<\/p>\n","protected":false},"author":1,"featured_media":0,"parent":0,"menu_order":0,"comment_status":"closed","ping_status":"closed","template":"","meta":[],"_links":{"self":[{"href":"https:\/\/estructurasarque.com\/ca\/wp-json\/wp\/v2\/pages\/28589"}],"collection":[{"href":"https:\/\/estructurasarque.com\/ca\/wp-json\/wp\/v2\/pages"}],"about":[{"href":"https:\/\/estructurasarque.com\/ca\/wp-json\/wp\/v2\/types\/page"}],"author":[{"embeddable":true,"href":"https:\/\/estructurasarque.com\/ca\/wp-json\/wp\/v2\/users\/1"}],"replies":[{"embeddable":true,"href":"https:\/\/estructurasarque.com\/ca\/wp-json\/wp\/v2\/comments?post=28589"}],"version-history":[{"count":4,"href":"https:\/\/estructurasarque.com\/ca\/wp-json\/wp\/v2\/pages\/28589\/revisions"}],"predecessor-version":[{"id":29308,"href":"https:\/\/estructurasarque.com\/ca\/wp-json\/wp\/v2\/pages\/28589\/revisions\/29308"}],"wp:attachment":[{"href":"https:\/\/estructurasarque.com\/ca\/wp-json\/wp\/v2\/media?parent=28589"}],"curies":[{"name":"wp","href":"https:\/\/api.w.org\/{rel}","templated":true}]}}